{"id":4357,"date":"2013-07-27T09:27:31","date_gmt":"2013-07-27T07:27:31","guid":{"rendered":"http:\/\/helensjoholm.nu\/_eng\/?page_id=4357"},"modified":"2022-03-15T15:17:41","modified_gmt":"2022-03-15T13:17:41","slug":"distinguished-guests-at-norra-berget-tonight-of-course-well-play-you-are-my-man","status":"publish","type":"page","link":"https:\/\/helensjoholm.nu\/_eng\/press-clips\/various-2013\/distinguished-guests-at-norra-berget-tonight-of-course-well-play-you-are-my-man\/","title":{"rendered":"Distinguished guests at Norra Berget tonight: &#8220;Of course we&#8217;ll play &#8216;You are my man'&#8221;"},"content":{"rendered":"<p><strong>Dagbladet 130725<\/strong><br \/>\nBy: Bj\u00f6rn Br\u00e5nfelt<\/p>\n<p><strong>For the first time in Sundsvall: BAO with Helen Sj\u00f6holm.<\/strong><br \/>\n<strong> &#8211; To get to sing with these guys at home in Sundsvall will be special, Helen Sj\u00f6holm says about the gig tonight.<\/strong><\/p>\n<p>Artist Helen Sj\u00f6holm, born and raised in Sundsvall, was discovered by Bj\u00f6rn Ulvaeus and &#8211; Benny Andersson.<br \/>\nShe got the part, and her big break, as Kristina in their musical &#8220;Kristina&#8221; (1995-1999), in competition with thousands of other applicants.<br \/>\nBenny Andersson, that&#8217;s who.<br \/>\nIt was he who wrote BAO&#8217;s Swedish record top chart song &#8220;You are my man&#8221; which Helen Sj\u00f6holm sang.<br \/>\n&#8211; He&#8217;s great to work with, but everyone in this gang are, says Helen Sj\u00f6holm.<\/p>\n<p>Benny Andersson Band consists of 16 people &#8211; where beloved artists Kalle Moraeus and Tommy K\u00f6rberg are included &#8211; and do eight shows including the premiere in Gothenburg on July 18. They bring their own dance floor.<br \/>\n&#8211; It&#8217;s a special tour because we play for a dancing audience, says Helen Sj\u00f6holm.<br \/>\n&#8211; It&#8217;s like a dance orchestra evening from the 1920-1930&#8217;s, she says.<\/p>\n<p>The gig tonight is still something extra:<br \/>\n&#8211; I&#8217;ve never sung with BAO in Sundsvall before, that makes it extra fun, says Helen Sj\u00f6holm.<br \/>\n&#8211; I have also rediscovered Norra Berget, which is an amazing place. I usually go to the lookout tower or Grankotten when I&#8217;m in Sundsvall.<\/p>\n<p><strong>Are you home in Sundsvall often?<\/strong><br \/>\n&#8211; Quite often. I still have family and friends in Sundsvall.<br \/>\nShe says she is left in peace during her visits.<br \/>\n&#8211; Sometimes I get recognized in town but people are generally nice.<\/p>\n<p>Benny Andersson Band has a long list of hits behind them &#8211; and quite a few of them they will perform.<br \/>\n<strong>Do you sing &#8220;You are my man&#8221;?<\/strong><br \/>\n&#8211; Of course. But not only that &#8211; and not just hits. We have so much more in the repertoire, says Helen Sj\u00f6holm.<\/p>\n<p><a title=\"Distinguished guests at Norra Berget tonight\" href=\"https:\/\/helensjoholm.nu\/_eng\/press-clips\/various-2013\/\">Back<\/a><\/p>\n","protected":false},"excerpt":{"rendered":"<p>Dagbladet 130725 By: Bj\u00f6rn Br\u00e5nfelt For the first time in Sundsvall: BAO with Helen Sj\u00f6holm. &#8211; To get to sing with these guys at home <a class=\"more-link\" href=\"https:\/\/helensjoholm.nu\/_eng\/press-clips\/various-2013\/distinguished-guests-at-norra-berget-tonight-of-course-well-play-you-are-my-man\/\">Read More &#8230;<\/a><\/p>\n","protected":false},"author":1,"featured_media":0,"parent":822,"menu_order":0,"comment_status":"closed","ping_status":"closed","template":"","meta":{"ngg_post_thumbnail":0,"footnotes":""},"class_list":["post-4357","page","type-page","status-publish","hentry"],"aioseo_notices":[],"_links":{"self":[{"href":"https:\/\/helensjoholm.nu\/_eng\/wp-json\/wp\/v2\/pages\/4357","targetHints":{"allow":["GET"]}}],"collection":[{"href":"https:\/\/helensjoholm.nu\/_eng\/wp-json\/wp\/v2\/pages"}],"about":[{"href":"https:\/\/helensjoholm.nu\/_eng\/wp-json\/wp\/v2\/types\/page"}],"author":[{"embeddable":true,"href":"https:\/\/helensjoholm.nu\/_eng\/wp-json\/wp\/v2\/users\/1"}],"replies":[{"embeddable":true,"href":"https:\/\/helensjoholm.nu\/_eng\/wp-json\/wp\/v2\/comments?post=4357"}],"version-history":[{"count":0,"href":"https:\/\/helensjoholm.nu\/_eng\/wp-json\/wp\/v2\/pages\/4357\/revisions"}],"up":[{"embeddable":true,"href":"https:\/\/helensjoholm.nu\/_eng\/wp-json\/wp\/v2\/pages\/822"}],"wp:attachment":[{"href":"https:\/\/helensjoholm.nu\/_eng\/wp-json\/wp\/v2\/media?parent=4357"}],"curies":[{"name":"wp","href":"https:\/\/api.w.org\/{rel}","templated":true}]}}