{"id":4158,"date":"2013-07-03T22:28:39","date_gmt":"2013-07-03T20:28:39","guid":{"rendered":"http:\/\/helensjoholm.nu\/_eng\/?page_id=4158"},"modified":"2022-03-15T15:17:49","modified_gmt":"2022-03-15T13:17:49","slug":"lost-in-kalmar","status":"publish","type":"page","link":"https:\/\/helensjoholm.nu\/_eng\/press-clips\/various-2013\/lost-in-kalmar\/","title":{"rendered":"Lost in Kalmar"},"content":{"rendered":"<p><img loading=\"lazy\" decoding=\"async\" title=\"KalmarPosten 130627\" src=\"https:\/\/helensjoholm.nu\/_eng\/wp-content\/gallery\/pressklipp-2013-2015\/bao_gruppbild_2011.jpg\" alt=\"KalmarPosten 130627\" width=\"600\" height=\"323\"><em><br \/>\nBenny Andersson Band consists of 16 musicians, and together they offer a<\/em><br \/>\n<em>unique, dance-friendly sound that applies to most people\u2019s taste.<\/em><\/p>\n<p><strong>KalmarPosten 130627<\/strong><b><\/b><\/p>\n<p>By:&nbsp;SOFIA EKHOLM<br \/>\nPhoto: CARL HJELTE<\/p>\n<p><strong>Helen Sj\u00f6holm:<\/strong><br \/>\n<strong>LOST IN KALMAR<\/strong><\/p>\n<p><strong>On July 20, one of Sweden&#8217;s greatest singers, Helen Sj\u00f6holm, visits Kalmar. She\u2019s not alone on stage, one of those&nbsp;she performs with is no one less than her own big musical role model.<\/strong><br \/>\n<strong> &#8211; Tommy K\u00f6rberg is the greatest singer we\u00b4ve had in this country, he is incredible!<\/strong><\/p>\n<p>Well, Helen Sj\u00f6holm isn\u00b4t too bad herself. Though she doesn\u2019t have any proper singing education, through her voice, feeling, and in roles like Kristina fr\u00e5n Duvem\u00e5la and Gabriella in the film S\u00e5 som i himmelen (As it is in heaven) she has taken a big place in the hearts of the Swedes.<br \/>\nWhen the Kalmar Post calls it\u00b4s a harmonious and eloquent Helen who calmly responds vividly to the questions with a calm and clear voice. Within a few weeks it\u00b4s time for her to pack her bags and go for an eight-concert long tour with BAB &#8211; Benny Andersson Band, through Sweden. The tour starts in Gothenburg on July 18 and ends in Stockholm nine days later. In between she and the 16 men strong ensemble make stops in Helsingborg, Kalmar, Trosa, Pite\u00e5, Sundsvall and Leksand. Sk\u00e4lby is the place for the people&#8217;s park inspired concert in this&nbsp;town and Helen promises an evening of dance and different kinds of music.<br \/>\n&#8211; It will be an evening based on dancing,&nbsp;often we gig between three and four hours.<br \/>\nHelen herself is no whiz at dancing, she&nbsp;rather stays on stage.<br \/>\n&#8211; But I danced folk dance when I was little, so I know the basics of schottis and a little waltz.<br \/>\nShe thinks it\u00b4s wonderful that the concept is based on people&#8217;s park&nbsp;dances of old time.<br \/>\n&#8211; It\u00b4s amazing to stand and watch people dance. The concert is really a festival for all generations!<\/p>\n<p><strong>Like a family reunion<\/strong><br \/>\nNow it\u00b4s been two years since BAO was on&nbsp;summer tour and Helen looks forward to hanging out with the musicians and their families.<br \/>\n&#8211; It&#8217;s like a family reunion, we eat well and live well and since we see each other so seldom we have insanely fun!<br \/>\nThe concert repertoire consists of everything from Bach to ABBA.<br \/>\n&#8211; BAO consists of a unique composition of musicians with people from the opera genre, the philharmonics, folk musicians and pop and rock musicians \u2013 that makes for a special sound that people usually appreciate.<br \/>\nSince 2006 Helen is married to sound engineer David Granditsky. During the tour he stays at home in Nacka with the couple&#8217;s youngest children, twins Samuel and Johanna, a year and a half old. But seven-year-old son Ruben will accompany mum on the tour.<\/p>\n<p><strong>A lonely profession<\/strong><br \/>\nThrough her career Helen has had the privilege to work with some of Sweden&#8217;s greatest musicians, Tommy K\u00f6rberg, Bj\u00f6rn Ulvaeus, Benny Andersson, Anders Glennmark, Bj\u00f6rn Skifs, Jojje Wadenius and Martin \u00d6stergren, to name a few.<br \/>\n&#8211; I&#8217;ve been so damn lucky to work with such incredible musicians!<br \/>\nShe has worked extensively with both Tommy K\u00f6rberg, whom Helen describes as one of the greatest Swedish&nbsp;singers, as well as Jojje Wadenius and Martin \u00d6stergren, the co-operation with the last two go back fifteen years. Tommy she has listened to since she was twelve years old.<br \/>\n&#8211; It can be a rather lonely profession so it\u00b4s&nbsp;incredibly nice to reconnect with them, Helen says.<\/p>\n<p>This autumn Helen visits Kalmar again, already on October 26 she stands at the Kalmar Hall stage together with constant companions Jojje and Martin and musicians Ulric Johanson and Tomas Bergquist.<br \/>\nThe concerts of the autumn tour will include both old and new songs. Folk, pop and musical, from Benny Andersson to Tomas Andersson Wij.<br \/>\nHelen has visited the region before, both Kalmar Hall and Borgholm Castle have been scenes for the beloved singer. But she\u2019s not completely familiar with the area.<br \/>\n&#8211; I usually go for walks when I&#8217;m out on tour. Once when I visited&nbsp;Kalmar Castle I kept walking outwards and don\u00b4t know where I ended up, but I managed to get back and was ready seven minutes before the concert began, sweaty &#8211; but in place!<\/p>\n<p><a title=\"https:\/\/helensjoholm.nu\/_eng\/press-clips\/various-2013\/\" href=\"https:\/\/helensjoholm.nu\/_eng\/press-clips\/various-2013\/\">Back<\/a><\/p>\n","protected":false},"excerpt":{"rendered":"<p>Benny Andersson Band consists of 16 musicians, and together they offer a unique, dance-friendly sound that applies to most people\u2019s taste. KalmarPosten 130627 By:&nbsp;SOFIA EKHOLM <a class=\"more-link\" href=\"https:\/\/helensjoholm.nu\/_eng\/press-clips\/various-2013\/lost-in-kalmar\/\">Read More &#8230;<\/a><\/p>\n","protected":false},"author":1,"featured_media":0,"parent":822,"menu_order":0,"comment_status":"closed","ping_status":"closed","template":"","meta":{"ngg_post_thumbnail":0,"footnotes":""},"class_list":["post-4158","page","type-page","status-publish","hentry"],"aioseo_notices":[],"_links":{"self":[{"href":"https:\/\/helensjoholm.nu\/_eng\/wp-json\/wp\/v2\/pages\/4158","targetHints":{"allow":["GET"]}}],"collection":[{"href":"https:\/\/helensjoholm.nu\/_eng\/wp-json\/wp\/v2\/pages"}],"about":[{"href":"https:\/\/helensjoholm.nu\/_eng\/wp-json\/wp\/v2\/types\/page"}],"author":[{"embeddable":true,"href":"https:\/\/helensjoholm.nu\/_eng\/wp-json\/wp\/v2\/users\/1"}],"replies":[{"embeddable":true,"href":"https:\/\/helensjoholm.nu\/_eng\/wp-json\/wp\/v2\/comments?post=4158"}],"version-history":[{"count":0,"href":"https:\/\/helensjoholm.nu\/_eng\/wp-json\/wp\/v2\/pages\/4158\/revisions"}],"up":[{"embeddable":true,"href":"https:\/\/helensjoholm.nu\/_eng\/wp-json\/wp\/v2\/pages\/822"}],"wp:attachment":[{"href":"https:\/\/helensjoholm.nu\/_eng\/wp-json\/wp\/v2\/media?parent=4158"}],"curies":[{"name":"wp","href":"https:\/\/api.w.org\/{rel}","templated":true}]}}