{"id":3444,"date":"2013-06-08T14:00:02","date_gmt":"2013-06-08T12:00:02","guid":{"rendered":"http:\/\/helensjoholm.nu\/_eng\/?page_id=3444"},"modified":"2022-05-07T16:15:10","modified_gmt":"2022-05-07T14:15:10","slug":"lyrics-var-sista-dans","status":"publish","type":"page","link":"https:\/\/helensjoholm.nu\/_eng\/1992-2002\/benny-anderssons-orkester\/lyrics-var-sista-dans\/","title":{"rendered":"V\u00e5r sista dans"},"content":{"rendered":"<p>H\u00e5ll i mig h\u00e5rt och h\u00e5ll mig n\u00e4ra<br \/>\nge mig en sista chans<br \/>\nMinns att jag en g\u00e5ng var din k\u00e4ra<br \/>\n\u00e4r det mycket att beg\u00e4ra<\/p>\n<p>H\u00e5ll mig en sista g\u00e5ng jag ber dig<br \/>\nsom ingen annan fanns<br \/>\njag kanske aldrig mer f\u00e5r se dig<br \/>\ndet \u00e4r v\u00e5r sista dans<\/p>\n<p>Det fanns en man jag en g\u00e5ng k\u00e4nde<br \/>\nf\u00f6r l\u00e4ngesen n\u00e5nstans<br \/>\nDet var ig\u00e5r som allting h\u00e4nde<br \/>\nl\u00f6ften br\u00f6ts och v\u00e4rlden v\u00e4nde<\/p>\n<p>S\u00e5 h\u00e5ll mig h\u00e5rt \u00e4r allt jag ber dig<br \/>\nsom ingen annan fanns<br \/>\nJag kanske aldrig mer f\u00e5r se dig<br \/>\ndet \u00e4r v\u00e5r sista dans<\/p>\n<p>N\u00e4r musiken d\u00f6r ut<br \/>\noch dansgolvet t\u00f6ms ska jag st\u00e5<br \/>\nensam kvar, det \u00e4r slut<br \/>\nf\u00f6rkrossad ska jag se dig g\u00e5<\/p>\n<p>H\u00e5ll mig en sista g\u00e5ng jag ber dig<br \/>\nsom ingen annan fanns<br \/>\nJag kanske aldrig mer f\u00e5r se dig<br \/>\ndet \u00e4r v\u00e5r sista dans<\/p>\n<p>H\u00e5ll i mig h\u00e5rt och h\u00e5ll mig n\u00e4ra<br \/>\nge mig en sista chans<\/p>\n<p>N\u00e4r musiken d\u00f6r ut<br \/>\noch dansgolvet t\u00f6ms ska jag st\u00e5<br \/>\nensam kvar, det \u00e4r slut<br \/>\nf\u00f6rkrossad ska jag se dig g\u00e5<\/p>\n<p>S\u00e5 h\u00e5ll i mig h\u00e5rt \u00e4r allt jag ber dig<br \/>\nsom ingen annan fanns<br \/>\nJag kanske aldrig mer f\u00e5r se dig<br \/>\ndet \u00e4r v\u00e5r sista dans<br \/>\nJag kanske aldrig mer f\u00e5r se dig<br \/>\ndet \u00e4r v\u00e5r sista dans<\/p>\n<p><em>\u00a9 2001 Mono Music AB<\/em><\/p>\n<p><a title=\"Benny Anderssons Orkester\" href=\"https:\/\/helensjoholm.nu\/_eng\/1992-2002\/benny-anderssons-orkester\/\">Back<\/a><\/p>\n","protected":false},"excerpt":{"rendered":"<p>H\u00e5ll i mig h\u00e5rt och h\u00e5ll mig n\u00e4ra ge mig en sista chans Minns att jag en g\u00e5ng var din k\u00e4ra \u00e4r det mycket att <a class=\"more-link\" href=\"https:\/\/helensjoholm.nu\/_eng\/1992-2002\/benny-anderssons-orkester\/lyrics-var-sista-dans\/\">Read More &#8230;<\/a><\/p>\n","protected":false},"author":1,"featured_media":0,"parent":3436,"menu_order":0,"comment_status":"closed","ping_status":"closed","template":"","meta":{"ngg_post_thumbnail":0,"footnotes":""},"class_list":["post-3444","page","type-page","status-publish","hentry"],"aioseo_notices":[],"_links":{"self":[{"href":"https:\/\/helensjoholm.nu\/_eng\/wp-json\/wp\/v2\/pages\/3444","targetHints":{"allow":["GET"]}}],"collection":[{"href":"https:\/\/helensjoholm.nu\/_eng\/wp-json\/wp\/v2\/pages"}],"about":[{"href":"https:\/\/helensjoholm.nu\/_eng\/wp-json\/wp\/v2\/types\/page"}],"author":[{"embeddable":true,"href":"https:\/\/helensjoholm.nu\/_eng\/wp-json\/wp\/v2\/users\/1"}],"replies":[{"embeddable":true,"href":"https:\/\/helensjoholm.nu\/_eng\/wp-json\/wp\/v2\/comments?post=3444"}],"version-history":[{"count":0,"href":"https:\/\/helensjoholm.nu\/_eng\/wp-json\/wp\/v2\/pages\/3444\/revisions"}],"up":[{"embeddable":true,"href":"https:\/\/helensjoholm.nu\/_eng\/wp-json\/wp\/v2\/pages\/3436"}],"wp:attachment":[{"href":"https:\/\/helensjoholm.nu\/_eng\/wp-json\/wp\/v2\/media?parent=3444"}],"curies":[{"name":"wp","href":"https:\/\/api.w.org\/{rel}","templated":true}]}}