{"id":3436,"date":"2013-06-08T13:56:25","date_gmt":"2013-06-08T11:56:25","guid":{"rendered":"http:\/\/helensjoholm.nu\/_eng\/?page_id=3436"},"modified":"2023-07-16T13:15:39","modified_gmt":"2023-07-16T11:15:39","slug":"benny-anderssons-orkester","status":"publish","type":"page","link":"https:\/\/helensjoholm.nu\/_eng\/1992-2002\/benny-anderssons-orkester\/","title":{"rendered":"Benny Anderssons Orkester"},"content":{"rendered":"<table border=\"0\" align=\"left\">\n<tbody>\n<tr>\n<td><img loading=\"lazy\" decoding=\"async\" class=\"alignnone\" title=\"Benny Anderssons Orkester (2001)\" src=\"https:\/\/helensjoholm.nu\/_eng\/wp-content\/gallery\/diskografi-1992-2002\/cd_bao-2.jpg\" alt=\"Benny Anderssons Orkester (2001)\" width=\"100\" height=\"100\"><\/td>\n<td valign=\"top\"><strong>BENNY ANDERSSONS&nbsp;ORKESTER<\/strong><br \/>\nBenny Andersson Band<br \/>\nMono Music AB (2001)<\/td>\n<\/tr>\n<tr>\n<td colspan=\"2\"><strong>Music:<\/strong> Benny Andersson<br \/>\n<strong>Lyrics:<\/strong> Bjorn Ulvaeus<br \/>\n<strong>Arrangements:<\/strong> Benny Andersson and G\u00f6ran Arnberg<\/p>\n<hr>\n<p>Note that it\u00b4s against the law to publish lyrics, or translations of lyrics, without permission from the author!<br \/>\nWith the help of <a href=\"http:\/\/translate.google.se\/#sv|en|\" target=\"_blank\" rel=\"noopener noreferrer\">Google Translator<\/a> you can, however, translate the lyrics for your own use<\/p>\n<hr>\n<\/td>\n<\/tr>\n<tr>\n<td colspan=\"2\"><strong>1. <\/strong>Hardangervidda<\/td>\n<\/tr>\n<tr>\n<td colspan=\"2\"><strong>2. <\/strong>Snedseglarn<\/td>\n<\/tr>\n<tr>\n<td colspan=\"2\"><strong><strong><strong> 3. <\/strong><\/strong><\/strong>Cirkus Finemang<\/td>\n<\/tr>\n<tr>\n<td colspan=\"2\"><strong>4.<\/strong> <strong>V\u00e5r sista dans &#8211; Helen Sj\u00f6holm<\/strong>&nbsp;<a title=\"V\u00e5r sista dans\" href=\"https:\/\/helensjoholm.nu\/_eng\/1992-2002\/benny-anderssons-orkester\/lyrics-var-sista-dans\/\">(lyrics)<\/a><\/td>\n<\/tr>\n<tr>\n<td colspan=\"2\"><strong>5. <\/strong>Briggens bl\u00e5\u00f6gda blonda kapten<\/td>\n<\/tr>\n<tr>\n<td colspan=\"2\"><strong>6. <\/strong> Knasluvan<\/td>\n<\/tr>\n<tr>\n<td colspan=\"2\"><strong>7. <\/strong>Anitas polska<\/td>\n<\/tr>\n<tr>\n<td colspan=\"2\"><strong>8. <\/strong> Schottis i Tyrolen<\/td>\n<\/tr>\n<tr>\n<td colspan=\"2\"><strong>9. <\/strong> S\u00e5ng fr\u00e5n andra v\u00e5ningen<\/td>\n<\/tr>\n<tr>\n<td colspan=\"2\"><strong>10. <\/strong>Lauren<\/td>\n<\/tr>\n<tr>\n<td colspan=\"2\"><strong>11. <\/strong> T\u00f6sabiten<\/td>\n<\/tr>\n<tr>\n<td colspan=\"2\"><strong>12. <\/strong> Nya M\u00e5nvalsen<\/td>\n<\/tr>\n<tr>\n<td colspan=\"2\"><strong>13. <\/strong> <strong>L\u00e4tt som en sommarfj\u00e4ril<\/strong> <strong>&#8211; Helen Sj\u00f6holm<\/strong>&nbsp;<a title=\"L\u00e4tt som en sommarfj\u00e4ril\" href=\"https:\/\/helensjoholm.nu\/_eng\/1992-2002\/benny-anderssons-orkester\/lyrics-latt-som-en-sommarfjaril\/\">(lyrics)<\/a><\/td>\n<\/tr>\n<tr>\n<td colspan=\"2\"><strong>14. <\/strong>P.S.<\/td>\n<\/tr>\n<\/tbody>\n<\/table>\n<table border=\"0\" align=\"left\">\n<tbody>\n<tr>\n<td valign=\"top\"><img loading=\"lazy\" decoding=\"async\" class=\"alignnone\" title=\"Single: V\u00e5r sista dans (2001)\" src=\"https:\/\/helensjoholm.nu\/_eng\/wp-content\/gallery\/diskografi-1992-2002\/singel_varsistadansmmcd-s125_2001.jpg\" alt=\"Single: V\u00e5r sista dans (2001)\" width=\"100\" height=\"100\"><\/td>\n<td valign=\"top\"><strong> SINGLE<\/strong><br \/>\n<strong>V\u00c5R SISTA DANS<br \/>\n<\/strong> (2001)<\/td>\n<\/tr>\n<\/tbody>\n<\/table>\n<h5>Listen!<\/h5>\n<hr>\n<p><iframe title=\"Spotify Embed: Benny Anderssons Orkester\" style=\"border-radius: 12px\" width=\"100%\" height=\"352\" frameborder=\"0\" allowfullscreen allow=\"autoplay; clipboard-write; encrypted-media; fullscreen; picture-in-picture\" loading=\"lazy\" src=\"https:\/\/open.spotify.com\/embed\/album\/1s5COefw7fWcruo5qMkfUj?utm_source=oembed\"><\/iframe><\/p>\n<p><a title=\"Albums 1992 - 2002\" href=\"https:\/\/helensjoholm.nu\/_eng\/1992-2002\/\">Back<\/a><\/p>\n","protected":false},"excerpt":{"rendered":"<p>BENNY ANDERSSONS&nbsp;ORKESTER Benny Andersson Band Mono Music AB (2001) Music: Benny Andersson Lyrics: Bjorn Ulvaeus Arrangements: Benny Andersson and G\u00f6ran Arnberg Note that it\u00b4s against <a class=\"more-link\" href=\"https:\/\/helensjoholm.nu\/_eng\/1992-2002\/benny-anderssons-orkester\/\">Read More &#8230;<\/a><\/p>\n","protected":false},"author":1,"featured_media":0,"parent":175,"menu_order":0,"comment_status":"closed","ping_status":"open","template":"","meta":{"ngg_post_thumbnail":0,"footnotes":""},"class_list":["post-3436","page","type-page","status-publish","hentry"],"aioseo_notices":[],"_links":{"self":[{"href":"https:\/\/helensjoholm.nu\/_eng\/wp-json\/wp\/v2\/pages\/3436","targetHints":{"allow":["GET"]}}],"collection":[{"href":"https:\/\/helensjoholm.nu\/_eng\/wp-json\/wp\/v2\/pages"}],"about":[{"href":"https:\/\/helensjoholm.nu\/_eng\/wp-json\/wp\/v2\/types\/page"}],"author":[{"embeddable":true,"href":"https:\/\/helensjoholm.nu\/_eng\/wp-json\/wp\/v2\/users\/1"}],"replies":[{"embeddable":true,"href":"https:\/\/helensjoholm.nu\/_eng\/wp-json\/wp\/v2\/comments?post=3436"}],"version-history":[{"count":0,"href":"https:\/\/helensjoholm.nu\/_eng\/wp-json\/wp\/v2\/pages\/3436\/revisions"}],"up":[{"embeddable":true,"href":"https:\/\/helensjoholm.nu\/_eng\/wp-json\/wp\/v2\/pages\/175"}],"wp:attachment":[{"href":"https:\/\/helensjoholm.nu\/_eng\/wp-json\/wp\/v2\/media?parent=3436"}],"curies":[{"name":"wp","href":"https:\/\/api.w.org\/{rel}","templated":true}]}}