{"id":3107,"date":"2013-06-06T08:47:25","date_gmt":"2013-06-06T06:47:25","guid":{"rendered":"http:\/\/helensjoholm.nu\/_eng\/?page_id=3107"},"modified":"2021-01-05T18:23:37","modified_gmt":"2021-01-05T16:23:37","slug":"lasses-favourites","status":"publish","type":"page","link":"https:\/\/helensjoholm.nu\/_eng\/2003-2005\/lasses-favourites\/","title":{"rendered":"Lasses favourites"},"content":{"rendered":"<table align=\"left\" border=\"0\">\n<tbody>\n<tr>\n<td valign=\"top\"><img loading=\"lazy\" decoding=\"async\" width=\"100\" height=\"100\" title=\"Lasses Favourites (2003)\" class=\"alignnone\" alt=\"Lasses Favourites (2003)\" src=\"https:\/\/helensjoholm.nu\/_eng\/wp-content\/gallery\/dislkografi-2003-2005\/cd_lassesfavoriter_2003.jpg\"><\/td>\n<td valign=\"top\"><strong>LASSES FAVOURITES: THE 54 BEST ARTISTS AND SONGS FROM<br \/>\nALLS\u00c5NG P\u00c5 SKANSEN 1994-2003, SELECTED BY LASSE BERGHAGEN<\/strong><br \/>\nFrituna (2003)<\/td>\n<\/tr>\n<tr>\n<td colspan=\"2\"><strong>CD 1 <\/strong><\/td>\n<\/tr>\n<tr>\n<td colspan=\"2\"><strong>1. <\/strong> Stockholm i mitt hj\u00e4rta &#8211; Lasse Berghagen<\/td>\n<\/tr>\n<tr>\n<td colspan=\"2\"><strong>2. <\/strong> Sommaren \u00e4r kort &#8211; Tomas Ledin<\/td>\n<\/tr>\n<tr>\n<td colspan=\"2\"><strong> 3. <\/strong>Give Me Your Love &#8211; Fame<\/td>\n<\/tr>\n<tr>\n<td colspan=\"2\"><strong>4.<\/strong> Den sista valsen &#8211; Svante Thuresson<\/td>\n<\/tr>\n<tr>\n<td colspan=\"2\"><strong>5. <\/strong> \u00c4lska mig &#8211; Ainbusk<\/td>\n<\/tr>\n<tr>\n<td colspan=\"2\"><strong>6. <\/strong> Kopp\u00e5ngen &#8211; Kalle Moreus &amp; Hej Kalle<\/td>\n<\/tr>\n<tr>\n<td colspan=\"2\"><strong>7. <\/strong> \u00d6ppna din d\u00f6rr &#8211; Tommy Nilsson<\/td>\n<\/tr>\n<tr>\n<td colspan=\"2\"><strong>8. <\/strong> Like an Angel Passing Throug My Room &#8211; Anne Sofie von Otter<\/td>\n<\/tr>\n<tr>\n<td colspan=\"2\"><strong>9. <\/strong> Rocka p\u00e5 &#8211; Markoolio<\/td>\n<\/tr>\n<tr>\n<td colspan=\"2\"><strong>10.<\/strong> S\u00e5ngen han sj\u00f6ng var min egen (Killing Me Softly with His Song) &#8211; Lill Lindfors<\/td>\n<\/tr>\n<tr>\n<td colspan=\"2\"><strong>11. <\/strong> Juninatten &#8211; Sven-Ingvars<\/td>\n<\/tr>\n<tr>\n<td colspan=\"2\"><strong>12.<\/strong> Rulla in en boll &#8211; G\u00f6sta Linderholm<\/td>\n<\/tr>\n<tr>\n<td colspan=\"2\"><strong>13. <\/strong>Vitabergspredikan &#8211; Stefan Sundstr\u00f6m<\/td>\n<\/tr>\n<tr>\n<td colspan=\"2\"><strong>14. <\/strong>Nattens musik &#8211; Mikael Samuelsson<\/td>\n<\/tr>\n<tr>\n<td colspan=\"2\"><strong>15. <\/strong>Bygg upp ett stort berg &#8211; Jan Malmsj\u00f6<\/td>\n<\/tr>\n<tr>\n<td colspan=\"2\"><strong>16. <\/strong>Macken &#8211; Galenskaparna &amp; Aftershave<\/td>\n<\/tr>\n<tr>\n<td colspan=\"2\"><strong>17. <\/strong>Varje g\u00e5ng jag ser dig &#8211; Lisa Nilsson<\/td>\n<\/tr>\n<tr>\n<td colspan=\"2\"><strong>18. <strong>V\u00e5r sista dans &#8211; Benny Anderssons orkester &amp; Helen Sj\u00f6holm<\/strong> <\/strong><\/td>\n<\/tr>\n<tr>\n<td colspan=\"2\"><strong><strong>CD 2<\/strong><\/strong><\/td>\n<\/tr>\n<tr>\n<td colspan=\"2\"><strong><strong>1. <\/strong><\/strong>Crazy in Love &#8211; Jill Johnson<\/td>\n<\/tr>\n<tr>\n<td colspan=\"2\"><strong><strong>2. <\/strong><\/strong>K\u00e4nn ingen sorg f\u00f6r mig G\u00f6teborg &#8211; H\u00e5kan Hellstr\u00f6m<\/td>\n<\/tr>\n<tr>\n<td colspan=\"2\"><strong><strong>3. <\/strong><\/strong> En clown i mina kl\u00e4der &#8211; Totta N\u00e4slund<\/td>\n<\/tr>\n<tr>\n<td colspan=\"2\"><strong><strong>4. <\/strong><\/strong>\u00c4r du k\u00e4r i mig \u00e4nnu, Klas-G\u00f6ran? &#8211; Lill-Babs<\/td>\n<\/tr>\n<tr>\n<td colspan=\"2\"><strong><strong>5. <\/strong><\/strong>Mio min Mio &#8211; Dana Dragomir<\/td>\n<\/tr>\n<tr>\n<td colspan=\"2\"><strong><strong>6. <\/strong><\/strong>F\u00f6rlorad igen &#8211; Niklas Str\u00f6mstedt<\/td>\n<\/tr>\n<tr>\n<td colspan=\"2\"><strong><strong>7. <\/strong><\/strong>I m\u00f6rkret med dig &#8211; Bj\u00f6rn Skifs<\/td>\n<\/tr>\n<tr>\n<td colspan=\"2\"><strong><strong>8. <\/strong><\/strong>Never Let It Go &#8211; Afro-Dite<\/td>\n<\/tr>\n<tr>\n<td colspan=\"2\"><strong><strong>9. <\/strong><\/strong> Canneloni Macaroni &#8211; Lasse Holm<\/td>\n<\/tr>\n<tr>\n<td colspan=\"2\"><strong><strong>10. <\/strong><\/strong>Kom hem &#8211; Barbados<\/td>\n<\/tr>\n<tr>\n<td colspan=\"2\"><strong><strong>11. <\/strong><\/strong>Bl\u00e5, bl\u00e5 \u00e4r himmelen &#8211; Lotta Engberg<\/td>\n<\/tr>\n<tr>\n<td colspan=\"2\"><strong><strong>12. <\/strong><\/strong>D\u00e4r bj\u00f6rkarna susar &#8211; Robert Wells<\/td>\n<\/tr>\n<tr>\n<td colspan=\"2\"><strong><strong>13. <\/strong><\/strong>Till en f\u00e5gel &#8211; Sanna Nielsen<\/td>\n<\/tr>\n<tr>\n<td colspan=\"2\"><strong><strong>14. <\/strong><\/strong>H\u00e4r kommer k\u00e4rleken &#8211; Idolerna<\/td>\n<\/tr>\n<tr>\n<td colspan=\"2\"><strong><strong>15. <\/strong><\/strong>La&#8217; de&#8217; leva &#8211; Danne Str\u00e5hed<\/td>\n<\/tr>\n<tr>\n<td colspan=\"2\"><strong><strong>16. <\/strong><\/strong>Banankontakt &#8211; Electric Banana Band<\/td>\n<\/tr>\n<tr>\n<td colspan=\"2\"><strong><strong>17. <\/strong><\/strong>Cure for You &#8211; Martin Stenmark<\/td>\n<\/tr>\n<tr>\n<td colspan=\"2\"><strong><strong>18. <\/strong><\/strong>Som en bro \u00f6ver m\u00f6rka vatten (Bridge over Troubled Water) &#8211; Tommy K\u00f6rberg<\/td>\n<\/tr>\n<tr>\n<td colspan=\"2\"><strong> CD 3<\/strong><\/td>\n<\/tr>\n<tr>\n<td colspan=\"2\"><strong>1. <\/strong> 911 &#8211; Wyclef Jean featuring Mary J. Blige<\/td>\n<\/tr>\n<tr>\n<td colspan=\"2\"><strong>2. <\/strong> Swing it, magistern &#8211; Alice Babs<\/td>\n<\/tr>\n<tr>\n<td colspan=\"2\"><strong>3. <\/strong> B\u00e5tl\u00e5t &#8211; Robban Broberg<\/td>\n<\/tr>\n<tr>\n<td colspan=\"2\"><strong>4.<\/strong> Tusen och en natt (Take Me to Your heaven) &#8211; Charlotte Nilsson<\/td>\n<\/tr>\n<tr>\n<td colspan=\"2\"><strong>5. <\/strong> \u00c4nglahund &#8211; Hasse Andersson &amp; Kvinnab\u00f6ske Band<\/td>\n<\/tr>\n<tr>\n<td colspan=\"2\"><strong>6. <\/strong> Ta av dig skorna &#8211; Povel Ramel<\/td>\n<\/tr>\n<tr>\n<td colspan=\"2\"><strong>7. <\/strong> Better of Alone &#8211; Sissel Kyrkjeb\u00f6<\/td>\n<\/tr>\n<tr>\n<td colspan=\"2\"><strong>8. <\/strong> En g\u00e5ng i Stockholm &#8211; Arne Domn\u00e9rus<\/td>\n<\/tr>\n<tr>\n<td colspan=\"2\"><strong>9.<\/strong> Den jeg elsker &#8211; Sanne Salomonsen<\/td>\n<\/tr>\n<tr>\n<td colspan=\"2\"><strong>10. <\/strong>Pojke p\u00e5 m\u00e5nen &#8211; Rikard Wolff<\/td>\n<\/tr>\n<tr>\n<td colspan=\"2\"><strong>11. <\/strong> Listen to your Heartbeat &#8211; Friends<\/td>\n<\/tr>\n<tr>\n<td colspan=\"2\"><strong>12.<\/strong> Sommar, sol och varma vindar &#8211; Vikingarna<\/td>\n<\/tr>\n<tr>\n<td colspan=\"2\"><strong>13. <\/strong> Tunna skivor (Everybody&#8217;s Somebody&#8217;s Fool) &#8211; Siw Malmkvist<\/td>\n<\/tr>\n<tr>\n<td colspan=\"2\"><strong>14. <\/strong> Vintersaga &#8211; Jerry Williams<\/td>\n<\/tr>\n<tr>\n<td colspan=\"2\"><strong>15.<\/strong> She&#8217;s Like a Butterfly &#8211; Peter J\u00f6back<\/td>\n<\/tr>\n<tr>\n<td colspan=\"2\"><strong>16. <\/strong> Du \u00e4r alltid en del utav mig &#8211; Henrik \u00c5berg<\/td>\n<\/tr>\n<tr>\n<td colspan=\"2\"><strong>17. <\/strong> M\u00e5nsken i augusti &#8211; Lena Philipsson<\/td>\n<\/tr>\n<tr>\n<td colspan=\"2\"><strong>18.<\/strong> Str\u00e4ck ut din hand &#8211; Lasse Berghagen<\/td>\n<\/tr>\n<tr>\n<td colspan=\"2\"><a title=\"Albums 2003 - 2005\" href=\"https:\/\/helensjoholm.nu\/_eng\/2003-2005\/\">Back<\/a><\/td>\n<\/tr>\n<\/tbody>\n<\/table>\n<p>&nbsp;<\/p>\n","protected":false},"excerpt":{"rendered":"<p>LASSES FAVOURITES: THE 54 BEST ARTISTS AND SONGS FROM ALLS\u00c5NG P\u00c5 SKANSEN 1994-2003, SELECTED BY LASSE BERGHAGEN Frituna (2003) CD 1 1. Stockholm i mitt <a class=\"more-link\" href=\"https:\/\/helensjoholm.nu\/_eng\/2003-2005\/lasses-favourites\/\">Read More &#8230;<\/a><\/p>\n","protected":false},"author":1,"featured_media":0,"parent":177,"menu_order":0,"comment_status":"closed","ping_status":"open","template":"","meta":{"ngg_post_thumbnail":0,"footnotes":""},"class_list":["post-3107","page","type-page","status-publish","hentry"],"aioseo_notices":[],"_links":{"self":[{"href":"https:\/\/helensjoholm.nu\/_eng\/wp-json\/wp\/v2\/pages\/3107","targetHints":{"allow":["GET"]}}],"collection":[{"href":"https:\/\/helensjoholm.nu\/_eng\/wp-json\/wp\/v2\/pages"}],"about":[{"href":"https:\/\/helensjoholm.nu\/_eng\/wp-json\/wp\/v2\/types\/page"}],"author":[{"embeddable":true,"href":"https:\/\/helensjoholm.nu\/_eng\/wp-json\/wp\/v2\/users\/1"}],"replies":[{"embeddable":true,"href":"https:\/\/helensjoholm.nu\/_eng\/wp-json\/wp\/v2\/comments?post=3107"}],"version-history":[{"count":0,"href":"https:\/\/helensjoholm.nu\/_eng\/wp-json\/wp\/v2\/pages\/3107\/revisions"}],"up":[{"embeddable":true,"href":"https:\/\/helensjoholm.nu\/_eng\/wp-json\/wp\/v2\/pages\/177"}],"wp:attachment":[{"href":"https:\/\/helensjoholm.nu\/_eng\/wp-json\/wp\/v2\/media?parent=3107"}],"curies":[{"name":"wp","href":"https:\/\/api.w.org\/{rel}","templated":true}]}}