{"id":3075,"date":"2013-06-05T19:34:47","date_gmt":"2013-06-05T17:34:47","guid":{"rendered":"http:\/\/helensjoholm.nu\/_eng\/?page_id=3075"},"modified":"2022-05-14T17:45:46","modified_gmt":"2022-05-14T15:45:46","slug":"fastan-du-sover","status":"publish","type":"page","link":"https:\/\/helensjoholm.nu\/_eng\/2003-2005\/genom-varje-andetag\/fastan-du-sover\/","title":{"rendered":"Fast\u00e4n du sover"},"content":{"rendered":"<p><strong>Lyrics: Anders Widmark<\/strong><\/p>\n<p>Fast\u00e4n du sover s\u00e5 ligger jag vaken<br \/>\nFast\u00e4n du sover s\u00e5 spelar musiken<br \/>\nDet vet du inte av<\/p>\n<p>Fast\u00e4n du sover g\u00e5r vinden genom parken<br \/>\nbort \u00f6ver staden mot M\u00e4larens str\u00e4nder<br \/>\nDet vet du inte av<\/p>\n<p>Fast\u00e4n du sover s\u00e5 g\u00e5r jag omkring h\u00e4r<br \/>\nI dina tankar, i dina dr\u00f6mmar<\/p>\n<p>Det fu f\u00f6rlorar i visan f\u00e5r vandra<br \/>\nL\u00e4ngs dina str\u00e4nder n\u00e4r gryningen spelar<br \/>\nDet vet du inte av<\/p>\n<p><em>\u00a9 2003 Universal Music AB<\/em><\/p>\n<p><a title=\"Genom varje andetag\" href=\"https:\/\/helensjoholm.nu\/_eng\/2003-2005\/genom-varje-andetag\/\">Back<\/a><\/p>\n","protected":false},"excerpt":{"rendered":"<p>Lyrics: Anders Widmark Fast\u00e4n du sover s\u00e5 ligger jag vaken Fast\u00e4n du sover s\u00e5 spelar musiken Det vet du inte av Fast\u00e4n du sover g\u00e5r <a class=\"more-link\" href=\"https:\/\/helensjoholm.nu\/_eng\/2003-2005\/genom-varje-andetag\/fastan-du-sover\/\">Read More &#8230;<\/a><\/p>\n","protected":false},"author":1,"featured_media":0,"parent":3011,"menu_order":0,"comment_status":"closed","ping_status":"closed","template":"","meta":{"ngg_post_thumbnail":0,"footnotes":""},"class_list":["post-3075","page","type-page","status-publish","hentry"],"aioseo_notices":[],"_links":{"self":[{"href":"https:\/\/helensjoholm.nu\/_eng\/wp-json\/wp\/v2\/pages\/3075","targetHints":{"allow":["GET"]}}],"collection":[{"href":"https:\/\/helensjoholm.nu\/_eng\/wp-json\/wp\/v2\/pages"}],"about":[{"href":"https:\/\/helensjoholm.nu\/_eng\/wp-json\/wp\/v2\/types\/page"}],"author":[{"embeddable":true,"href":"https:\/\/helensjoholm.nu\/_eng\/wp-json\/wp\/v2\/users\/1"}],"replies":[{"embeddable":true,"href":"https:\/\/helensjoholm.nu\/_eng\/wp-json\/wp\/v2\/comments?post=3075"}],"version-history":[{"count":0,"href":"https:\/\/helensjoholm.nu\/_eng\/wp-json\/wp\/v2\/pages\/3075\/revisions"}],"up":[{"embeddable":true,"href":"https:\/\/helensjoholm.nu\/_eng\/wp-json\/wp\/v2\/pages\/3011"}],"wp:attachment":[{"href":"https:\/\/helensjoholm.nu\/_eng\/wp-json\/wp\/v2\/media?parent=3075"}],"curies":[{"name":"wp","href":"https:\/\/api.w.org\/{rel}","templated":true}]}}