{"id":3068,"date":"2013-06-05T19:25:21","date_gmt":"2013-06-05T17:25:21","guid":{"rendered":"http:\/\/helensjoholm.nu\/_eng\/?page_id=3068"},"modified":"2022-05-14T17:45:42","modified_gmt":"2022-05-14T15:45:42","slug":"mozart-och-dammsugaren","status":"publish","type":"page","link":"https:\/\/helensjoholm.nu\/_eng\/2003-2005\/genom-varje-andetag\/mozart-och-dammsugaren\/","title":{"rendered":"Mozart och dammsugaren"},"content":{"rendered":"<p><strong>Lyrics: Anders Widmark<\/strong><\/p>\n<p>Den som inte studerade Mozart<br \/>\nkanh\u00e4nda \u00e4r lat<br \/>\nDet f\u00e5r bli en sonat utan form<br \/>\nEtt B utan A<\/p>\n<p>Den som missar lektionen om Eros<br \/>\nkanh\u00e4nda \u00e4r k\u00e4r<br \/>\nS\u00e5 st\u00e4ng nu av stereon<br \/>\nMozart bultar p\u00e5 d\u00f6rren<\/p>\n<p>Det f\u00e5r bli en sonat utan form<br \/>\nEtt B utan A<br \/>\nSom en film utan slut<br \/>\nMinnen som bara d\u00f6r ut<\/p>\n<p>Det som uppfinner tiden<br \/>\nf\u00e5r inte bli st\u00f6rd mitt i maten<br \/>\nVem hinner se slutet av filmen<br \/>\nVem stuvar spenaten<\/p>\n<p>Dammsugar&#8217;n avbryter akten i<br \/>\nFigaros br\u00f6llop<br \/>\nS\u00e5 ingen kan h\u00f6ra sopranen<br \/>\nsjunga sin aria<\/p>\n<p>L\u00e5gtryck i Svealand meddelar<br \/>\nsena Rapport<br \/>\nMan f\u00f6rs\u00f6ker att v\u00e4lja<br \/>\noch t\u00e4nker att livet \u00e4r kort<\/p>\n<p>Det f\u00e5r bli en sonat utan form<br \/>\nEtt B utan A<br \/>\nSom en film utan slut<br \/>\nMinnen som bara d\u00f6r ut<\/p>\n<p>Den som uppfinner tiden<br \/>\nf\u00e5r inte bli st\u00f6rd mitt i maten<br \/>\nVem hinner se slutet av filmen<br \/>\nVem stuvar spenaten<\/p>\n<p><em>\u00a9 2003 Universal Music AB<\/em><\/p>\n<p><a title=\"Genom varje andetag\" href=\"https:\/\/helensjoholm.nu\/_eng\/2003-2005\/genom-varje-andetag\/\">Back<\/a><\/p>\n","protected":false},"excerpt":{"rendered":"<p>Lyrics: Anders Widmark Den som inte studerade Mozart kanh\u00e4nda \u00e4r lat Det f\u00e5r bli en sonat utan form Ett B utan A Den som missar <a class=\"more-link\" href=\"https:\/\/helensjoholm.nu\/_eng\/2003-2005\/genom-varje-andetag\/mozart-och-dammsugaren\/\">Read More &#8230;<\/a><\/p>\n","protected":false},"author":1,"featured_media":0,"parent":3011,"menu_order":0,"comment_status":"closed","ping_status":"closed","template":"","meta":{"ngg_post_thumbnail":0,"footnotes":""},"class_list":["post-3068","page","type-page","status-publish","hentry"],"aioseo_notices":[],"_links":{"self":[{"href":"https:\/\/helensjoholm.nu\/_eng\/wp-json\/wp\/v2\/pages\/3068","targetHints":{"allow":["GET"]}}],"collection":[{"href":"https:\/\/helensjoholm.nu\/_eng\/wp-json\/wp\/v2\/pages"}],"about":[{"href":"https:\/\/helensjoholm.nu\/_eng\/wp-json\/wp\/v2\/types\/page"}],"author":[{"embeddable":true,"href":"https:\/\/helensjoholm.nu\/_eng\/wp-json\/wp\/v2\/users\/1"}],"replies":[{"embeddable":true,"href":"https:\/\/helensjoholm.nu\/_eng\/wp-json\/wp\/v2\/comments?post=3068"}],"version-history":[{"count":0,"href":"https:\/\/helensjoholm.nu\/_eng\/wp-json\/wp\/v2\/pages\/3068\/revisions"}],"up":[{"embeddable":true,"href":"https:\/\/helensjoholm.nu\/_eng\/wp-json\/wp\/v2\/pages\/3011"}],"wp:attachment":[{"href":"https:\/\/helensjoholm.nu\/_eng\/wp-json\/wp\/v2\/media?parent=3068"}],"curies":[{"name":"wp","href":"https:\/\/api.w.org\/{rel}","templated":true}]}}