{"id":3050,"date":"2013-06-05T19:11:59","date_gmt":"2013-06-05T17:11:59","guid":{"rendered":"http:\/\/helensjoholm.nu\/_eng\/?page_id=3050"},"modified":"2022-05-14T17:45:21","modified_gmt":"2022-05-14T15:45:21","slug":"lyrics-genom-varje-andetag","status":"publish","type":"page","link":"https:\/\/helensjoholm.nu\/_eng\/2003-2005\/genom-varje-andetag\/lyrics-genom-varje-andetag\/","title":{"rendered":"Genom varje andetag"},"content":{"rendered":"<p><strong>Lyrics: Anders Widmark<\/strong><\/p>\n<p>Se hur nattfj\u00e4riln dansar<br \/>\ni m\u00e5nlyktans sken<br \/>\nH\u00f6r hur dr\u00f6mmarna formar<br \/>\nsin egen musik<\/p>\n<p>H\u00f6r hon andas nu, just nu<br \/>\nSe hon dr\u00f6mmer nu, just nu<\/p>\n<p>Genom varje andetag<br \/>\nGenom varje liten spricka i<br \/>\nmin spegel<\/p>\n<p>Ser jag dig<br \/>\nSer jag dig<br \/>\nN\u00e4r jag vill<br \/>\nser jag dig<\/p>\n<p>Se hur skuggorna formar<br \/>\nsin egen charad<br \/>\nSe hur tankarna v\u00e4ver<br \/>\nsin nattpoesi<\/p>\n<p>H\u00f6r hon fl\u00e4mtar nu, just nu<br \/>\nSe hon str\u00e4cker sig, just nu<\/p>\n<p>Genom varje andetag<br \/>\nGenom varje liten spricka i<br \/>\nmin spegel<\/p>\n<p>Ser jag dig<br \/>\nSer jag dig<br \/>\nN\u00e4r jag vill<br \/>\nser jag dig<\/p>\n<p><em>\u00a9 2003 Universal Music AB<\/em><\/p>\n<p><a title=\"Genom varje andetag\" href=\"https:\/\/helensjoholm.nu\/_eng\/2003-2005\/genom-varje-andetag\/\">Back<\/a><\/p>\n","protected":false},"excerpt":{"rendered":"<p>Lyrics: Anders Widmark Se hur nattfj\u00e4riln dansar i m\u00e5nlyktans sken H\u00f6r hur dr\u00f6mmarna formar sin egen musik H\u00f6r hon andas nu, just nu Se hon <a class=\"more-link\" href=\"https:\/\/helensjoholm.nu\/_eng\/2003-2005\/genom-varje-andetag\/lyrics-genom-varje-andetag\/\">Read More &#8230;<\/a><\/p>\n","protected":false},"author":1,"featured_media":0,"parent":3011,"menu_order":0,"comment_status":"closed","ping_status":"closed","template":"","meta":{"ngg_post_thumbnail":0,"footnotes":""},"class_list":["post-3050","page","type-page","status-publish","hentry"],"aioseo_notices":[],"_links":{"self":[{"href":"https:\/\/helensjoholm.nu\/_eng\/wp-json\/wp\/v2\/pages\/3050","targetHints":{"allow":["GET"]}}],"collection":[{"href":"https:\/\/helensjoholm.nu\/_eng\/wp-json\/wp\/v2\/pages"}],"about":[{"href":"https:\/\/helensjoholm.nu\/_eng\/wp-json\/wp\/v2\/types\/page"}],"author":[{"embeddable":true,"href":"https:\/\/helensjoholm.nu\/_eng\/wp-json\/wp\/v2\/users\/1"}],"replies":[{"embeddable":true,"href":"https:\/\/helensjoholm.nu\/_eng\/wp-json\/wp\/v2\/comments?post=3050"}],"version-history":[{"count":0,"href":"https:\/\/helensjoholm.nu\/_eng\/wp-json\/wp\/v2\/pages\/3050\/revisions"}],"up":[{"embeddable":true,"href":"https:\/\/helensjoholm.nu\/_eng\/wp-json\/wp\/v2\/pages\/3011"}],"wp:attachment":[{"href":"https:\/\/helensjoholm.nu\/_eng\/wp-json\/wp\/v2\/media?parent=3050"}],"curies":[{"name":"wp","href":"https:\/\/api.w.org\/{rel}","templated":true}]}}