{"id":3042,"date":"2013-06-05T19:05:48","date_gmt":"2013-06-05T17:05:48","guid":{"rendered":"http:\/\/helensjoholm.nu\/_eng\/?page_id=3042"},"modified":"2022-05-14T17:45:12","modified_gmt":"2022-05-14T15:45:12","slug":"lyrics-sakta-stiger-solen","status":"publish","type":"page","link":"https:\/\/helensjoholm.nu\/_eng\/2003-2005\/genom-varje-andetag\/lyrics-sakta-stiger-solen\/","title":{"rendered":"Sakta stiger solen"},"content":{"rendered":"<p><strong>Lyrics: Anders Widmark<\/strong><\/p>\n<p>Jag vill att du \u00e4r kvar h\u00e4r<br \/>\nJag vill att du \u00e4r kvar hos mig<br \/>\nNu vaknar allt som v\u00e4ntar<br \/>\nSakta, sakta<br \/>\nSakta stiger solen<\/p>\n<p>N\u00e4r jag v\u00e4ntat f\u00f6r l\u00e4nge<br \/>\nN\u00e4r orden inte hittar fram<br \/>\nN\u00e4r allting \u00e4r f\u00f6r sent<br \/>\nSakta, sakta<br \/>\nSakta stiger solen<\/p>\n<p>Genom regnet ser jag solen<br \/>\nBakom tystnaden h\u00f6rs orden<br \/>\nVarje g\u00e5ng<br \/>\nVarje g\u00e5ng<\/p>\n<p>Jag vill att du \u00e4r kvar h\u00e4r<br \/>\nJag vill att du \u00e4r kvar hos mig<br \/>\nRegnet \u00e4r som t\u00e5rar<br \/>\nSakta, sakta<br \/>\nSakta stiger solen<\/p>\n<p>Genom regnet ser jag solen<br \/>\nBakom tystnaden h\u00f6rs orden<br \/>\nVarje g\u00e5ng<br \/>\nVarje g\u00e5ng<\/p>\n<p>Som molnen n\u00e4r de skingras<br \/>\nSom sorgen n\u00e4r den drar f\u00f6rbi<br \/>\nJag r\u00e4knar v\u00e5ra dr\u00f6mmar<br \/>\nSakta, sakta<br \/>\nSakta stiger solen<\/p>\n<p>Jag vill att du \u00e4r kvar h\u00e4r<br \/>\nJag vill att du \u00e4r kvar hos mig<br \/>\nNu vaknar allt som v\u00e4ntar<br \/>\nSakta, sakta<br \/>\nSakta stiger solen<\/p>\n<p><em>\u00a9 2003 Universal Music AB<\/em><\/p>\n<p><a title=\"Genom varje andetag\" href=\"https:\/\/helensjoholm.nu\/_eng\/2003-2005\/genom-varje-andetag\/\">Back<\/a><\/p>\n","protected":false},"excerpt":{"rendered":"<p>Lyrics: Anders Widmark Jag vill att du \u00e4r kvar h\u00e4r Jag vill att du \u00e4r kvar hos mig Nu vaknar allt som v\u00e4ntar Sakta, sakta <a class=\"more-link\" href=\"https:\/\/helensjoholm.nu\/_eng\/2003-2005\/genom-varje-andetag\/lyrics-sakta-stiger-solen\/\">Read More &#8230;<\/a><\/p>\n","protected":false},"author":1,"featured_media":0,"parent":3011,"menu_order":0,"comment_status":"closed","ping_status":"closed","template":"","meta":{"ngg_post_thumbnail":0,"footnotes":""},"class_list":["post-3042","page","type-page","status-publish","hentry"],"aioseo_notices":[],"_links":{"self":[{"href":"https:\/\/helensjoholm.nu\/_eng\/wp-json\/wp\/v2\/pages\/3042","targetHints":{"allow":["GET"]}}],"collection":[{"href":"https:\/\/helensjoholm.nu\/_eng\/wp-json\/wp\/v2\/pages"}],"about":[{"href":"https:\/\/helensjoholm.nu\/_eng\/wp-json\/wp\/v2\/types\/page"}],"author":[{"embeddable":true,"href":"https:\/\/helensjoholm.nu\/_eng\/wp-json\/wp\/v2\/users\/1"}],"replies":[{"embeddable":true,"href":"https:\/\/helensjoholm.nu\/_eng\/wp-json\/wp\/v2\/comments?post=3042"}],"version-history":[{"count":0,"href":"https:\/\/helensjoholm.nu\/_eng\/wp-json\/wp\/v2\/pages\/3042\/revisions"}],"up":[{"embeddable":true,"href":"https:\/\/helensjoholm.nu\/_eng\/wp-json\/wp\/v2\/pages\/3011"}],"wp:attachment":[{"href":"https:\/\/helensjoholm.nu\/_eng\/wp-json\/wp\/v2\/media?parent=3042"}],"curies":[{"name":"wp","href":"https:\/\/api.w.org\/{rel}","templated":true}]}}