{"id":3028,"date":"2013-06-05T18:44:19","date_gmt":"2013-06-05T16:44:19","guid":{"rendered":"http:\/\/helensjoholm.nu\/_eng\/?page_id=3028"},"modified":"2022-05-14T17:44:42","modified_gmt":"2022-05-14T15:44:42","slug":"jag-alskar-dig","status":"publish","type":"page","link":"https:\/\/helensjoholm.nu\/_eng\/2003-2005\/genom-varje-andetag\/jag-alskar-dig\/","title":{"rendered":"Jag \u00e4lskar dig"},"content":{"rendered":"<p><strong>Lyrics: Hans Widmark <\/strong><\/p>\n<p>Jag \u00e4lskar dig<br \/>\nMen orden r\u00e4cker inte till<br \/>\nJag \u00e4lskar dig<br \/>\nMen jag vet inte om du vill<br \/>\nOch molnen flyr<br \/>\nOch morgon gryr<br \/>\nEn dag blir ny igen<br \/>\nMen jag kan bara s\u00e4ga<br \/>\nAtt jag \u00e4lskar dig min v\u00e4n<\/p>\n<p>Jag \u00e4lskar dig<br \/>\nMen tiden r\u00e4cker inte till<br \/>\nJag v\u00e4ntar dig<br \/>\nMen jag vet inte om du vill<br \/>\nOch dag blir natt<br \/>\nOch natten flyr<br \/>\nEn dag blir ny igen<br \/>\nMen jag kan bara s\u00e4ga<br \/>\nAtt jag v\u00e4ntar dig min v\u00e4n<\/p>\n<p>Jag l\u00e4ngtar dig<br \/>\nMen l\u00e4ngtan r\u00e4cker inte till<br \/>\nJag l\u00e4ngtar dig<br \/>\nMen jag vet inte om du vill<br \/>\nJag \u00f6nskar att<br \/>\nDu var hos mig<br \/>\nOch jag hos dig min v\u00e4n<br \/>\nMen jag f\u00e5r aldrig veta<br \/>\nOm du \u00e4lskar mig min v\u00e4n<\/p>\n<p><em>\u00a9 2003 Universal Music AB<\/em><\/p>\n<p><a title=\"Genom varje andetag\" href=\"https:\/\/helensjoholm.nu\/_eng\/2003-2005\/genom-varje-andetag\/\">Back<\/a><\/p>\n","protected":false},"excerpt":{"rendered":"<p>Lyrics: Hans Widmark Jag \u00e4lskar dig Men orden r\u00e4cker inte till Jag \u00e4lskar dig Men jag vet inte om du vill Och molnen flyr Och <a class=\"more-link\" href=\"https:\/\/helensjoholm.nu\/_eng\/2003-2005\/genom-varje-andetag\/jag-alskar-dig\/\">Read More &#8230;<\/a><\/p>\n","protected":false},"author":1,"featured_media":0,"parent":3011,"menu_order":0,"comment_status":"closed","ping_status":"closed","template":"","meta":{"ngg_post_thumbnail":0,"footnotes":""},"class_list":["post-3028","page","type-page","status-publish","hentry"],"aioseo_notices":[],"_links":{"self":[{"href":"https:\/\/helensjoholm.nu\/_eng\/wp-json\/wp\/v2\/pages\/3028","targetHints":{"allow":["GET"]}}],"collection":[{"href":"https:\/\/helensjoholm.nu\/_eng\/wp-json\/wp\/v2\/pages"}],"about":[{"href":"https:\/\/helensjoholm.nu\/_eng\/wp-json\/wp\/v2\/types\/page"}],"author":[{"embeddable":true,"href":"https:\/\/helensjoholm.nu\/_eng\/wp-json\/wp\/v2\/users\/1"}],"replies":[{"embeddable":true,"href":"https:\/\/helensjoholm.nu\/_eng\/wp-json\/wp\/v2\/comments?post=3028"}],"version-history":[{"count":0,"href":"https:\/\/helensjoholm.nu\/_eng\/wp-json\/wp\/v2\/pages\/3028\/revisions"}],"up":[{"embeddable":true,"href":"https:\/\/helensjoholm.nu\/_eng\/wp-json\/wp\/v2\/pages\/3011"}],"wp:attachment":[{"href":"https:\/\/helensjoholm.nu\/_eng\/wp-json\/wp\/v2\/media?parent=3028"}],"curies":[{"name":"wp","href":"https:\/\/api.w.org\/{rel}","templated":true}]}}