{"id":3020,"date":"2013-06-05T18:41:16","date_gmt":"2013-06-05T16:41:16","guid":{"rendered":"http:\/\/helensjoholm.nu\/_eng\/?page_id=3020"},"modified":"2022-05-14T17:44:33","modified_gmt":"2022-05-14T15:44:33","slug":"lyrics-sylvesters-resa","status":"publish","type":"page","link":"https:\/\/helensjoholm.nu\/_eng\/2003-2005\/genom-varje-andetag\/lyrics-sylvesters-resa\/","title":{"rendered":"Sylvesters resa"},"content":{"rendered":"<p><strong>Lyrics: Anders Widmark<\/strong><\/p>\n<p>Jag vet at jag snart ska passera<br \/>\nadventsljusstakarnas tindrande<br \/>\nrader l\u00e4ngs din gata<br \/>\nOch sedan, snett ned till h\u00f6ger,<br \/>\nlikt en j\u00e4tteb\u00e5t,<br \/>\ntonar fasader upp mot himlen<\/p>\n<p>N\u00e4r Sylvester g\u00f6r sin sista resa<br \/>\nlyser m\u00e5nen \u00f6ver Foresta<\/p>\n<p>N\u00e4r Sylvester g\u00f6r sin sista resa<br \/>\nspelar en psalm, en psalm i viken<\/p>\n<p>Jag vet att jag kommer att<br \/>\nstiga p\u00e5 t\u00e5get<br \/>\nsom f\u00f6r mig bort h\u00e4rifr\u00e5n<br \/>\nBort till en plats som inte<br \/>\ninneb\u00e4r f\u00f6r\u00e4ndring<br \/>\nVet att jag snart \u00e4r tillbaka<\/p>\n<p>N\u00e4r Sylvester g\u00f6r sin sista resa<br \/>\nh\u00f6r kontrabasens l\u00e4gsta str\u00e4ng<\/p>\n<p>N\u00e4r Sylvester g\u00f6r sin sista resa<br \/>\nfaller sn\u00f6n i ett preludium<\/p>\n<p>Jag h\u00f6r alltid samma s\u00e5ng<br \/>\nJag h\u00f6r alltid samma s\u00e5ng<br \/>\nn\u00e4r t\u00e5get passerar Millesg\u00e5rden<br \/>\nstrax f\u00f6re bron<br \/>\nJag h\u00f6r alltid samma s\u00e5ng<br \/>\nJag h\u00f6r alltid samma s\u00e5ng<br \/>\nn\u00e4r t\u00e5get passerar Millesg\u00e5rden<\/p>\n<p>N\u00e4r Sylvester g\u00f6r sin sista resa<br \/>\nlyser m\u00e5nen \u00f6ver Foresta<\/p>\n<p>N\u00e4r Sylvester g\u00f6r sin sista resa<br \/>\nh\u00f6r kontrabasens l\u00e4gsta str\u00e4ng<\/p>\n<p><em>\u00a9 2003 Universal Music AB<\/em><\/p>\n<p><a title=\"Genom varje andetag\" href=\"https:\/\/helensjoholm.nu\/_eng\/2003-2005\/genom-varje-andetag\/\">Back<\/a><\/p>\n<p>&nbsp;<\/p>\n","protected":false},"excerpt":{"rendered":"<p>Lyrics: Anders Widmark Jag vet at jag snart ska passera adventsljusstakarnas tindrande rader l\u00e4ngs din gata Och sedan, snett ned till h\u00f6ger, likt en j\u00e4tteb\u00e5t, <a class=\"more-link\" href=\"https:\/\/helensjoholm.nu\/_eng\/2003-2005\/genom-varje-andetag\/lyrics-sylvesters-resa\/\">Read More &#8230;<\/a><\/p>\n","protected":false},"author":1,"featured_media":0,"parent":3011,"menu_order":0,"comment_status":"closed","ping_status":"closed","template":"","meta":{"ngg_post_thumbnail":0,"footnotes":""},"class_list":["post-3020","page","type-page","status-publish","hentry"],"aioseo_notices":[],"_links":{"self":[{"href":"https:\/\/helensjoholm.nu\/_eng\/wp-json\/wp\/v2\/pages\/3020","targetHints":{"allow":["GET"]}}],"collection":[{"href":"https:\/\/helensjoholm.nu\/_eng\/wp-json\/wp\/v2\/pages"}],"about":[{"href":"https:\/\/helensjoholm.nu\/_eng\/wp-json\/wp\/v2\/types\/page"}],"author":[{"embeddable":true,"href":"https:\/\/helensjoholm.nu\/_eng\/wp-json\/wp\/v2\/users\/1"}],"replies":[{"embeddable":true,"href":"https:\/\/helensjoholm.nu\/_eng\/wp-json\/wp\/v2\/comments?post=3020"}],"version-history":[{"count":0,"href":"https:\/\/helensjoholm.nu\/_eng\/wp-json\/wp\/v2\/pages\/3020\/revisions"}],"up":[{"embeddable":true,"href":"https:\/\/helensjoholm.nu\/_eng\/wp-json\/wp\/v2\/pages\/3011"}],"wp:attachment":[{"href":"https:\/\/helensjoholm.nu\/_eng\/wp-json\/wp\/v2\/media?parent=3020"}],"curies":[{"name":"wp","href":"https:\/\/api.w.org\/{rel}","templated":true}]}}