{"id":3000,"date":"2013-06-04T19:42:24","date_gmt":"2013-06-04T17:42:24","guid":{"rendered":"http:\/\/helensjoholm.nu\/_eng\/?page_id=3000"},"modified":"2020-04-02T20:29:06","modified_gmt":"2020-04-02T18:29:06","slug":"i-vantans-tider","status":"publish","type":"page","link":"https:\/\/helensjoholm.nu\/_eng\/2003-2005\/i-vantans-tider\/","title":{"rendered":"I v\u00e4ntans tider"},"content":{"rendered":"<table align=\"left\" border=\"0\">\n<tbody>\n<tr>\n<td><img loading=\"lazy\" decoding=\"async\" width=\"100\" height=\"100\" title=\"I v\u00e4ntans tider (2004)\" class=\"alignnone\" alt=\"I v\u00e4ntans tider (2004)\" src=\"https:\/\/helensjoholm.nu\/_eng\/wp-content\/gallery\/dislkografi-2003-2005\/cd_ivantanstider_2004.jpg\"><\/td>\n<td valign=\"top\"><strong>I V\u00c4NTANS TIDER<\/strong><br \/>\nBonnier Music AB (2004)<\/td>\n<\/tr>\n<tr>\n<td colspan=\"2\"><strong>1. <\/strong> Skumtar f\u00f6r en stund &#8211; Sara Isaksson<\/td>\n<\/tr>\n<tr>\n<td colspan=\"2\"><strong>2. <\/strong> I min dr\u00f6m &#8211; \u00c5sa Jinder<\/td>\n<\/tr>\n<tr>\n<td colspan=\"2\"><strong> 3. <strong>Kopp\u00e5ngen &#8211; Helen Sj\u00f6holm<\/strong><\/strong><\/td>\n<\/tr>\n<tr>\n<td colspan=\"2\"><strong>4. <\/strong>Prins Noel &#8211; Linn Maria<\/td>\n<\/tr>\n<tr>\n<td colspan=\"2\"><strong>5. <\/strong> Du \u00e4r aldrig ensam &#8211; Mauro Scocco<\/td>\n<\/tr>\n<tr>\n<td colspan=\"2\"><strong>6. <\/strong> Pl\u00f6tsligt s\u00e5 flyger min sj\u00e4l &#8211; Rebecka T\u00f6rnqvist<\/td>\n<\/tr>\n<tr>\n<td colspan=\"2\"><strong>7. <\/strong> Himlen runt h\u00f6rnet &#8211; Lisa Nilsson<\/td>\n<\/tr>\n<tr>\n<td colspan=\"2\"><strong>8. <\/strong> Som en bro \u00f6ver m\u00f6rka vatten &#8211; Tommy K\u00f6rberg<\/td>\n<\/tr>\n<tr>\n<td colspan=\"2\"><strong>9. <\/strong> Den blomstertid nu kommer &#8211; The Real Group<\/td>\n<\/tr>\n<tr>\n<td colspan=\"2\"><strong>10. <\/strong>Gud som haver barnen k\u00e4r &#8211; Gertrud Stenung<\/td>\n<\/tr>\n<tr>\n<td colspan=\"2\"><strong>11. <\/strong>Till mamma &#8211; Stefan Holmlund<\/td>\n<\/tr>\n<tr>\n<td colspan=\"2\"><strong>12. <\/strong>N\u00e4ra dig &#8211; \u00c5sa Jinder<\/td>\n<\/tr>\n<tr>\n<td colspan=\"2\"><strong>13. <\/strong>Dagen \u00e4r n\u00e4ra ur Rinaldo<\/td>\n<\/tr>\n<tr>\n<td colspan=\"2\"><strong>14. <\/strong>Ave Maria<\/td>\n<\/tr>\n<tr>\n<td colspan=\"2\"><strong>15. <\/strong>Pachelbel canon i D &#8211; Jean-Francois Paillard<\/td>\n<\/tr>\n<tr>\n<td colspan=\"2\"><strong>RELAXATION , MENTAL PREPARATION , TRAINING &amp; MEDITATION:<\/strong><\/td>\n<\/tr>\n<tr>\n<td colspan=\"2\"><strong>1.<\/strong> F\u00f6rlossningsf\u00f6rberedande avslappning &#8211; Christina Div\u00e9n<\/td>\n<\/tr>\n<tr>\n<td colspan=\"2\"><strong>2.<\/strong> S\u00f6mntr\u00e4ning &#8211; Dr Lars-Eric Unest\u00e5hl<\/td>\n<\/tr>\n<tr>\n<td colspan=\"2\"><strong>3.<\/strong> Kort avslappning &#8211; Christina Div\u00e9n<\/td>\n<\/tr>\n<tr>\n<td colspan=\"2\"><strong>4. <\/strong> Floating &#8211; Ad Dios<\/td>\n<\/tr>\n<tr>\n<td colspan=\"2\"><strong>5.<\/strong> Dr\u00f6m den du s\u00f6ker &#8211; Anders Skogh<\/td>\n<\/tr>\n<tr>\n<td colspan=\"2\"><strong>6.<\/strong> Dawn &#8211; Doru<\/td>\n<\/tr>\n<tr>\n<td colspan=\"2\"><strong>7.<\/strong> Ascending &#8211; Doru<\/td>\n<\/tr>\n<tr>\n<td colspan=\"2\"><strong>8. <\/strong> Valarnas s\u00e5ng &#8211; Bj\u00f6rn Melander<\/td>\n<\/tr>\n<tr>\n<td colspan=\"2\"><a title=\"Albums 2003 - 2005\" href=\"https:\/\/helensjoholm.nu\/_eng\/2003-2005\/\">Back<\/a><\/td>\n<\/tr>\n<\/tbody>\n<\/table>\n<p>&nbsp;<\/p>\n","protected":false},"excerpt":{"rendered":"<p>I V\u00c4NTANS TIDER Bonnier Music AB (2004) 1. Skumtar f\u00f6r en stund &#8211; Sara Isaksson 2. I min dr\u00f6m &#8211; \u00c5sa Jinder 3. Kopp\u00e5ngen &#8211; <a class=\"more-link\" href=\"https:\/\/helensjoholm.nu\/_eng\/2003-2005\/i-vantans-tider\/\">Read More &#8230;<\/a><\/p>\n","protected":false},"author":1,"featured_media":0,"parent":177,"menu_order":0,"comment_status":"closed","ping_status":"open","template":"","meta":{"ngg_post_thumbnail":0,"footnotes":""},"class_list":["post-3000","page","type-page","status-publish","hentry"],"aioseo_notices":[],"_links":{"self":[{"href":"https:\/\/helensjoholm.nu\/_eng\/wp-json\/wp\/v2\/pages\/3000","targetHints":{"allow":["GET"]}}],"collection":[{"href":"https:\/\/helensjoholm.nu\/_eng\/wp-json\/wp\/v2\/pages"}],"about":[{"href":"https:\/\/helensjoholm.nu\/_eng\/wp-json\/wp\/v2\/types\/page"}],"author":[{"embeddable":true,"href":"https:\/\/helensjoholm.nu\/_eng\/wp-json\/wp\/v2\/users\/1"}],"replies":[{"embeddable":true,"href":"https:\/\/helensjoholm.nu\/_eng\/wp-json\/wp\/v2\/comments?post=3000"}],"version-history":[{"count":0,"href":"https:\/\/helensjoholm.nu\/_eng\/wp-json\/wp\/v2\/pages\/3000\/revisions"}],"up":[{"embeddable":true,"href":"https:\/\/helensjoholm.nu\/_eng\/wp-json\/wp\/v2\/pages\/177"}],"wp:attachment":[{"href":"https:\/\/helensjoholm.nu\/_eng\/wp-json\/wp\/v2\/media?parent=3000"}],"curies":[{"name":"wp","href":"https:\/\/api.w.org\/{rel}","templated":true}]}}