{"id":2989,"date":"2013-06-03T19:54:39","date_gmt":"2013-06-03T17:54:39","guid":{"rendered":"http:\/\/helensjoholm.nu\/_eng\/?page_id=2989"},"modified":"2022-05-14T17:52:21","modified_gmt":"2022-05-14T15:52:21","slug":"karlekens-tid","status":"publish","type":"page","link":"https:\/\/helensjoholm.nu\/_eng\/2003-2005\/bao\/karlekens-tid\/","title":{"rendered":"K\u00e4rlekens tid"},"content":{"rendered":"<p>R\u00f6r vid mig nu<br \/>\nfyll mitt liv \u00e4nda till br\u00e4dden<br \/>\njag som var ett barn d\u00e5<br \/>\ns\u00f6ker min s\u00e5ng<\/p>\n<p>Vem tog min sorg<br \/>\nvem ber\u00f6vade mig g\u00e5van<br \/>\nden gav mig min styrka<br \/>\njag var ett barn<\/p>\n<p>K\u00e4rlekens tid<br \/>\nhar bevarat min l\u00e4ngtan<br \/>\njag som var ett barn d\u00e5<br \/>\ns\u00f6ker min s\u00e5ng<\/p>\n<p>R\u00f6r vid mig nu<br \/>\nfyll mitt liv \u00e4nda till br\u00e4dden<br \/>\ndu gav mig min hunger<br \/>\njag \u00e4r ett barn<\/p>\n<p><em>\u00a9 2004 Mono Music AB<\/em><\/p>\n<p><a title=\"BAO!\" href=\"https:\/\/helensjoholm.nu\/_eng\/2003-2005\/bao\/\">Back<\/a><\/p>\n","protected":false},"excerpt":{"rendered":"<p>R\u00f6r vid mig nu fyll mitt liv \u00e4nda till br\u00e4dden jag som var ett barn d\u00e5 s\u00f6ker min s\u00e5ng Vem tog min sorg vem ber\u00f6vade <a class=\"more-link\" href=\"https:\/\/helensjoholm.nu\/_eng\/2003-2005\/bao\/karlekens-tid\/\">Read More &#8230;<\/a><\/p>\n","protected":false},"author":1,"featured_media":0,"parent":2954,"menu_order":0,"comment_status":"closed","ping_status":"closed","template":"","meta":{"ngg_post_thumbnail":0,"footnotes":""},"class_list":["post-2989","page","type-page","status-publish","hentry"],"aioseo_notices":[],"_links":{"self":[{"href":"https:\/\/helensjoholm.nu\/_eng\/wp-json\/wp\/v2\/pages\/2989","targetHints":{"allow":["GET"]}}],"collection":[{"href":"https:\/\/helensjoholm.nu\/_eng\/wp-json\/wp\/v2\/pages"}],"about":[{"href":"https:\/\/helensjoholm.nu\/_eng\/wp-json\/wp\/v2\/types\/page"}],"author":[{"embeddable":true,"href":"https:\/\/helensjoholm.nu\/_eng\/wp-json\/wp\/v2\/users\/1"}],"replies":[{"embeddable":true,"href":"https:\/\/helensjoholm.nu\/_eng\/wp-json\/wp\/v2\/comments?post=2989"}],"version-history":[{"count":0,"href":"https:\/\/helensjoholm.nu\/_eng\/wp-json\/wp\/v2\/pages\/2989\/revisions"}],"up":[{"embeddable":true,"href":"https:\/\/helensjoholm.nu\/_eng\/wp-json\/wp\/v2\/pages\/2954"}],"wp:attachment":[{"href":"https:\/\/helensjoholm.nu\/_eng\/wp-json\/wp\/v2\/media?parent=2989"}],"curies":[{"name":"wp","href":"https:\/\/api.w.org\/{rel}","templated":true}]}}