{"id":2981,"date":"2013-06-03T19:50:35","date_gmt":"2013-06-03T17:50:35","guid":{"rendered":"http:\/\/helensjoholm.nu\/_eng\/?page_id=2981"},"modified":"2022-05-14T17:52:31","modified_gmt":"2022-05-14T15:52:31","slug":"saknadens-rum","status":"publish","type":"page","link":"https:\/\/helensjoholm.nu\/_eng\/2003-2005\/bao\/saknadens-rum\/","title":{"rendered":"Saknadens rum"},"content":{"rendered":"<p>S\u00e5ngen, den s\u00e5ng som sj\u00f6ng mig<br \/>\noch alla v\u00e4gar som en g\u00e5ng bar mig<br \/>\nde tysta timmar som gav mig frihet<br \/>\nvar finns de nu vem ser dem<\/p>\n<p>Tr\u00e4den som kunde tala<br \/>\noch den d\u00e4r vinden som kom<br \/>\nfr\u00e5n havet<br \/>\nmed alla svalorna under isen<br \/>\ndet var en saga<\/p>\n<p>Men den var min och isen sm\u00e4lte<br \/>\nd\u00e5 fl\u00f6g de ut och lyfte himlen<br \/>\nallt det som var mitt hem d\u00e5<br \/>\nfinns h\u00e4r i saknadens rum<\/p>\n<p>Ljuset som steg mot dagen<br \/>\ndet tysta regnet som f\u00f6ll mot marken<br \/>\nden djupa floden som s\u00f6kte havet<br \/>\njag var p\u00e5 v\u00e4g, jag s\u00e5g dem<\/p>\n<p>Dagen var min p\u00e5 natten<br \/>\nmed alla tr\u00e4den som f\u00e5ngar stj\u00e4rnor<br \/>\nJag l\u00e5r p\u00e5 klippan som solen v\u00e4rmde<br \/>\nd\u00e5 var det sommar<\/p>\n<p>Och under taken bodde svalor<br \/>\nsom l\u00e4rt mig flyga genom murar<br \/>\nallt det som var mitt hem d\u00e5<br \/>\nfinns h\u00e4r i saknadens rum<\/p>\n<p><em>\u00a9 2004 Mono Music AB<\/em><\/p>\n<p><a title=\"BAO!\" href=\"https:\/\/helensjoholm.nu\/_eng\/2003-2005\/bao\/\">Back<\/a><\/p>\n","protected":false},"excerpt":{"rendered":"<p>S\u00e5ngen, den s\u00e5ng som sj\u00f6ng mig och alla v\u00e4gar som en g\u00e5ng bar mig de tysta timmar som gav mig frihet var finns de nu <a class=\"more-link\" href=\"https:\/\/helensjoholm.nu\/_eng\/2003-2005\/bao\/saknadens-rum\/\">Read More &#8230;<\/a><\/p>\n","protected":false},"author":1,"featured_media":0,"parent":2954,"menu_order":0,"comment_status":"closed","ping_status":"closed","template":"","meta":{"ngg_post_thumbnail":0,"footnotes":""},"class_list":["post-2981","page","type-page","status-publish","hentry"],"aioseo_notices":[],"_links":{"self":[{"href":"https:\/\/helensjoholm.nu\/_eng\/wp-json\/wp\/v2\/pages\/2981","targetHints":{"allow":["GET"]}}],"collection":[{"href":"https:\/\/helensjoholm.nu\/_eng\/wp-json\/wp\/v2\/pages"}],"about":[{"href":"https:\/\/helensjoholm.nu\/_eng\/wp-json\/wp\/v2\/types\/page"}],"author":[{"embeddable":true,"href":"https:\/\/helensjoholm.nu\/_eng\/wp-json\/wp\/v2\/users\/1"}],"replies":[{"embeddable":true,"href":"https:\/\/helensjoholm.nu\/_eng\/wp-json\/wp\/v2\/comments?post=2981"}],"version-history":[{"count":0,"href":"https:\/\/helensjoholm.nu\/_eng\/wp-json\/wp\/v2\/pages\/2981\/revisions"}],"up":[{"embeddable":true,"href":"https:\/\/helensjoholm.nu\/_eng\/wp-json\/wp\/v2\/pages\/2954"}],"wp:attachment":[{"href":"https:\/\/helensjoholm.nu\/_eng\/wp-json\/wp\/v2\/media?parent=2981"}],"curies":[{"name":"wp","href":"https:\/\/api.w.org\/{rel}","templated":true}]}}