{"id":2977,"date":"2013-06-03T19:49:03","date_gmt":"2013-06-03T17:49:03","guid":{"rendered":"http:\/\/helensjoholm.nu\/_eng\/?page_id=2977"},"modified":"2022-05-14T17:52:09","modified_gmt":"2022-05-14T15:52:09","slug":"skenbart","status":"publish","type":"page","link":"https:\/\/helensjoholm.nu\/_eng\/2003-2005\/bao\/skenbart\/","title":{"rendered":"Skenbart"},"content":{"rendered":"<p>T\u00e4nk om man vore en tjusig modell<br \/>\nMed h\u00e5ret i slingor och skor i pastell<br \/>\nJag skulle g\u00e5 d\u00e4r s\u00e5 snyggt<br \/>\nOch le lite skyggt<br \/>\nN\u00e4r karlarna visslade djuriskt och styggt<\/p>\n<p>En v\u00e5ning p\u00e5 G\u00e4rdet<br \/>\nEn man som var sn\u00e4ll<br \/>\nHummer och ostron vareviga kv\u00e4ll<br \/>\nJag dr\u00f6mmer mig bort<br \/>\nmed min snygge make<br \/>\nmen det finns en hake<br \/>\ni dagdr\u00f6mmens v\u00e4rld<\/p>\n<p>F\u00f6r allt \u00e4r skenbart som filmen<br \/>\nEnbart en flimrande kort emulsion<br \/>\nEn stund av lycka att vardan smycka<br \/>\nEn falsk passion<\/p>\n<p>Ja, allt \u00e4r skenbart och \u00f6mkligen s\u00e5rbart<br \/>\nen h\u00e4gring av en illusion<br \/>\nMan vad ska jag g\u00f6ra n\u00e4r vardan<br \/>\nSjunger p\u00e5 en enda ton<\/p>\n<p>En regiss\u00f6r kanske uppt\u00e4cker mig<br \/>\ng\u00f6r lilla jag till en ny Doris Day<br \/>\nD\u00e5 blir jag som hon;<br \/>\nen lockande g\u00e5ta<br \/>\nf\u00e5r m\u00e4nskor att gr\u00e5ta tills<br \/>\nfilmen tar slut<\/p>\n<p>F\u00f6r allt \u00e4r skenbart som filmen<br \/>\nEnbart en flimrande kort emulsion<br \/>\nEn stund av lycka att vardan smycka<br \/>\nEn falsk passion<\/p>\n<p>Nej v\u00e4ck mig inte nu<br \/>\njag dr\u00f6mmer<br \/>\njust nu \u00e4r allt underbart<br \/>\nF\u00f6rsvinn nu inte bort ifr\u00e5n mig!<br \/>\nJag m\u00e5ste dansa med dig innan gryningen kommer. Nu!<\/p>\n<p>Ja, allt \u00e4r skenbart och \u00f6mkligen s\u00e5rbart<br \/>\nen h\u00e4gring av en illusion<br \/>\nMan vad ska jag g\u00f6ra n\u00e4r vardan<br \/>\nSjunger p\u00e5 en enda ton<\/p>\n<p><em>\u00a9 2004 Mono Music AB<\/em><\/p>\n<p><a title=\"BAO!\" href=\"https:\/\/helensjoholm.nu\/_eng\/2003-2005\/bao\/\">Back<\/a><\/p>\n","protected":false},"excerpt":{"rendered":"<p>T\u00e4nk om man vore en tjusig modell Med h\u00e5ret i slingor och skor i pastell Jag skulle g\u00e5 d\u00e4r s\u00e5 snyggt Och le lite skyggt <a class=\"more-link\" href=\"https:\/\/helensjoholm.nu\/_eng\/2003-2005\/bao\/skenbart\/\">Read More &#8230;<\/a><\/p>\n","protected":false},"author":1,"featured_media":0,"parent":2954,"menu_order":0,"comment_status":"closed","ping_status":"closed","template":"","meta":{"ngg_post_thumbnail":0,"footnotes":""},"class_list":["post-2977","page","type-page","status-publish","hentry"],"aioseo_notices":[],"_links":{"self":[{"href":"https:\/\/helensjoholm.nu\/_eng\/wp-json\/wp\/v2\/pages\/2977","targetHints":{"allow":["GET"]}}],"collection":[{"href":"https:\/\/helensjoholm.nu\/_eng\/wp-json\/wp\/v2\/pages"}],"about":[{"href":"https:\/\/helensjoholm.nu\/_eng\/wp-json\/wp\/v2\/types\/page"}],"author":[{"embeddable":true,"href":"https:\/\/helensjoholm.nu\/_eng\/wp-json\/wp\/v2\/users\/1"}],"replies":[{"embeddable":true,"href":"https:\/\/helensjoholm.nu\/_eng\/wp-json\/wp\/v2\/comments?post=2977"}],"version-history":[{"count":0,"href":"https:\/\/helensjoholm.nu\/_eng\/wp-json\/wp\/v2\/pages\/2977\/revisions"}],"up":[{"embeddable":true,"href":"https:\/\/helensjoholm.nu\/_eng\/wp-json\/wp\/v2\/pages\/2954"}],"wp:attachment":[{"href":"https:\/\/helensjoholm.nu\/_eng\/wp-json\/wp\/v2\/media?parent=2977"}],"curies":[{"name":"wp","href":"https:\/\/api.w.org\/{rel}","templated":true}]}}