{"id":2965,"date":"2013-06-03T19:43:59","date_gmt":"2013-06-03T17:43:59","guid":{"rendered":"http:\/\/helensjoholm.nu\/_eng\/?page_id=2965"},"modified":"2022-05-14T17:51:33","modified_gmt":"2022-05-14T15:51:33","slug":"lyrics-du-ar-min-man","status":"publish","type":"page","link":"https:\/\/helensjoholm.nu\/_eng\/2003-2005\/bao\/lyrics-du-ar-min-man\/","title":{"rendered":"Du \u00e4r min man"},"content":{"rendered":"<p>Du \u00e4r min man<br \/>\noch jag vet du g\u00f6r s\u00e5 gott du kan<br \/>\nFast du inte tycker att du r\u00e4cker till<br \/>\nMen du f\u00e5r tycka vad du vill<\/p>\n<p>Jag \u00e4lskar dig<br \/>\nOch jag ber du m\u00e5ste tro p\u00e5 mig<br \/>\nDet betyder allt att vi tv\u00e5 har varann<br \/>\nDu \u00e4r min man<\/p>\n<p>Jag vet hur jag f\u00e5r dig att gl\u00f6mma<br \/>\ns\u00e5 bara nuet spelar roll<br \/>\nS\u00e5 att du skrattar igen<br \/>\noch slutar att d\u00f6ma dig sj\u00e4lv f\u00f6r en stund<br \/>\noch v\u00e5gar dr\u00f6mma<\/p>\n<p>Och om den bistra verkligheten<br \/>\n\u00e4r mer \u00e4n du kan ta just nu<br \/>\nS\u00e5 l\u00e5t mig hj\u00e4lpa dig d\u00e5<br \/>\natt sv\u00e4lja f\u00f6rtreten<br \/>\nF\u00f6r mig finns det bara du<\/p>\n<p>Du \u00e4r min man<br \/>\noch jag vet du g\u00f6r s\u00e5 gott du kan<br \/>\nFast du inte tycker att du r\u00e4cker till<br \/>\nMen du f\u00e5r tycka vad du vill<\/p>\n<p>Jag \u00e4lskar dig<br \/>\nOch jag ber du m\u00e5ste tro p\u00e5 mig<br \/>\nDet betyder allt att vi tv\u00e5 har varann<br \/>\nDu \u00e4r min man<\/p>\n<p>Du \u00e4r min man<\/p>\n<p>Och om den bittra hoppl\u00f6sheten<br \/>\nhar slagit rot hos dig just nu<br \/>\nS\u00e5 l\u00e5t mig hj\u00e4lpa dig d\u00e5<br \/>\natt sv\u00e4lja f\u00f6rtreten<br \/>\nF\u00f6r mig finns det bara du<\/p>\n<p>Du \u00e4r min man<br \/>\noch jag vet du g\u00f6r s\u00e5 gott du kan<br \/>\nFast du inte tycker att du r\u00e4cker till<br \/>\nMen du f\u00e5r tycka vad du vill<\/p>\n<p>Jag \u00e4lskar dig<br \/>\nOch jag ber du m\u00e5ste tro p\u00e5 mig<br \/>\nDet betyder allt att vi tv\u00e5 har varann<br \/>\nDu \u00e4r min man<\/p>\n<p>Du \u00e4r min man&#8230;<\/p>\n<p><em>\u00a9 2004 Mono Music AB<\/em><\/p>\n<p><a title=\"BAO!\" href=\"https:\/\/helensjoholm.nu\/_eng\/2003-2005\/bao\/\">Back<\/a><\/p>\n","protected":false},"excerpt":{"rendered":"<p>Du \u00e4r min man och jag vet du g\u00f6r s\u00e5 gott du kan Fast du inte tycker att du r\u00e4cker till Men du f\u00e5r tycka <a class=\"more-link\" href=\"https:\/\/helensjoholm.nu\/_eng\/2003-2005\/bao\/lyrics-du-ar-min-man\/\">Read More &#8230;<\/a><\/p>\n","protected":false},"author":1,"featured_media":0,"parent":2954,"menu_order":0,"comment_status":"closed","ping_status":"closed","template":"","meta":{"ngg_post_thumbnail":0,"footnotes":""},"class_list":["post-2965","page","type-page","status-publish","hentry"],"aioseo_notices":[],"_links":{"self":[{"href":"https:\/\/helensjoholm.nu\/_eng\/wp-json\/wp\/v2\/pages\/2965","targetHints":{"allow":["GET"]}}],"collection":[{"href":"https:\/\/helensjoholm.nu\/_eng\/wp-json\/wp\/v2\/pages"}],"about":[{"href":"https:\/\/helensjoholm.nu\/_eng\/wp-json\/wp\/v2\/types\/page"}],"author":[{"embeddable":true,"href":"https:\/\/helensjoholm.nu\/_eng\/wp-json\/wp\/v2\/users\/1"}],"replies":[{"embeddable":true,"href":"https:\/\/helensjoholm.nu\/_eng\/wp-json\/wp\/v2\/comments?post=2965"}],"version-history":[{"count":0,"href":"https:\/\/helensjoholm.nu\/_eng\/wp-json\/wp\/v2\/pages\/2965\/revisions"}],"up":[{"embeddable":true,"href":"https:\/\/helensjoholm.nu\/_eng\/wp-json\/wp\/v2\/pages\/2954"}],"wp:attachment":[{"href":"https:\/\/helensjoholm.nu\/_eng\/wp-json\/wp\/v2\/media?parent=2965"}],"curies":[{"name":"wp","href":"https:\/\/api.w.org\/{rel}","templated":true}]}}