{"id":2947,"date":"2013-06-03T17:56:33","date_gmt":"2013-06-03T15:56:33","guid":{"rendered":"http:\/\/helensjoholm.nu\/_eng\/?page_id=2947"},"modified":"2021-01-05T17:56:08","modified_gmt":"2021-01-05T15:56:08","slug":"sa-som-i-himmelen","status":"publish","type":"page","link":"https:\/\/helensjoholm.nu\/_eng\/2003-2005\/sa-som-i-himmelen\/","title":{"rendered":"S\u00e5 som i himmelen"},"content":{"rendered":"<table align=\"left\" border=\"0\">\n<tbody>\n<tr>\n<td valign=\"top\"><img loading=\"lazy\" decoding=\"async\" width=\"100\" height=\"100\" title=\"S\u00e5 som i himmelen - Soundtrack (2004)\" class=\"alignnone\" alt=\"S\u00e5 som i himmelen - Soundtrack (2004)\" src=\"https:\/\/helensjoholm.nu\/_eng\/wp-content\/gallery\/dislkografi-2003-2005\/cd_sasomihimmelen.jpg\"><\/td>\n<td valign=\"top\"><strong>S\u00c5 SOM I HIMMELEN &#8211; SOUNDTRACK<\/strong><br \/>\nVirgin Records Sweden AB (2004)<\/td>\n<\/tr>\n<tr>\n<td colspan=\"2\"><strong>1. <\/strong> Vinterlandskapet<\/td>\n<\/tr>\n<tr>\n<td colspan=\"2\"><strong>2. <\/strong> <strong>Gabriellas S\u00e5ng &#8211; Helen Sj\u00f6holm<\/strong><\/td>\n<\/tr>\n<tr>\n<td colspan=\"2\"><strong> 3. <\/strong>Kraftverket<\/td>\n<\/tr>\n<tr>\n<td colspan=\"2\"><strong>4. <\/strong>Amazing Grace<\/td>\n<\/tr>\n<tr>\n<td colspan=\"2\"><strong>5. <\/strong> H\u00e4rlig \u00c4r Jorden<\/td>\n<\/tr>\n<tr>\n<td colspan=\"2\"><strong>6. <\/strong> Fly With Me (Lenas S\u00e5ng)<\/td>\n<\/tr>\n<tr>\n<td colspan=\"2\"><strong>7. <\/strong> Bach (sonata Nr 1 G-moll Bwv 1001 Presto)<\/td>\n<\/tr>\n<tr>\n<td colspan=\"2\"><strong>8. <\/strong> Daniel Och Lena<\/td>\n<\/tr>\n<tr>\n<td colspan=\"2\"><strong>9. <\/strong> K\u00f6rkraft \/ Festen<\/td>\n<\/tr>\n<tr>\n<td colspan=\"2\"><strong>10. <\/strong>Bach (sonata Nr 1 G-moll Bwv 1001 Adagio)<\/td>\n<\/tr>\n<tr>\n<td colspan=\"2\"><strong>11. <\/strong>Lenas Piano<\/td>\n<\/tr>\n<tr>\n<td colspan=\"2\"><strong>12. <\/strong>Det var s\u00e5 roligt &#8211; Rolf Lassg\u00e5rd<\/td>\n<\/tr>\n<tr>\n<td colspan=\"2\"><strong>13. <\/strong>Avsked<\/td>\n<\/tr>\n<tr>\n<td colspan=\"2\"><strong>14. <\/strong>Amors Andning<\/td>\n<\/tr>\n<tr>\n<td colspan=\"2\"><strong>15. <\/strong>S\u00e5 Som I Himmelen<\/td>\n<\/tr>\n<tr>\n<td colspan=\"2\"><strong>16. <\/strong>Gabriellas Piano<\/td>\n<\/tr>\n<tr>\n<td><strong><img loading=\"lazy\" decoding=\"async\" width=\"100\" height=\"100\" title=\"Single: Gabriellas s\u00e5ng (2004)\" class=\"alignnone\" alt=\"Single: Gabriellas s\u00e5ng (2004)\" src=\"https:\/\/helensjoholm.nu\/_eng\/wp-content\/gallery\/dislkografi-2003-2005\/single-gabriellassang-2004.png\"><\/strong><\/td>\n<td><strong>SINGLE<br \/>\nGABRIELLAS S\u00c5NG<\/strong><br \/>\nVirgin Records Sweden AB (2004)<\/td>\n<\/tr>\n<\/tbody>\n<\/table>\n<h5>Listen!<\/h5>\n<hr>\n<p><iframe loading=\"lazy\" title=\"Spotify Embed: S\u00e5 som i himmelen\" width=\"300\" height=\"380\" allowtransparency=\"true\" frameborder=\"0\" allow=\"encrypted-media\" src=\"https:\/\/open.spotify.com\/embed\/album\/6e3fJwgQ1OgmVBOjlNgcd0\"><\/iframe><\/p>\n<p><a title=\"Albums 2003 - 2005\" href=\"https:\/\/helensjoholm.nu\/_eng\/2003-2005\/\">Back<\/a><\/p>\n","protected":false},"excerpt":{"rendered":"<p>S\u00c5 SOM I HIMMELEN &#8211; SOUNDTRACK Virgin Records Sweden AB (2004) 1. Vinterlandskapet 2. Gabriellas S\u00e5ng &#8211; Helen Sj\u00f6holm 3. Kraftverket 4. Amazing Grace 5. <a class=\"more-link\" href=\"https:\/\/helensjoholm.nu\/_eng\/2003-2005\/sa-som-i-himmelen\/\">Read More &#8230;<\/a><\/p>\n","protected":false},"author":1,"featured_media":0,"parent":177,"menu_order":0,"comment_status":"closed","ping_status":"open","template":"","meta":{"ngg_post_thumbnail":0,"footnotes":""},"class_list":["post-2947","page","type-page","status-publish","hentry"],"aioseo_notices":[],"_links":{"self":[{"href":"https:\/\/helensjoholm.nu\/_eng\/wp-json\/wp\/v2\/pages\/2947","targetHints":{"allow":["GET"]}}],"collection":[{"href":"https:\/\/helensjoholm.nu\/_eng\/wp-json\/wp\/v2\/pages"}],"about":[{"href":"https:\/\/helensjoholm.nu\/_eng\/wp-json\/wp\/v2\/types\/page"}],"author":[{"embeddable":true,"href":"https:\/\/helensjoholm.nu\/_eng\/wp-json\/wp\/v2\/users\/1"}],"replies":[{"embeddable":true,"href":"https:\/\/helensjoholm.nu\/_eng\/wp-json\/wp\/v2\/comments?post=2947"}],"version-history":[{"count":0,"href":"https:\/\/helensjoholm.nu\/_eng\/wp-json\/wp\/v2\/pages\/2947\/revisions"}],"up":[{"embeddable":true,"href":"https:\/\/helensjoholm.nu\/_eng\/wp-json\/wp\/v2\/pages\/177"}],"wp:attachment":[{"href":"https:\/\/helensjoholm.nu\/_eng\/wp-json\/wp\/v2\/media?parent=2947"}],"curies":[{"name":"wp","href":"https:\/\/api.w.org\/{rel}","templated":true}]}}