{"id":2929,"date":"2013-06-03T17:42:56","date_gmt":"2013-06-03T15:42:56","guid":{"rendered":"http:\/\/helensjoholm.nu\/_eng\/?page_id=2929"},"modified":"2021-01-05T17:47:14","modified_gmt":"2021-01-05T15:47:14","slug":"fubs-skiva-unik","status":"publish","type":"page","link":"https:\/\/helensjoholm.nu\/_eng\/2003-2005\/fubs-skiva-unik\/","title":{"rendered":"FUB:s skiva Unik!"},"content":{"rendered":"<table align=\"left\" border=\"0\">\n<tbody>\n<tr>\n<td><img loading=\"lazy\" decoding=\"async\" width=\"100\" height=\"100\" title=\"FUB:s skiva Unik! (2004)\" class=\"alignnone\" alt=\"FUB:s skiva Unik! (2004)\" src=\"https:\/\/helensjoholm.nu\/_eng\/wp-content\/gallery\/dislkografi-2003-2005\/helen39_fub_cd.jpg\"><\/td>\n<td valign=\"top\"><strong>FUB:S (F\u00d6RENINGEN F\u00d6R UTVECKLINGSST\u00d6RDA BARN,<br \/>\nUNGDOMAR OCH VUXNAS) SKIVA UNIK!<\/strong><br \/>\n(2004)<\/td>\n<\/tr>\n<\/tbody>\n<\/table>\n<table align=\"left\" border=\"0\">\n<tbody>\n<tr valign=\"top\">\n<td><strong>1.<\/strong> Elling &amp; Kjell-Bjarne &#8211; Rolf Lassg\u00e5rd och Johan Ulveson<\/td>\n<\/tr>\n<tr valign=\"top\">\n<td><strong>2.<\/strong> The Pling &amp; Plong S\u00e5ng &#8211; Robert Broberg och Rockringen<\/td>\n<\/tr>\n<tr valign=\"top\">\n<td><strong>3.<\/strong> Sk\u00f6na M\u00e4nniskor &#8211; Allram &amp; Tjet + Petter<\/td>\n<\/tr>\n<tr valign=\"top\">\n<td><strong>4.<\/strong> Det Lilla Ljus Jag Har &#8211; Carola &amp; K\u00f6ren Oh Happy Day<\/td>\n<\/tr>\n<tr valign=\"top\">\n<td><strong>5.<\/strong> Epilepsi &#8211; Fredrik Orrg\u00e5rd<\/td>\n<\/tr>\n<tr valign=\"top\">\n<td><strong>6. En G\u00e5ng Var Han Mig N\u00e4ra &#8211; Helen Sj\u00f6holm<\/strong><\/td>\n<\/tr>\n<tr valign=\"top\">\n<td><strong>7.<\/strong> Help &#8211; Holiday with Maggie feat. Katrin Jonsson<\/td>\n<\/tr>\n<tr valign=\"top\">\n<td><strong>8.<\/strong> Jag F\u00e5r Aldrig Nog Av Sommaren &#8211; Peter Harrysson och Klickk\u00f6ren<\/td>\n<\/tr>\n<tr valign=\"top\">\n<td><strong>9.<\/strong> Sverige &#8211; Tomboy &amp; Robert One<\/td>\n<\/tr>\n<tr valign=\"top\">\n<td><strong>10.<\/strong> I&#8217;m on Fire (live) &#8211; Eskobar och Ane Brun<\/td>\n<\/tr>\n<tr valign=\"top\">\n<td><strong>11.<\/strong> Navsegda (Forever) &#8211; Irina<\/td>\n<\/tr>\n<tr valign=\"top\">\n<td><strong>12.<\/strong> Jag Spelade F\u00f6r D\u00e5rarna &#8211; Mikael Wiehe<\/td>\n<\/tr>\n<tr valign=\"top\">\n<td><strong>13.<\/strong> Unik &#8211; Charta 77 + Karin, Monica och Tom<\/td>\n<\/tr>\n<tr valign=\"top\">\n<td><strong>14.<\/strong> F\u00f6rlorad Ungdom &#8211; Bj\u00f6rn Samuelsson, Schaffer, J:son Lindh &amp; Blomquist<\/td>\n<\/tr>\n<tr valign=\"top\">\n<td><strong>15.<\/strong> Se Oss St\u00e5 H\u00e4r Tillsammans (Pomp and Circumstance) &#8211; FUB-K\u00f6ren,<br \/>\nSveriges Radios Symfoniorkester &amp; Radiok\u00f6ren<\/td>\n<\/tr>\n<tr valign=\"top\">\n<td><strong>BONUS SONGS:<\/strong><\/td>\n<\/tr>\n<tr valign=\"top\">\n<td><strong>1.<\/strong> Daniel Oyee (Live fr\u00e5n Sengerema, Tanzania) &#8211; Bantu Drama Group &amp; Daniel Johansson<\/td>\n<\/tr>\n<tr valign=\"top\">\n<td><strong>2.<\/strong> I Huvudet P\u00e5 Olof Ahnve &#8211; Olof Ahnve och Lundb\u00e4ck<\/td>\n<\/tr>\n<tr valign=\"top\">\n<td><strong>3.<\/strong> E&#8217;man Glad Ska Man Sjunga &#8211; Lena Philipsson, Robert Gustafsson, Peter Harrysson,<br \/>\nAnders Berglund m.fl.<\/td>\n<\/tr>\n<tr valign=\"top\">\n<td><a title=\"Albums 2003 - 2005\" href=\"https:\/\/helensjoholm.nu\/_eng\/2003-2005\">Back<\/a><\/td>\n<\/tr>\n<\/tbody>\n<\/table>\n<p>&nbsp;<\/p>\n","protected":false},"excerpt":{"rendered":"<p>FUB:S (F\u00d6RENINGEN F\u00d6R UTVECKLINGSST\u00d6RDA BARN, UNGDOMAR OCH VUXNAS) SKIVA UNIK! (2004) 1. Elling &amp; Kjell-Bjarne &#8211; Rolf Lassg\u00e5rd och Johan Ulveson 2. The Pling &amp; <a class=\"more-link\" href=\"https:\/\/helensjoholm.nu\/_eng\/2003-2005\/fubs-skiva-unik\/\">Read More &#8230;<\/a><\/p>\n","protected":false},"author":1,"featured_media":0,"parent":177,"menu_order":0,"comment_status":"closed","ping_status":"open","template":"","meta":{"ngg_post_thumbnail":0,"footnotes":""},"class_list":["post-2929","page","type-page","status-publish","hentry"],"aioseo_notices":[],"_links":{"self":[{"href":"https:\/\/helensjoholm.nu\/_eng\/wp-json\/wp\/v2\/pages\/2929","targetHints":{"allow":["GET"]}}],"collection":[{"href":"https:\/\/helensjoholm.nu\/_eng\/wp-json\/wp\/v2\/pages"}],"about":[{"href":"https:\/\/helensjoholm.nu\/_eng\/wp-json\/wp\/v2\/types\/page"}],"author":[{"embeddable":true,"href":"https:\/\/helensjoholm.nu\/_eng\/wp-json\/wp\/v2\/users\/1"}],"replies":[{"embeddable":true,"href":"https:\/\/helensjoholm.nu\/_eng\/wp-json\/wp\/v2\/comments?post=2929"}],"version-history":[{"count":0,"href":"https:\/\/helensjoholm.nu\/_eng\/wp-json\/wp\/v2\/pages\/2929\/revisions"}],"up":[{"embeddable":true,"href":"https:\/\/helensjoholm.nu\/_eng\/wp-json\/wp\/v2\/pages\/177"}],"wp:attachment":[{"href":"https:\/\/helensjoholm.nu\/_eng\/wp-json\/wp\/v2\/media?parent=2929"}],"curies":[{"name":"wp","href":"https:\/\/api.w.org\/{rel}","templated":true}]}}