{"id":2921,"date":"2013-06-03T17:40:21","date_gmt":"2013-06-03T15:40:21","guid":{"rendered":"http:\/\/helensjoholm.nu\/_eng\/?page_id=2921"},"modified":"2025-01-06T20:44:07","modified_gmt":"2025-01-06T18:44:07","slug":"julgryning-vaknar-en-samling-julsanger","status":"publish","type":"page","link":"https:\/\/helensjoholm.nu\/_eng\/2003-2005\/julgryning-vaknar-en-samling-julsanger\/","title":{"rendered":"Julgryning vaknar &#8211; En samling juls\u00e5nger"},"content":{"rendered":"<table border=\"0\" align=\"left\">\n<tbody>\n<tr>\n<td valign=\"top\"><img loading=\"lazy\" decoding=\"async\" class=\"alignnone\" title=\"Julgryning vaknar - En samling juls\u00e5nger (2004)\" src=\"https:\/\/helensjoholm.nu\/_eng\/wp-content\/gallery\/dislkografi-2003-2005\/cd_julgryningvaknar_2004.jpg\" alt=\"Julgryning vaknar - En samling juls\u00e5nger (2004)\" width=\"100\" height=\"100\"><\/td>\n<td valign=\"top\"><strong>JULGRYNING VAKNAR &#8211; EN SAMLING JULS\u00c5NGER<\/strong><br \/>\nPalladium Records (2004)<\/td>\n<\/tr>\n<tr>\n<td colspan=\"2\"><strong>1. <\/strong> Julgryning vaknar &#8211; Peter Lundblad<\/td>\n<\/tr>\n<tr>\n<td colspan=\"2\"><strong>2. <\/strong> L\u00e5t mig f\u00e5 t\u00e4nda ett ljus &#8211; Sanna Nielsen<\/td>\n<\/tr>\n<tr>\n<td colspan=\"2\"><strong> 3. <\/strong>Bereden v\u00e4g f\u00f6r herran &#8211; The Real Group<\/td>\n<\/tr>\n<tr>\n<td colspan=\"2\"><strong>4. <\/strong>Julen \u00e4r h\u00e4r &#8211; Sissel &amp; Tommy K\u00f6rberg<\/td>\n<\/tr>\n<tr>\n<td colspan=\"2\"><strong>5. <\/strong> Mitt vinterland &#8211; Magnus Carlsson<\/td>\n<\/tr>\n<tr>\n<td colspan=\"2\"><strong>6. <\/strong> Sprid ditt ljus &#8211; Sofia K\u00e4llgren<\/td>\n<\/tr>\n<tr>\n<td colspan=\"2\"><strong>7. <\/strong> Gl\u00e4djet\u00e5g &#8211; Uno Svenningsson &amp; Freda<\/td>\n<\/tr>\n<tr>\n<td colspan=\"2\"><strong>8. <\/strong> Jag dr\u00f6mmer om en jul hemma &#8211; Jessica Andersson<\/td>\n<\/tr>\n<tr>\n<td colspan=\"2\"><strong>9. <\/strong> Nu t\u00e4ndas tusen juleljus &#8211; Triple &amp; Touch<\/td>\n<\/tr>\n<tr>\n<td colspan=\"2\"><strong>10. <\/strong>Jag gick mig ut en afton &#8211; Lill Lindfors<\/td>\n<\/tr>\n<tr>\n<td colspan=\"2\"><strong>11. <\/strong>Jul, jul str\u00e5lande jul &#8211; Sten Nilsson &amp; Joybells<\/td>\n<\/tr>\n<tr>\n<td colspan=\"2\"><strong>12. <\/strong>Det str\u00e5lar en stj\u00e4rna &#8211; Lisa Rydberg &amp; Thomas Di Leva<\/td>\n<\/tr>\n<tr>\n<td colspan=\"2\"><strong>13. <strong>Gl\u00e4ns \u00f6ver sj\u00f6 och strand &#8211; Meiram (Helen Sj\u00f6holm &amp; Anna Stadling)<\/strong><\/strong><\/td>\n<\/tr>\n<tr>\n<td colspan=\"2\"><strong>14. <\/strong>Stilla natt &#8211; Loa Falkman<\/td>\n<\/tr>\n<tr>\n<td colspan=\"2\"><strong>15. <\/strong>En s\u00e5ng f\u00f6r miljoner r\u00f6ster &#8211; Roger Pontare<\/td>\n<\/tr>\n<tr>\n<td colspan=\"2\"><a title=\"Albums 2003 - 2005\" href=\"https:\/\/helensjoholm.nu\/_eng\/2003-2005\/\">Back<\/a><\/td>\n<\/tr>\n<\/tbody>\n<\/table>\n<p>&nbsp;<\/p>\n","protected":false},"excerpt":{"rendered":"<p>JULGRYNING VAKNAR &#8211; EN SAMLING JULS\u00c5NGER Palladium Records (2004) 1. Julgryning vaknar &#8211; Peter Lundblad 2. L\u00e5t mig f\u00e5 t\u00e4nda ett ljus &#8211; Sanna Nielsen <a class=\"more-link\" href=\"https:\/\/helensjoholm.nu\/_eng\/2003-2005\/julgryning-vaknar-en-samling-julsanger\/\">Read More &#8230;<\/a><\/p>\n","protected":false},"author":1,"featured_media":0,"parent":177,"menu_order":0,"comment_status":"closed","ping_status":"open","template":"","meta":{"ngg_post_thumbnail":0,"footnotes":""},"class_list":["post-2921","page","type-page","status-publish","hentry"],"aioseo_notices":[],"_links":{"self":[{"href":"https:\/\/helensjoholm.nu\/_eng\/wp-json\/wp\/v2\/pages\/2921","targetHints":{"allow":["GET"]}}],"collection":[{"href":"https:\/\/helensjoholm.nu\/_eng\/wp-json\/wp\/v2\/pages"}],"about":[{"href":"https:\/\/helensjoholm.nu\/_eng\/wp-json\/wp\/v2\/types\/page"}],"author":[{"embeddable":true,"href":"https:\/\/helensjoholm.nu\/_eng\/wp-json\/wp\/v2\/users\/1"}],"replies":[{"embeddable":true,"href":"https:\/\/helensjoholm.nu\/_eng\/wp-json\/wp\/v2\/comments?post=2921"}],"version-history":[{"count":1,"href":"https:\/\/helensjoholm.nu\/_eng\/wp-json\/wp\/v2\/pages\/2921\/revisions"}],"predecessor-version":[{"id":14798,"href":"https:\/\/helensjoholm.nu\/_eng\/wp-json\/wp\/v2\/pages\/2921\/revisions\/14798"}],"up":[{"embeddable":true,"href":"https:\/\/helensjoholm.nu\/_eng\/wp-json\/wp\/v2\/pages\/177"}],"wp:attachment":[{"href":"https:\/\/helensjoholm.nu\/_eng\/wp-json\/wp\/v2\/media?parent=2921"}],"curies":[{"name":"wp","href":"https:\/\/api.w.org\/{rel}","templated":true}]}}