{"id":2914,"date":"2013-06-03T17:35:28","date_gmt":"2013-06-03T15:35:28","guid":{"rendered":"http:\/\/helensjoholm.nu\/_eng\/?page_id=2914"},"modified":"2020-04-02T19:59:14","modified_gmt":"2020-04-02T17:59:14","slug":"ljuva-svenska-visa","status":"publish","type":"page","link":"https:\/\/helensjoholm.nu\/_eng\/2003-2005\/ljuva-svenska-visa\/","title":{"rendered":"Ljuva svenska visa"},"content":{"rendered":"<table align=\"left\" border=\"0\">\n<tbody>\n<tr>\n<td><img loading=\"lazy\" decoding=\"async\" width=\"100\" height=\"100\" title=\"Ljuva svenska visa (2004)\" class=\"alignnone\" alt=\"Ljuva svenska visa (2004)\" src=\"https:\/\/helensjoholm.nu\/_eng\/wp-content\/gallery\/dislkografi-2003-2005\/cd_ljuvasvenskavisa_2004.jpg\"><\/td>\n<td valign=\"top\"><strong>LJUVA SVENSKA VISA<\/strong><br \/>\nSony Music Entertainment (2004)<\/td>\n<\/tr>\n<tr>\n<td colspan=\"2\"><strong>1. <\/strong> <strong>Man Borde Inte Sova &#8211; Helen Sj\u00f6holm<\/strong><\/td>\n<\/tr>\n<tr>\n<td colspan=\"2\"><strong>2. <\/strong> En Fattig Trubadur &#8211; Cornelis Vreeswijk<\/td>\n<\/tr>\n<tr>\n<td colspan=\"2\"><strong> 3. <\/strong>Visa Fr\u00e5n Utanmyra &#8211; Monica Zetterlund<\/td>\n<\/tr>\n<tr>\n<td colspan=\"2\"><strong>4.<\/strong> I Roslagens Famn &#8211; Sven-Bertil Taube<\/td>\n<\/tr>\n<tr>\n<td colspan=\"2\"><strong>5. <\/strong> Du \u00e4r aldrig ensam &#8211; Mauro Scocco<\/td>\n<\/tr>\n<tr>\n<td colspan=\"2\"><strong>6. <\/strong> Bj\u00f6rkens Visa &#8211; Hootenanny Singers<\/td>\n<\/tr>\n<tr>\n<td colspan=\"2\"><strong>7. <\/strong> Balladen Om Herr Fredrik \u00c5kare &#8211; Anita Lindblom<\/td>\n<\/tr>\n<tr>\n<td colspan=\"2\"><strong>8. <\/strong> F\u00f6r K\u00e4rlekens Skull &#8211; Ted G\u00e4rdestad<\/td>\n<\/tr>\n<tr>\n<td colspan=\"2\"><strong>9. <\/strong> Sjuttonde Balladen &#8211; Freddie Wadling<\/td>\n<\/tr>\n<tr>\n<td colspan=\"2\"><strong>10. <\/strong>Det Var Dans Bort\u00e5t V\u00e4gen &#8211; Sven Ingvars<\/td>\n<\/tr>\n<tr>\n<td colspan=\"2\"><strong>11. <\/strong>Den F\u00f6rsta G\u00e5ng Jag S\u00e5g Dig &#8211; Tommy K\u00f6rberg<\/td>\n<\/tr>\n<tr>\n<td colspan=\"2\"><strong>12. <\/strong>Det G\u00e5tfulla Folket &#8211; Olle Adolphson<\/td>\n<\/tr>\n<tr>\n<td colspan=\"2\"><strong>13. <\/strong>\u00c4lska Mig &#8211; Ainbusk Singers<\/td>\n<\/tr>\n<tr>\n<td colspan=\"2\"><strong>14. <\/strong>Familjelycka &#8211; Bernt Staf<\/td>\n<\/tr>\n<tr>\n<td colspan=\"2\"><strong>15. <\/strong> Helgdagskv\u00e4ll I Timmerkojan &#8211; Thorstein Bergman<\/td>\n<\/tr>\n<tr>\n<td colspan=\"2\"><strong>16. <\/strong>Lejonbruden &#8211; Maritza Horn<\/td>\n<\/tr>\n<tr>\n<td colspan=\"2\"><strong>17. <\/strong>Balladen Om Briggen Blue Bird Av Hull &#8211; Totta N\u00e4slund<\/td>\n<\/tr>\n<tr>\n<td colspan=\"2\"><strong>18. <\/strong>Om Maskros Och Tj\u00e4rdoft &#8211; Carl-Anton<\/td>\n<\/tr>\n<tr>\n<td colspan=\"2\"><strong>19. <\/strong>S\u00e5 Skimrande Var Aldrig Havet &#8211; Lill Lindfors<\/td>\n<\/tr>\n<tr>\n<td colspan=\"2\"><strong>20. <\/strong>Mary Strand &#8211; Evert Taube &amp; Britta Borg<\/td>\n<\/tr>\n<tr>\n<td colspan=\"2\"><strong>21. <\/strong>Titanic (Andraklassens Sista S\u00e5ng) &#8211; Mikael Wiehe<\/td>\n<\/tr>\n<tr>\n<td colspan=\"2\"><strong>22. <\/strong>K\u00e4rleken F\u00f6rde Oss Samman &#8211; Anna-Lotta Larsson<\/td>\n<\/tr>\n<tr>\n<td colspan=\"2\"><strong>23. <\/strong>K\u00e4rleksvisa &#8211; Stefan Sundstr\u00f6m<\/td>\n<\/tr>\n<tr>\n<td colspan=\"2\"><strong>24. <\/strong>S\u00e5 L\u00e4nge Skutan Kan G\u00e5 &#8211; Per Myrberg<\/td>\n<\/tr>\n<tr>\n<td colspan=\"2\"><strong>25. <\/strong>Dr\u00f6mmens Skepp &#8211; Staffan Percy<\/td>\n<\/tr>\n<tr>\n<td colspan=\"2\"><strong>26. <\/strong>Tusen Bitar &#8211; Bj\u00f6rn Afzelius<\/td>\n<\/tr>\n<tr>\n<td colspan=\"2\"><strong>27. <\/strong>N\u00e4r Morgonen Gryr &#8211; G\u00f6sta Linderholm<\/td>\n<\/tr>\n<tr>\n<td colspan=\"2\"><strong>28. <\/strong>En Valsmelodimonica Zetterlund<\/td>\n<\/tr>\n<tr>\n<td colspan=\"2\"><strong>29. <\/strong>Kivikspolka &#8211; \u00d6sten Warnerbring<\/td>\n<\/tr>\n<tr>\n<td colspan=\"2\"><strong>30. <\/strong>En S\u00e5ng Till Fars Dag &#8211; Finn Zetterholm<\/td>\n<\/tr>\n<tr>\n<td colspan=\"2\"><strong>31. <\/strong>Barfotavisa &#8211; Mats Paulson<\/td>\n<\/tr>\n<tr>\n<td colspan=\"2\"><strong>32. <\/strong>Rumba I Engelska Parken &#8211; Owe Th\u00f6rnqvist<\/td>\n<\/tr>\n<tr>\n<td colspan=\"2\"><strong>33. <\/strong>Solig Morgon &#8211; Mikael Samuelsson<\/td>\n<\/tr>\n<tr>\n<td colspan=\"2\"><strong>34. <\/strong>Balladen Om Den Kaxiga Myran &#8211; Stefan Demert<\/td>\n<\/tr>\n<tr>\n<td colspan=\"2\"><strong>35. <\/strong>Balladen Om Det Stora Slagm\u00e5let P\u00e5 Tegelbacken &#8211; Siw Malmkvist<\/td>\n<\/tr>\n<tr>\n<td colspan=\"2\"><strong>36. <\/strong>B\u00e5tl\u00e5t &#8211; Robert Broberg<\/td>\n<\/tr>\n<tr>\n<td colspan=\"2\"><strong>37. <\/strong>Morfar Har Ber\u00e4ttat &#8211; Stefan Ljungqvist<\/td>\n<\/tr>\n<tr>\n<td colspan=\"2\"><strong>38. <\/strong>N\u00e4r L\u00f6ven Faller Av &#8211; Carola<\/td>\n<\/tr>\n<tr>\n<td colspan=\"2\"><strong>39. <\/strong>Farv\u00e4l Till Sommaren &#8211; Lasse Berghagen<\/td>\n<\/tr>\n<tr>\n<td colspan=\"2\"><strong>40. <\/strong>Trubaduren &#8211; Magnus Uggla<\/td>\n<\/tr>\n<tr>\n<td colspan=\"2\"><a title=\"Albums 2003 - 2005\" href=\"https:\/\/helensjoholm.nu\/_eng\/2003-2005\">Back<\/a><\/td>\n<\/tr>\n<\/tbody>\n<\/table>\n<p>&nbsp;<\/p>\n","protected":false},"excerpt":{"rendered":"<p>LJUVA SVENSKA VISA Sony Music Entertainment (2004) 1. Man Borde Inte Sova &#8211; Helen Sj\u00f6holm 2. En Fattig Trubadur &#8211; Cornelis Vreeswijk 3. Visa Fr\u00e5n <a class=\"more-link\" href=\"https:\/\/helensjoholm.nu\/_eng\/2003-2005\/ljuva-svenska-visa\/\">Read More &#8230;<\/a><\/p>\n","protected":false},"author":1,"featured_media":0,"parent":177,"menu_order":0,"comment_status":"closed","ping_status":"open","template":"","meta":{"ngg_post_thumbnail":0,"footnotes":""},"class_list":["post-2914","page","type-page","status-publish","hentry"],"aioseo_notices":[],"_links":{"self":[{"href":"https:\/\/helensjoholm.nu\/_eng\/wp-json\/wp\/v2\/pages\/2914","targetHints":{"allow":["GET"]}}],"collection":[{"href":"https:\/\/helensjoholm.nu\/_eng\/wp-json\/wp\/v2\/pages"}],"about":[{"href":"https:\/\/helensjoholm.nu\/_eng\/wp-json\/wp\/v2\/types\/page"}],"author":[{"embeddable":true,"href":"https:\/\/helensjoholm.nu\/_eng\/wp-json\/wp\/v2\/users\/1"}],"replies":[{"embeddable":true,"href":"https:\/\/helensjoholm.nu\/_eng\/wp-json\/wp\/v2\/comments?post=2914"}],"version-history":[{"count":0,"href":"https:\/\/helensjoholm.nu\/_eng\/wp-json\/wp\/v2\/pages\/2914\/revisions"}],"up":[{"embeddable":true,"href":"https:\/\/helensjoholm.nu\/_eng\/wp-json\/wp\/v2\/pages\/177"}],"wp:attachment":[{"href":"https:\/\/helensjoholm.nu\/_eng\/wp-json\/wp\/v2\/media?parent=2914"}],"curies":[{"name":"wp","href":"https:\/\/api.w.org\/{rel}","templated":true}]}}