{"id":2906,"date":"2013-06-02T20:13:46","date_gmt":"2013-06-02T18:13:46","guid":{"rendered":"http:\/\/helensjoholm.nu\/_eng\/?page_id=2906"},"modified":"2020-04-02T19:55:30","modified_gmt":"2020-04-02T17:55:30","slug":"toner-for-livet","status":"publish","type":"page","link":"https:\/\/helensjoholm.nu\/_eng\/2003-2005\/toner-for-livet\/","title":{"rendered":"Toner f\u00f6r livet"},"content":{"rendered":"<table align=\"left\" border=\"0\">\n<tbody>\n<tr>\n<td><img loading=\"lazy\" decoding=\"async\" width=\"100\" height=\"100\" title=\"Toner f\u00f6r livet (2004)\" class=\"alignnone\" alt=\"Toner f\u00f6r livet (2004)\" src=\"https:\/\/helensjoholm.nu\/_eng\/wp-content\/gallery\/dislkografi-2003-2005\/cd_tonerforlivet_2004.jpg\"><\/td>\n<td valign=\"top\"><strong>TONER F\u00d6R LIVET<\/strong><br \/>\n(2004)<\/td>\n<\/tr>\n<tr>\n<td colspan=\"2\">Toner f\u00f6r livet&nbsp;was a gift to all newborns and their parents in the region of V\u00e4stra G\u00f6taland in 2004 &#8211; 2009.<\/td>\n<\/tr>\n<tr>\n<td colspan=\"2\"><strong>1. <\/strong> <strong>Somna i ro mitt barn &#8211; Helen Sj\u00f6holm<\/strong><\/td>\n<\/tr>\n<tr>\n<td colspan=\"2\"><strong>2. <\/strong> Romans ur Eine Kleine Nachtmusik<\/td>\n<\/tr>\n<tr>\n<td colspan=\"2\"><strong> 3. <strong>Som en himmel<\/strong> &#8211; Helen Sj\u00f6holm<\/strong><\/td>\n<\/tr>\n<tr>\n<td colspan=\"2\"><strong>4.<\/strong> Largo ur Xerxes<\/td>\n<\/tr>\n<tr>\n<td colspan=\"2\"><strong>5. <\/strong> <strong>Lilla hand &#8211; Helen Sj\u00f6holm<\/strong><\/td>\n<\/tr>\n<tr>\n<td colspan=\"2\"><strong>6. <\/strong> Gymnop\u00e9die<\/td>\n<\/tr>\n<tr>\n<td colspan=\"2\"><strong>7. <\/strong> <strong>\u00c4ven en Blomma &#8211; Helen Sj\u00f6holm<\/strong><\/td>\n<\/tr>\n<tr>\n<td colspan=\"2\"><strong>8. <\/strong> Pavane<\/td>\n<\/tr>\n<tr>\n<td colspan=\"2\"><strong>9. <\/strong> <strong>L\u00e4ngst inne i mitt huvud &#8211; Helen Sj\u00f6holm<\/strong><\/td>\n<\/tr>\n<tr>\n<td colspan=\"2\"><a title=\"Albums 2003 - 2005\" href=\"https:\/\/helensjoholm.nu\/_eng\/2003-2005\/\">Back<\/a><\/td>\n<\/tr>\n<\/tbody>\n<\/table>\n<p>&nbsp;<\/p>\n","protected":false},"excerpt":{"rendered":"<p>TONER F\u00d6R LIVET (2004) Toner f\u00f6r livet&nbsp;was a gift to all newborns and their parents in the region of V\u00e4stra G\u00f6taland in 2004 &#8211; 2009. <a class=\"more-link\" href=\"https:\/\/helensjoholm.nu\/_eng\/2003-2005\/toner-for-livet\/\">Read More &#8230;<\/a><\/p>\n","protected":false},"author":1,"featured_media":0,"parent":177,"menu_order":0,"comment_status":"closed","ping_status":"open","template":"","meta":{"ngg_post_thumbnail":0,"footnotes":""},"class_list":["post-2906","page","type-page","status-publish","hentry"],"aioseo_notices":[],"_links":{"self":[{"href":"https:\/\/helensjoholm.nu\/_eng\/wp-json\/wp\/v2\/pages\/2906","targetHints":{"allow":["GET"]}}],"collection":[{"href":"https:\/\/helensjoholm.nu\/_eng\/wp-json\/wp\/v2\/pages"}],"about":[{"href":"https:\/\/helensjoholm.nu\/_eng\/wp-json\/wp\/v2\/types\/page"}],"author":[{"embeddable":true,"href":"https:\/\/helensjoholm.nu\/_eng\/wp-json\/wp\/v2\/users\/1"}],"replies":[{"embeddable":true,"href":"https:\/\/helensjoholm.nu\/_eng\/wp-json\/wp\/v2\/comments?post=2906"}],"version-history":[{"count":0,"href":"https:\/\/helensjoholm.nu\/_eng\/wp-json\/wp\/v2\/pages\/2906\/revisions"}],"up":[{"embeddable":true,"href":"https:\/\/helensjoholm.nu\/_eng\/wp-json\/wp\/v2\/pages\/177"}],"wp:attachment":[{"href":"https:\/\/helensjoholm.nu\/_eng\/wp-json\/wp\/v2\/media?parent=2906"}],"curies":[{"name":"wp","href":"https:\/\/api.w.org\/{rel}","templated":true}]}}