{"id":2889,"date":"2013-06-02T19:53:34","date_gmt":"2013-06-02T17:53:34","guid":{"rendered":"http:\/\/helensjoholm.nu\/_eng\/?page_id=2889"},"modified":"2020-04-02T19:50:11","modified_gmt":"2020-04-02T17:50:11","slug":"lille-kotten-sjunger-julvisor","status":"publish","type":"page","link":"https:\/\/helensjoholm.nu\/_eng\/2003-2005\/lille-kotten-sjunger-julvisor\/","title":{"rendered":"Lille Kotten sjunger julvisor"},"content":{"rendered":"<table align=\"left\" border=\"0\">\n<tbody>\n<tr>\n<td><img loading=\"lazy\" decoding=\"async\" width=\"100\" height=\"100\" title=\"Lille Kotten sjunger julvisor (2005)\" class=\"alignnone\" alt=\"Lille Kotten sjunger julvisor (2005)\" src=\"https:\/\/helensjoholm.nu\/_eng\/wp-content\/gallery\/dislkografi-2003-2005\/cd_lillakotten.jpg\"><\/td>\n<td valign=\"top\"><strong><strong>LILLA KOTTEN SJUNGER JULVISOR<\/strong><br \/>\n<\/strong>Naxos &#8211; Gammafon (2005)<\/td>\n<\/tr>\n<tr>\n<td colspan=\"2\"><strong>1. <\/strong> Tick Tack<\/td>\n<\/tr>\n<tr>\n<td colspan=\"2\"><strong>2. <\/strong> <strong>Nu \u00c4r Det Jul Igen &#8211; Helen Sj\u00f6holm<\/strong><\/td>\n<\/tr>\n<tr>\n<td colspan=\"2\"><strong> 3. <\/strong>Tomten \u00c4r P\u00e5 V\u00e4g In Till Stan<\/td>\n<\/tr>\n<tr>\n<td colspan=\"2\"><strong>4.<\/strong> Julklapp<\/td>\n<\/tr>\n<tr>\n<td colspan=\"2\"><strong>5. <\/strong> Feliz Navidad<\/td>\n<\/tr>\n<tr>\n<td colspan=\"2\"><strong>6. <\/strong> Anders Perssons Stuga<\/td>\n<\/tr>\n<tr>\n<td colspan=\"2\"><strong>7. <\/strong> Diverse Julboogie<\/td>\n<\/tr>\n<tr>\n<td colspan=\"2\"><strong>8. <\/strong> Karusellen<\/td>\n<\/tr>\n<tr>\n<td colspan=\"2\"><strong>9. <\/strong> Rudolf Med R\u00f6da Mulen<\/td>\n<\/tr>\n<tr>\n<td colspan=\"2\"><strong>10.<\/strong> Tomtegubben Som Hade Snuva<\/td>\n<\/tr>\n<tr>\n<td colspan=\"2\"><strong>11. <\/strong> Julpolska<\/td>\n<\/tr>\n<tr>\n<td colspan=\"2\"><strong>12.<\/strong> Julklapp<\/td>\n<\/tr>\n<tr>\n<td colspan=\"2\"><strong>13. <strong>Tomtefar Och R\u00e5ttorna<\/strong> &#8211; Helen Sj\u00f6holm<\/strong><\/td>\n<\/tr>\n<tr>\n<td colspan=\"2\"><strong>14. <\/strong>Hej Tomtegubbar<\/td>\n<\/tr>\n<tr>\n<td colspan=\"2\"><strong>15. <\/strong>Bj\u00e4llerklang\/Bate O Sino<\/td>\n<\/tr>\n<tr>\n<td colspan=\"2\"><strong>16. <\/strong>God Jul Fr\u00e5n Hawaii (Mele Kalikimak)<\/td>\n<\/tr>\n<tr>\n<td colspan=\"2\"><strong>17. <\/strong>Tre Pepparkaksgubbar<\/td>\n<\/tr>\n<tr>\n<td colspan=\"2\"><strong>18. <\/strong>Tomtarnas Julnatt<\/td>\n<\/tr>\n<tr>\n<td colspan=\"2\"><strong>19. <\/strong>R\u00e4ven Raskar \u00d6ver Isen<\/td>\n<\/tr>\n<tr>\n<td colspan=\"2\"><strong>20. <strong>Vi \u00c4ro Musikanter &#8211; Helen Sj\u00f6holm<\/strong><\/strong><\/td>\n<\/tr>\n<tr>\n<td colspan=\"2\"><strong>21. <\/strong>Julklapp<\/td>\n<\/tr>\n<tr>\n<td colspan=\"2\"><strong>22. <strong>M\u00f6ssens Julafton<\/strong> &#8211; Helen Sj\u00f6holm <\/strong><\/td>\n<\/tr>\n<tr>\n<td colspan=\"2\"><strong>23. <\/strong>Nu S\u00e5 Kommer Julen<\/td>\n<\/tr>\n<tr>\n<td colspan=\"2\"><strong>24. <\/strong>Nu T\u00e4ndas Tusen Juleljus\/Tomten<\/td>\n<\/tr>\n<tr>\n<td colspan=\"2\"><strong>25. <\/strong>God Jul<\/td>\n<\/tr>\n<\/tbody>\n<\/table>\n<h5>Listen!<\/h5>\n<hr>\n<p><iframe loading=\"lazy\" title=\"Spotify Embed: Lilla Kotten sjunger julvisor\" width=\"300\" height=\"380\" allowtransparency=\"true\" frameborder=\"0\" allow=\"encrypted-media\" src=\"https:\/\/open.spotify.com\/embed\/album\/6tDnPNZk7bg6uljLMybBoS\"><\/iframe><\/p>\n<p><a title=\"Albums 2003 - 2005\" href=\"https:\/\/helensjoholm.nu\/_eng\/2003-2005\/\">Back<\/a><\/p>\n","protected":false},"excerpt":{"rendered":"<p>LILLA KOTTEN SJUNGER JULVISOR Naxos &#8211; Gammafon (2005) 1. Tick Tack 2. Nu \u00c4r Det Jul Igen &#8211; Helen Sj\u00f6holm 3. Tomten \u00c4r P\u00e5 V\u00e4g <a class=\"more-link\" href=\"https:\/\/helensjoholm.nu\/_eng\/2003-2005\/lille-kotten-sjunger-julvisor\/\">Read More &#8230;<\/a><\/p>\n","protected":false},"author":1,"featured_media":0,"parent":177,"menu_order":0,"comment_status":"closed","ping_status":"open","template":"","meta":{"ngg_post_thumbnail":0,"footnotes":""},"class_list":["post-2889","page","type-page","status-publish","hentry"],"aioseo_notices":[],"_links":{"self":[{"href":"https:\/\/helensjoholm.nu\/_eng\/wp-json\/wp\/v2\/pages\/2889","targetHints":{"allow":["GET"]}}],"collection":[{"href":"https:\/\/helensjoholm.nu\/_eng\/wp-json\/wp\/v2\/pages"}],"about":[{"href":"https:\/\/helensjoholm.nu\/_eng\/wp-json\/wp\/v2\/types\/page"}],"author":[{"embeddable":true,"href":"https:\/\/helensjoholm.nu\/_eng\/wp-json\/wp\/v2\/users\/1"}],"replies":[{"embeddable":true,"href":"https:\/\/helensjoholm.nu\/_eng\/wp-json\/wp\/v2\/comments?post=2889"}],"version-history":[{"count":0,"href":"https:\/\/helensjoholm.nu\/_eng\/wp-json\/wp\/v2\/pages\/2889\/revisions"}],"up":[{"embeddable":true,"href":"https:\/\/helensjoholm.nu\/_eng\/wp-json\/wp\/v2\/pages\/177"}],"wp:attachment":[{"href":"https:\/\/helensjoholm.nu\/_eng\/wp-json\/wp\/v2\/media?parent=2889"}],"curies":[{"name":"wp","href":"https:\/\/api.w.org\/{rel}","templated":true}]}}