{"id":2879,"date":"2013-06-02T19:43:53","date_gmt":"2013-06-02T17:43:53","guid":{"rendered":"http:\/\/helensjoholm.nu\/_eng\/?page_id=2879"},"modified":"2020-04-02T19:48:20","modified_gmt":"2020-04-02T17:48:20","slug":"en-bukett-mred-sommarblommor","status":"publish","type":"page","link":"https:\/\/helensjoholm.nu\/_eng\/2003-2005\/en-bukett-mred-sommarblommor\/","title":{"rendered":"En bukett med sommarblommor"},"content":{"rendered":"<table align=\"left\" border=\"0\">\n<tbody>\n<tr>\n<td><img loading=\"lazy\" decoding=\"async\" width=\"100\" height=\"100\" title=\"En bukett med sommarblommor (2005)\" class=\"alignnone\" alt=\"En bukett med sommarblommor (2005)\" src=\"https:\/\/helensjoholm.nu\/_eng\/wp-content\/gallery\/dislkografi-2003-2005\/cd_enbukettmedsommarblommor_2005.jpg\"><\/td>\n<td valign=\"top\"><strong>EN BUKETT MED SOMMARBLOMMOR<\/strong><br \/>\nEMI (2005)<\/td>\n<\/tr>\n<tr>\n<td colspan=\"2\"><strong>1. <\/strong> <strong>Gabriellas s\u00e5ng &#8211; Helen Sj\u00f6holm &amp; Stefan Nilsson<\/strong><\/td>\n<\/tr>\n<tr>\n<td colspan=\"2\"><strong>2. <\/strong> \u00c4lska mej &#8211; Christer Sj\u00f6gren<\/td>\n<\/tr>\n<tr>\n<td colspan=\"2\"><strong> 3. <\/strong>Hundar ungar och hembryggt \u00e4ppelvin &#8211; Alf Robertson<\/td>\n<\/tr>\n<tr>\n<td colspan=\"2\"><strong>4.<\/strong> Dr\u00f6mmen om Elin &#8211; Tommy K\u00f6rberg<\/td>\n<\/tr>\n<tr>\n<td colspan=\"2\"><strong>5. <\/strong> S\u00e5 skimrande var aldrig havet &#8211; Sven-Bertil Taube<\/td>\n<\/tr>\n<tr>\n<td colspan=\"2\"><strong>6. <\/strong> Barfotavisan &#8211; Mats Paulson<\/td>\n<\/tr>\n<tr>\n<td colspan=\"2\"><strong>7. <\/strong> \u00c5h, sk\u00f6na sommar mitt hj\u00e4rt \u00e4r ditt &#8211; Lasse Berghagen<\/td>\n<\/tr>\n<tr>\n<td colspan=\"2\"><strong>8. <\/strong> Dans p\u00e5 Vejby \u00e4ngar &#8211; Hasse Andersson<\/td>\n<\/tr>\n<tr>\n<td colspan=\"2\"><strong>9. <\/strong> Beatrice &#8211; Kalle Moraeus<\/td>\n<\/tr>\n<tr>\n<td colspan=\"2\"><strong>10.<\/strong> Ta mig till havet &#8211; Peter Lundblad<\/td>\n<\/tr>\n<tr>\n<td colspan=\"2\"><strong>11. <\/strong> Om himlen och \u00d6sterlen &#8211; Lasse Stefanz<\/td>\n<\/tr>\n<tr>\n<td colspan=\"2\"><strong>12.<\/strong> Maria Therese &#8211; Fernandoz<\/td>\n<\/tr>\n<tr>\n<td colspan=\"2\"><strong>13. <\/strong>En glad calypso om v\u00e5ren &#8211; G\u00f6ran Ringbom<\/td>\n<\/tr>\n<tr>\n<td colspan=\"2\"><strong>14. <\/strong>\u00c4nnu doftar k\u00e4rlek &#8211; Marie Fredriksson<\/td>\n<\/tr>\n<tr>\n<td colspan=\"2\"><strong>15. <\/strong>Lassie &#8211; Ainbusk<\/td>\n<\/tr>\n<tr>\n<td colspan=\"2\"><strong>16. <\/strong>En lilja i dalen &#8211; Danne Str\u00e5hed<\/td>\n<\/tr>\n<tr>\n<td colspan=\"2\"><strong>17. <\/strong>Till min k\u00e4ra &#8211; Streaplers<\/td>\n<\/tr>\n<tr>\n<td colspan=\"2\"><strong>18. <\/strong>Calle Schewens vals &#8211; Per Myrberg<\/td>\n<\/tr>\n<tr>\n<td colspan=\"2\"><strong>19. <\/strong>Den blomstertid nu kommer &#8211; Hans Martin<\/td>\n<\/tr>\n<tr>\n<td colspan=\"2\"><strong>20. <\/strong>Idas sommarvisa &#8211; Georg Riedel<\/td>\n<\/tr>\n<tr>\n<td colspan=\"2\"><a title=\"Albums 2003 - 2005\" href=\"https:\/\/helensjoholm.nu\/_eng\/2003-2005\/\">Back<\/a><\/td>\n<\/tr>\n<\/tbody>\n<\/table>\n<p>&nbsp;<\/p>\n","protected":false},"excerpt":{"rendered":"<p>EN BUKETT MED SOMMARBLOMMOR EMI (2005) 1. Gabriellas s\u00e5ng &#8211; Helen Sj\u00f6holm &amp; Stefan Nilsson 2. \u00c4lska mej &#8211; Christer Sj\u00f6gren 3. Hundar ungar och <a class=\"more-link\" href=\"https:\/\/helensjoholm.nu\/_eng\/2003-2005\/en-bukett-mred-sommarblommor\/\">Read More &#8230;<\/a><\/p>\n","protected":false},"author":1,"featured_media":0,"parent":177,"menu_order":0,"comment_status":"closed","ping_status":"open","template":"","meta":{"ngg_post_thumbnail":0,"footnotes":""},"class_list":["post-2879","page","type-page","status-publish","hentry"],"aioseo_notices":[],"_links":{"self":[{"href":"https:\/\/helensjoholm.nu\/_eng\/wp-json\/wp\/v2\/pages\/2879","targetHints":{"allow":["GET"]}}],"collection":[{"href":"https:\/\/helensjoholm.nu\/_eng\/wp-json\/wp\/v2\/pages"}],"about":[{"href":"https:\/\/helensjoholm.nu\/_eng\/wp-json\/wp\/v2\/types\/page"}],"author":[{"embeddable":true,"href":"https:\/\/helensjoholm.nu\/_eng\/wp-json\/wp\/v2\/users\/1"}],"replies":[{"embeddable":true,"href":"https:\/\/helensjoholm.nu\/_eng\/wp-json\/wp\/v2\/comments?post=2879"}],"version-history":[{"count":0,"href":"https:\/\/helensjoholm.nu\/_eng\/wp-json\/wp\/v2\/pages\/2879\/revisions"}],"up":[{"embeddable":true,"href":"https:\/\/helensjoholm.nu\/_eng\/wp-json\/wp\/v2\/pages\/177"}],"wp:attachment":[{"href":"https:\/\/helensjoholm.nu\/_eng\/wp-json\/wp\/v2\/media?parent=2879"}],"curies":[{"name":"wp","href":"https:\/\/api.w.org\/{rel}","templated":true}]}}