{"id":2868,"date":"2013-06-02T19:28:54","date_gmt":"2013-06-02T17:28:54","guid":{"rendered":"http:\/\/helensjoholm.nu\/_eng\/?page_id=2868"},"modified":"2020-04-01T20:26:20","modified_gmt":"2020-04-01T18:26:20","slug":"svenska-sommarklassiker","status":"publish","type":"page","link":"https:\/\/helensjoholm.nu\/_eng\/2003-2005\/svenska-sommarklassiker\/","title":{"rendered":"Svenska sommarklassiker"},"content":{"rendered":"<table align=\"left\" border=\"0\">\n<tbody>\n<tr>\n<td><img loading=\"lazy\" decoding=\"async\" width=\"100\" height=\"100\" title=\"Svenska sommarklassiker (2005)\" class=\"alignnone\" alt=\"Svenska sommarklassiker (2005)\" src=\"https:\/\/helensjoholm.nu\/_eng\/wp-content\/gallery\/dislkografi-2003-2005\/cd_svenskasommarklassiker.jpg\"><\/td>\n<td valign=\"top\"><strong>SVENSKA SOMMARKLASSIKER<\/strong><br \/>\nUniversal Music AB (2005)<\/td>\n<\/tr>\n<tr>\n<td colspan=\"2\"><strong>1. <\/strong> Sommar, Sommar, Sommar &#8211; Radions Underh\u00e5llningsorkester<\/td>\n<\/tr>\n<tr>\n<td colspan=\"2\"><strong>2. <\/strong> Att ang\u00f6ra en Brygga &#8211; Monica Zetterlund<\/td>\n<\/tr>\n<tr>\n<td colspan=\"2\"><strong> 3. <\/strong>Ta av dej Skorna! &#8211; Povel Ramel<\/td>\n<\/tr>\n<tr>\n<td colspan=\"2\"><strong>4.<\/strong> Barfotavisan &#8211; Mats Paulson<\/td>\n<\/tr>\n<tr>\n<td colspan=\"2\"><strong>5. <\/strong> Sommarkort &#8211; Ainbusk<\/td>\n<\/tr>\n<tr>\n<td colspan=\"2\"><strong>6. <\/strong> Det g\u00e5tfulla Folket &#8211; Olle Adolphson<\/td>\n<\/tr>\n<tr>\n<td colspan=\"2\"><strong>7. <\/strong> Balladen om Herr Fredrik \u00e5kare och den s\u00f6ta Fr\u00f6ken<\/td>\n<\/tr>\n<tr>\n<td colspan=\"2\"><strong>8. <\/strong> Cecilia Lind &#8211; Anita Lindblom<\/td>\n<\/tr>\n<tr>\n<td colspan=\"2\"><strong>9. <\/strong> Brusa h\u00f6gre lilla \u00e5 &#8211; Bj\u00f6rn J:son Lindh<\/td>\n<\/tr>\n<tr>\n<td colspan=\"2\"><strong>10.<\/strong> <strong>Come give me Love<\/strong> &#8211; <strong>Helen Sj\u00f6holm<\/strong><\/td>\n<\/tr>\n<tr>\n<td colspan=\"2\"><strong>11. <\/strong> Dansen p\u00e5 Sunnan\u00f6 &#8211; Hootenanny Singers<\/td>\n<\/tr>\n<tr>\n<td colspan=\"2\"><strong>12.<\/strong> Bed\u00e5rande Sommarvals &#8211; Monica Zetterlund<\/td>\n<\/tr>\n<tr>\n<td colspan=\"2\"><strong>13. <\/strong>Fiskarna i Haven &#8211; Idde Schultz<\/td>\n<\/tr>\n<tr>\n<td colspan=\"2\"><strong>14. <\/strong>Hav och Sand &#8211; Lars Berghagen<\/td>\n<\/tr>\n<tr>\n<td colspan=\"2\"><strong>15. <\/strong>H\u00f6r min Samba &#8211; Lill Lindfors<\/td>\n<\/tr>\n<tr>\n<td colspan=\"2\"><strong>16. <\/strong>Jag tror p\u00e5 Sommaren &#8211; Mats Olin<\/td>\n<\/tr>\n<tr>\n<td colspan=\"2\"><strong>17. <\/strong>Oh Boy! &#8211; Peps Persson<\/td>\n<\/tr>\n<tr>\n<td colspan=\"2\"><strong>18. <\/strong>Sol, Vind och Vatten &#8211; Ted G\u00e4rdestad<\/td>\n<\/tr>\n<tr>\n<td colspan=\"2\"><strong>19. <\/strong>Sommar och Sol \u00e4r det b\u00e4sta jag vet &#8211; Sven Ingvars<\/td>\n<\/tr>\n<tr>\n<td colspan=\"2\"><strong>20. <\/strong>Sommaren \u00e4r kort &#8211; Thomas Ledin<\/td>\n<\/tr>\n<tr>\n<td colspan=\"2\"><strong>21. <\/strong>Ta mig till Havet &#8211; Peter Lundblad<\/td>\n<\/tr>\n<tr>\n<td colspan=\"2\"><strong>22. <\/strong>Turistens Klagan &#8211; Cornelis Vreeswijk<\/td>\n<\/tr>\n<tr>\n<td colspan=\"2\"><strong>23. <\/strong>\u00c4nglamark &#8211; Sven-Bertil Taube<\/td>\n<\/tr>\n<tr>\n<td colspan=\"2\"><a title=\"Albums 2006 - 2005\" href=\" https:\/\/helensjoholm.nu\/_eng\/2003-2005\/\">Back<\/a><\/td>\n<\/tr>\n<\/tbody>\n<\/table>\n<h5>Listen!<\/h5>\n<hr>\n<p><iframe loading=\"lazy\" title=\"Spotify Embed: Svenska sommarklassiker 2005\" width=\"300\" height=\"380\" allowtransparency=\"true\" frameborder=\"0\" allow=\"encrypted-media\" src=\"https:\/\/open.spotify.com\/embed\/album\/1CEdo6I5G19D9UT9HMgfcZ\"><\/iframe><\/p>\n<p><a title=\"Albums 2006 - 2005\" href=\" https:\/\/helensjoholm.nu\/_eng\/2003-2005\/\">Back<\/a><\/p>\n","protected":false},"excerpt":{"rendered":"<p>SVENSKA SOMMARKLASSIKER Universal Music AB (2005) 1. Sommar, Sommar, Sommar &#8211; Radions Underh\u00e5llningsorkester 2. Att ang\u00f6ra en Brygga &#8211; Monica Zetterlund 3. Ta av dej <a class=\"more-link\" href=\"https:\/\/helensjoholm.nu\/_eng\/2003-2005\/svenska-sommarklassiker\/\">Read More &#8230;<\/a><\/p>\n","protected":false},"author":1,"featured_media":0,"parent":177,"menu_order":0,"comment_status":"closed","ping_status":"open","template":"","meta":{"ngg_post_thumbnail":0,"footnotes":""},"class_list":["post-2868","page","type-page","status-publish","hentry"],"aioseo_notices":[],"_links":{"self":[{"href":"https:\/\/helensjoholm.nu\/_eng\/wp-json\/wp\/v2\/pages\/2868","targetHints":{"allow":["GET"]}}],"collection":[{"href":"https:\/\/helensjoholm.nu\/_eng\/wp-json\/wp\/v2\/pages"}],"about":[{"href":"https:\/\/helensjoholm.nu\/_eng\/wp-json\/wp\/v2\/types\/page"}],"author":[{"embeddable":true,"href":"https:\/\/helensjoholm.nu\/_eng\/wp-json\/wp\/v2\/users\/1"}],"replies":[{"embeddable":true,"href":"https:\/\/helensjoholm.nu\/_eng\/wp-json\/wp\/v2\/comments?post=2868"}],"version-history":[{"count":0,"href":"https:\/\/helensjoholm.nu\/_eng\/wp-json\/wp\/v2\/pages\/2868\/revisions"}],"up":[{"embeddable":true,"href":"https:\/\/helensjoholm.nu\/_eng\/wp-json\/wp\/v2\/pages\/177"}],"wp:attachment":[{"href":"https:\/\/helensjoholm.nu\/_eng\/wp-json\/wp\/v2\/media?parent=2868"}],"curies":[{"name":"wp","href":"https:\/\/api.w.org\/{rel}","templated":true}]}}