{"id":2815,"date":"2013-06-01T15:56:45","date_gmt":"2013-06-01T13:56:45","guid":{"rendered":"http:\/\/helensjoholm.nu\/_eng\/?page_id=2815"},"modified":"2020-01-26T22:37:29","modified_gmt":"2020-01-26T20:37:29","slug":"bondernas-basta-karlekslatar","status":"publish","type":"page","link":"https:\/\/helensjoholm.nu\/_eng\/2006-2010\/bondernas-basta-karlekslatar\/","title":{"rendered":"B\u00f6ndernas b\u00e4sta k\u00e4rleksl\u00e5tar"},"content":{"rendered":"<table border=\"0\" align=\"left\">\n<tbody>\n<tr>\n<td valign=\"top\"><a title=\"B\u00f6ndernas b\u00e4sta k\u00e4rleksl\u00e5tar\" href=\"https:\/\/helensjoholm.nu\/_eng\/2006-2010-3\/bondernas-basta-karlekslatar\/\"><img loading=\"lazy\" decoding=\"async\" class=\"alignnone\" title=\"B\u00f6ndernas b\u00e4sta k\u00e4rleksl\u00e5tar (2006)\" src=\"https:\/\/helensjoholm.nu\/_eng\/wp-content\/gallery\/diskografi-2006-2010\/cd_bondernasbastakarlekslatar_2006.jpg\" alt=\"B\u00f6ndernas b\u00e4sta k\u00e4rleksl\u00e5tar (2006)\" width=\"100\" height=\"100\"><\/a><\/td>\n<td valign=\"top\"><strong>B\u00d6NDERNAS B\u00c4STA K\u00c4RLEKSL\u00c5TAR<\/strong><br \/>\nMariann Grammofon\/Warner (2006)<\/td>\n<\/tr>\n<tr>\n<td colspan=\"2\"><strong>1. <\/strong> <strong>Gabriellas s\u00e5ng &#8211; Stefan Nilsson &amp; Helen Sj\u00f6holm<\/strong><\/td>\n<\/tr>\n<tr>\n<td colspan=\"2\"><strong>2. <\/strong> N\u00e4r l\u00f6ven faller &#8211; Carola<\/td>\n<\/tr>\n<tr>\n<td colspan=\"2\"><strong> 3. <\/strong>Glorious &#8211; Andreas Johnson<\/td>\n<\/tr>\n<tr>\n<td colspan=\"2\"><strong>4.<\/strong> Live tomorrow &#8211; Laleh<\/td>\n<\/tr>\n<tr>\n<td colspan=\"2\"><strong>5. <\/strong> Open door &#8211; BWO<\/td>\n<\/tr>\n<tr>\n<td colspan=\"2\"><strong>6. <\/strong> Hopelessly devoted to you &#8211; Jill Johnson<\/td>\n<\/tr>\n<tr>\n<td colspan=\"2\"><strong>7. <\/strong> N\u00e4r k\u00e4rleken f\u00f6ds &#8211; Shirley Clamp<\/td>\n<\/tr>\n<tr>\n<td colspan=\"2\"><strong>8. <\/strong> Dina f\u00e4ger var bl\u00e5 &#8211; Tommy Nilsson<\/td>\n<\/tr>\n<tr>\n<td colspan=\"2\"><strong>9. <\/strong> Always on my mind &#8211; Kina<\/td>\n<\/tr>\n<tr>\n<td colspan=\"2\"><strong>10.<\/strong> Hon har ett s\u00e4tt &#8211; Jakob Hellman<\/td>\n<\/tr>\n<tr>\n<td colspan=\"2\"><strong>11. <\/strong>Sista morgonen &#8211; Niklas Str\u00f6mstedt<\/td>\n<\/tr>\n<tr>\n<td colspan=\"2\"><strong>12.<\/strong> N\u00e4r vi r\u00f6r varann &#8211; Susanne Alfvengren<\/td>\n<\/tr>\n<tr>\n<td colspan=\"2\"><strong>13. <\/strong>Gr\u00f6na sm\u00e5 \u00e4pplen &#8211; Monica Zetterlund<\/td>\n<\/tr>\n<tr>\n<td colspan=\"2\"><strong>14. <\/strong>\u00c4lskar du livet &#8211; Bj\u00f6rn Kjellman<\/td>\n<\/tr>\n<tr>\n<td colspan=\"2\"><strong>15. <\/strong>Av l\u00e4ngtan till dig &#8211; \u00c5sa Jinder &amp; Cajsa Stina \u00c5kerstr\u00f6m<\/td>\n<\/tr>\n<tr>\n<td colspan=\"2\"><strong>16. <\/strong>Om herr Fredrik \u00c5kare och den s\u00f6ta fr\u00f6ken Cecilia Lind &#8211; \u00c5sa Jinder &amp; Cajsa Stina \u00c5kerstr\u00f6m<\/td>\n<\/tr>\n<tr>\n<td colspan=\"2\"><strong>17. <\/strong>If I used to love you &#8211; Daniel Lemma<\/td>\n<\/tr>\n<tr>\n<td colspan=\"2\"><strong>18. <\/strong>N\u00e5got som kan h\u00e4nda &#8211; Mathias Holmgren<\/td>\n<\/tr>\n<tr>\n<td colspan=\"2\"><strong>19. <\/strong>I won\u00b4t cry &#8211; Elin Lanto<\/td>\n<\/tr>\n<tr>\n<td colspan=\"2\"><strong>20. <\/strong>Burnin\u00b4 &#8211; Cue<\/td>\n<\/tr>\n<tr>\n<td colspan=\"2\"><strong>21. <\/strong>Du \u00e4r fantastisk &#8211; Uno Svenningsson<\/td>\n<\/tr>\n<tr>\n<td colspan=\"2\"><strong>22. <\/strong>Det vackraste &#8211; Cecilia Vennersten<\/td>\n<\/tr>\n<tr>\n<td colspan=\"2\"><strong>23. <\/strong>When to hold on &#8211; Jennifer Brown<\/td>\n<\/tr>\n<tr>\n<td colspan=\"2\"><strong>24. <\/strong>B\u00e4sta f\u00f6r dig &#8211; Grymlings<\/td>\n<\/tr>\n<tr>\n<td colspan=\"2\"><strong>25. <\/strong>A little bit more &#8211; Jill Johnson<\/td>\n<\/tr>\n<tr>\n<td colspan=\"2\"><strong>26. <\/strong>Heaven &#8211; Anders Johansson<\/td>\n<\/tr>\n<tr>\n<td colspan=\"2\"><strong>27. <\/strong>S\u00e5ng till friheten &#8211; Bj\u00f6rn Afzelius<\/td>\n<\/tr>\n<tr>\n<td colspan=\"2\"><strong>28. <\/strong>Se mig &#8211; Magnus Carlsson &amp; Barbados<\/td>\n<\/tr>\n<tr>\n<td colspan=\"2\"><strong>29. <\/strong>Fr\u00e5n Djursholm till Danvikstull &#8211; Orup<\/td>\n<\/tr>\n<tr>\n<td colspan=\"2\"><strong>30. <\/strong>Till dom ensamma &#8211; Mauro Scocco<\/td>\n<\/tr>\n<tr>\n<td colspan=\"2\"><strong>31. <\/strong>Ljus och v\u00e4rme &#8211; \u00c5ke Alexandersson<\/td>\n<\/tr>\n<tr>\n<td colspan=\"2\"><strong>32. <\/strong>F\u00f6r alltid &#8211; Sara L\u00f6fgren<\/td>\n<\/tr>\n<tr>\n<td colspan=\"2\"><strong>33. <\/strong>Jag ger dig min morgon &#8211; Fredrik \u00c5kerstr\u00f6m<\/td>\n<\/tr>\n<tr>\n<td colspan=\"2\"><strong>34. <\/strong>K\u00e4rleken \u00e4r evig &#8211; Lena PH<\/td>\n<\/tr>\n<tr>\n<td colspan=\"2\"><strong>35. <\/strong>Se p\u00e5 mig &#8211; Jan Johansen<strong><br \/>\n<\/strong><\/td>\n<\/tr>\n<tr>\n<td colspan=\"2\"><strong>BR\u00d6LLOPSPECIAL \/ WEDDING SPECIAL:<\/strong><\/td>\n<\/tr>\n<tr>\n<td colspan=\"2\"><strong>1.<\/strong> Br\u00f6llopsklockor &#8211; Pugh Rogefeldt<\/td>\n<\/tr>\n<tr>\n<td colspan=\"2\"><strong>2.<\/strong> F\u00f6r K\u00e4rlekens skull &#8211; Ted G\u00e4rdestad<\/td>\n<\/tr>\n<tr>\n<td colspan=\"2\"><strong>3. <\/strong> Aldrig ska jag sluta \u00e4lska dig &#8211; Lotta Engberg<\/td>\n<\/tr>\n<tr>\n<td colspan=\"2\"><a title=\"Albums 2006 - 2010\" href=\"https:\/\/helensjoholm.nu\/_eng\/2006-2010\/\">Back<\/a><\/td>\n<\/tr>\n<\/tbody>\n<\/table>\n<p>&nbsp;<\/p>\n","protected":false},"excerpt":{"rendered":"<p>B\u00d6NDERNAS B\u00c4STA K\u00c4RLEKSL\u00c5TAR Mariann Grammofon\/Warner (2006) 1. Gabriellas s\u00e5ng &#8211; Stefan Nilsson &amp; Helen Sj\u00f6holm 2. N\u00e4r l\u00f6ven faller &#8211; Carola 3. Glorious &#8211; Andreas <a class=\"more-link\" href=\"https:\/\/helensjoholm.nu\/_eng\/2006-2010\/bondernas-basta-karlekslatar\/\">Read More &#8230;<\/a><\/p>\n","protected":false},"author":1,"featured_media":0,"parent":179,"menu_order":0,"comment_status":"closed","ping_status":"closed","template":"","meta":{"ngg_post_thumbnail":0,"footnotes":""},"class_list":["post-2815","page","type-page","status-publish","hentry"],"aioseo_notices":[],"_links":{"self":[{"href":"https:\/\/helensjoholm.nu\/_eng\/wp-json\/wp\/v2\/pages\/2815","targetHints":{"allow":["GET"]}}],"collection":[{"href":"https:\/\/helensjoholm.nu\/_eng\/wp-json\/wp\/v2\/pages"}],"about":[{"href":"https:\/\/helensjoholm.nu\/_eng\/wp-json\/wp\/v2\/types\/page"}],"author":[{"embeddable":true,"href":"https:\/\/helensjoholm.nu\/_eng\/wp-json\/wp\/v2\/users\/1"}],"replies":[{"embeddable":true,"href":"https:\/\/helensjoholm.nu\/_eng\/wp-json\/wp\/v2\/comments?post=2815"}],"version-history":[{"count":0,"href":"https:\/\/helensjoholm.nu\/_eng\/wp-json\/wp\/v2\/pages\/2815\/revisions"}],"up":[{"embeddable":true,"href":"https:\/\/helensjoholm.nu\/_eng\/wp-json\/wp\/v2\/pages\/179"}],"wp:attachment":[{"href":"https:\/\/helensjoholm.nu\/_eng\/wp-json\/wp\/v2\/media?parent=2815"}],"curies":[{"name":"wp","href":"https:\/\/api.w.org\/{rel}","templated":true}]}}