{"id":2798,"date":"2013-06-01T15:41:55","date_gmt":"2013-06-01T13:41:55","guid":{"rendered":"http:\/\/helensjoholm.nu\/_eng\/?page_id=2798"},"modified":"2020-01-26T22:16:21","modified_gmt":"2020-01-26T20:16:21","slug":"en-bukett-med-varblommor","status":"publish","type":"page","link":"https:\/\/helensjoholm.nu\/_eng\/2006-2010\/en-bukett-med-varblommor\/","title":{"rendered":"En bukett med v\u00e5rblommor"},"content":{"rendered":"<table border=\"0\" align=\"left\">\n<tbody>\n<tr>\n<td valign=\"top\"><img loading=\"lazy\" decoding=\"async\" class=\"alignnone\" title=\"En bukett med v\u00e5rblommor (2006)\" src=\"https:\/\/helensjoholm.nu\/_eng\/wp-content\/gallery\/diskografi-2006-2010\/cd_enbukettmedvarblommor_2006.jpg\" alt=\"En bukett med v\u00e5rblommor (2006)\" width=\"100\" height=\"100\"><\/td>\n<td valign=\"top\"><strong>EN BUKETT MED V\u00c5RBLOMMOR, 2 CD<\/strong><br \/>\nEMI (2006)<\/td>\n<\/tr>\n<tr>\n<td colspan=\"2\"><strong> CD 1<\/strong><\/td>\n<\/tr>\n<tr>\n<td colspan=\"2\"><strong>1. <\/strong> Med Dig I Mina Armar &#8211; Bj\u00f6rn Skifs<\/td>\n<\/tr>\n<tr>\n<td colspan=\"2\"><strong>2. <\/strong> I Folkviseton &#8211; Christer Sj\u00f6gren<\/td>\n<\/tr>\n<tr>\n<td colspan=\"2\"><strong> 3. <\/strong>Tr\u00f6stevisa &#8211; Finn Kalvik &amp; CajsaStina \u00c5kerstr\u00f6m<\/td>\n<\/tr>\n<tr>\n<td colspan=\"2\"><strong>4.<\/strong> Flickan I Havanna &#8211; Lill Lindfors<\/td>\n<\/tr>\n<tr>\n<td colspan=\"2\"><strong>5. <\/strong> Kring De Sm\u00e5 Husen Vid Gr\u00e4nderna I Hamnen &#8211; Anita Lindblom<\/td>\n<\/tr>\n<tr>\n<td colspan=\"2\"><strong>6. <\/strong> Tidigt Morgonregn &#8211; G\u00f6sta Linderholm<\/td>\n<\/tr>\n<tr>\n<td colspan=\"2\"><strong>7. <\/strong> Nu \u00c4r Det Gott Att Leva &#8211; Monica Zetterlund<\/td>\n<\/tr>\n<tr>\n<td colspan=\"2\"><strong>8. <\/strong> Himlen \u00c4r Oskyldigt Bl\u00e5 &#8211; Tommy K\u00f6rberg<\/td>\n<\/tr>\n<tr>\n<td colspan=\"2\"><strong>9. <\/strong> Lasse Och Marie &#8211; Alf Robertson<\/td>\n<\/tr>\n<tr>\n<td colspan=\"2\"><strong>10.<\/strong> En S\u00e5ng Om K\u00e4rlek (H\u00e4rlighetens Morgon) &#8211; Sten &amp; Stanley<\/td>\n<\/tr>\n<tr>\n<td colspan=\"2\"><strong>11. <\/strong>En M\u00e5nskenspromenad &#8211; Gunnar Wiklund<\/td>\n<\/tr>\n<tr>\n<td colspan=\"2\"><strong>12.<\/strong> De Vackraste Orden &#8211; CajsaStina \u00c5kerstr\u00f6m<\/td>\n<\/tr>\n<tr>\n<td colspan=\"2\"><strong>13. <\/strong>Med \u00d6gon K\u00e4nsliga F\u00f6r Gr\u00f6nt &#8211; Barbro H\u00f6rberg<\/td>\n<\/tr>\n<tr>\n<td colspan=\"2\"><strong>14. <\/strong>En Pr\u00e4stkrage I Min Hand &#8211; Sven-Ingvars<\/td>\n<\/tr>\n<tr>\n<td colspan=\"2\"><strong>15. <\/strong>En Sommardr\u00f6m I Vitt &#8211; Fernandoz<\/td>\n<\/tr>\n<tr>\n<td colspan=\"2\"><strong>16. <\/strong>\u00d6ppna Din D\u00f6rr &#8211; Tommy Nilsson<\/td>\n<\/tr>\n<tr>\n<td colspan=\"2\"><strong>17. <\/strong> Fragancia &#8211; Lasse Tennander<\/td>\n<\/tr>\n<tr>\n<td colspan=\"2\"><strong>18. <\/strong>Jag V\u00e4ntar&#8230; &#8211; Sofia Karlsson<\/td>\n<\/tr>\n<tr>\n<td colspan=\"2\"><strong>19. <\/strong>En V\u00e4nlig Gr\u00f6nskas Rika Dr\u00e4kt &#8211; Real Group<\/td>\n<\/tr>\n<tr>\n<td colspan=\"2\"><strong>20. <\/strong>Nu Gr\u00f6nskar Det I Dalens Famn &#8211; G\u00f6teborgs Gossk\u00f6r<\/td>\n<\/tr>\n<tr>\n<td colspan=\"2\"><strong>CD 2<\/strong><\/td>\n<\/tr>\n<tr>\n<td colspan=\"2\"><strong>1. <\/strong>En Fattig Trubadur &#8211; Cornelis Vreeswijk<\/td>\n<\/tr>\n<tr>\n<td colspan=\"2\"><strong>2. <\/strong>Som En Bl\u00e4nkande Silvertr\u00e5d &#8211; Lasse Berghagen<\/td>\n<\/tr>\n<tr>\n<td colspan=\"2\"><strong>3. <\/strong>\u00d6ppna Upp Ditt F\u00f6nster &#8211; Lisa Ekdahl<\/td>\n<\/tr>\n<tr>\n<td colspan=\"2\"><strong>4. <\/strong>Visa Vid Vindens \u00c4gar &#8211; Mats Paulson<\/td>\n<\/tr>\n<tr>\n<td colspan=\"2\"><strong>5. <\/strong>Gr\u00f6n Kv\u00e4ll I Margaretelund &#8211; Olle Adolphson<\/td>\n<\/tr>\n<tr>\n<td colspan=\"2\"><strong>6. <\/strong>Det Som G\u00f6ms I Sn\u00f6 &#8211; Robert Broberg<\/td>\n<\/tr>\n<tr>\n<td colspan=\"2\"><strong>7. <\/strong>Alldeles Lagom &#8211; Peps Blodsband<\/td>\n<\/tr>\n<tr>\n<td colspan=\"2\"><strong>8. <\/strong> F\u00f6r K\u00e4rlekens Skull &#8211; Ted G\u00e4rdestad<\/td>\n<\/tr>\n<tr>\n<td colspan=\"2\"><strong>9. <\/strong>Den Stora Dagen &#8211; Vikingarna<\/td>\n<\/tr>\n<tr>\n<td colspan=\"2\"><strong>10. <\/strong>Sj\u00f6salav\u00e5r &#8211; Sven-Bertil Taube<\/td>\n<\/tr>\n<tr>\n<td colspan=\"2\"><strong>11. <\/strong>D\u00e5 Vaknar Min Tr\u00e4dg\u00e5rd &#8211; \u00d6barna<\/td>\n<\/tr>\n<tr>\n<td colspan=\"2\"><strong>12. <\/strong>\u00d6ppna Ditt F\u00f6nster &#8211; Lisa Ekdahl<\/td>\n<\/tr>\n<tr>\n<td colspan=\"2\"><strong>13. <\/strong> L\u00e5ng Bort I Skogen &#8211; Danne Str\u00e5hed<\/td>\n<\/tr>\n<tr>\n<td colspan=\"2\"><strong>14. <\/strong>En Liten Stund P\u00e5 Jorden &#8211; Lotta Engbergs<\/td>\n<\/tr>\n<tr>\n<td colspan=\"2\"><strong>15. <\/strong>Ellinor Dansar &#8211; Roland Cedermark<\/td>\n<\/tr>\n<tr>\n<td colspan=\"2\"><strong>16. <\/strong>N\u00e4r Du Tar Mig I Din Famn &#8211; Agnetha F\u00e4ltskog<\/td>\n<\/tr>\n<tr>\n<td colspan=\"2\"><strong>17. <\/strong>Snart Blir Det Sommar Igen &#8211; \u00d6sten Warnerbring<\/td>\n<\/tr>\n<tr>\n<td colspan=\"2\"><strong>18. <\/strong>Stilla Ro Och N\u00e4ra &#8211; \u00c5sa Jinder &amp; Magnus Carlsson<\/td>\n<\/tr>\n<tr>\n<td colspan=\"2\"><strong>19. <\/strong>Rosen &#8211; Anna-Lotta Larsson<\/td>\n<\/tr>\n<tr>\n<td colspan=\"2\"><strong>20. <strong>H\u00e4r \u00c4r Gudagott Att Vara &#8211; Helen Sj\u00f6holm<\/strong> <\/strong><\/td>\n<\/tr>\n<tr>\n<td colspan=\"2\"><a title=\"Albums 2006 - 2010\" href=\"https:\/\/helensjoholm.nu\/_eng\/2006-2010\/\">Back<\/a><\/td>\n<\/tr>\n<\/tbody>\n<\/table>\n<p>&nbsp;<\/p>\n","protected":false},"excerpt":{"rendered":"<p>EN BUKETT MED V\u00c5RBLOMMOR, 2 CD EMI (2006) CD 1 1. Med Dig I Mina Armar &#8211; Bj\u00f6rn Skifs 2. I Folkviseton &#8211; Christer Sj\u00f6gren <a class=\"more-link\" href=\"https:\/\/helensjoholm.nu\/_eng\/2006-2010\/en-bukett-med-varblommor\/\">Read More &#8230;<\/a><\/p>\n","protected":false},"author":1,"featured_media":0,"parent":179,"menu_order":0,"comment_status":"closed","ping_status":"closed","template":"","meta":{"ngg_post_thumbnail":0,"footnotes":""},"class_list":["post-2798","page","type-page","status-publish","hentry"],"aioseo_notices":[],"_links":{"self":[{"href":"https:\/\/helensjoholm.nu\/_eng\/wp-json\/wp\/v2\/pages\/2798","targetHints":{"allow":["GET"]}}],"collection":[{"href":"https:\/\/helensjoholm.nu\/_eng\/wp-json\/wp\/v2\/pages"}],"about":[{"href":"https:\/\/helensjoholm.nu\/_eng\/wp-json\/wp\/v2\/types\/page"}],"author":[{"embeddable":true,"href":"https:\/\/helensjoholm.nu\/_eng\/wp-json\/wp\/v2\/users\/1"}],"replies":[{"embeddable":true,"href":"https:\/\/helensjoholm.nu\/_eng\/wp-json\/wp\/v2\/comments?post=2798"}],"version-history":[{"count":0,"href":"https:\/\/helensjoholm.nu\/_eng\/wp-json\/wp\/v2\/pages\/2798\/revisions"}],"up":[{"embeddable":true,"href":"https:\/\/helensjoholm.nu\/_eng\/wp-json\/wp\/v2\/pages\/179"}],"wp:attachment":[{"href":"https:\/\/helensjoholm.nu\/_eng\/wp-json\/wp\/v2\/media?parent=2798"}],"curies":[{"name":"wp","href":"https:\/\/api.w.org\/{rel}","templated":true}]}}