{"id":2782,"date":"2013-06-01T14:55:28","date_gmt":"2013-06-01T12:55:28","guid":{"rendered":"http:\/\/helensjoholm.nu\/_eng\/?page_id=2782"},"modified":"2020-01-26T12:24:23","modified_gmt":"2020-01-26T10:24:23","slug":"mysiga-stunder-volym-2","status":"publish","type":"page","link":"https:\/\/helensjoholm.nu\/_eng\/2006-2010\/mysiga-stunder-volym-2\/","title":{"rendered":"Mysiga stunder volym 2"},"content":{"rendered":"<table border=\"0\" align=\"left\">\n<tbody>\n<tr>\n<td><a title=\"Mysiga stunder volym 2\" href=\"https:\/\/helensjoholm.nu\/_eng\/2006-2010-3\/mysiga-stunder-volym-2\/\"><img loading=\"lazy\" decoding=\"async\" class=\"alignnone\" title=\"Mysiga stunder volym 2 (2006)\" src=\"https:\/\/helensjoholm.nu\/_eng\/wp-content\/gallery\/diskografi-2006-2010\/cd_mysigastunder_2006.jpg\" alt=\"Mysiga stunder volym 2 (2006)\" width=\"100\" height=\"100\"><\/a><\/td>\n<td valign=\"top\"><strong>MYSIGA STUNDER VOLYM 2<br \/>\n<\/strong>EMI (2006)<\/td>\n<\/tr>\n<tr>\n<td colspan=\"2\"><strong> CD 1<\/strong><\/td>\n<\/tr>\n<tr>\n<td colspan=\"2\"><strong>1. <\/strong> When I Fall In Love &#8211; Nat King Cole<\/td>\n<\/tr>\n<tr>\n<td colspan=\"2\"><strong>2. <\/strong> Hopelessly Devoted To You &#8211; Jill Johnson<\/td>\n<\/tr>\n<tr>\n<td colspan=\"2\"><strong> 3. <\/strong>K\u00e4rleken F\u00f6rde Oss Samman &#8211; Anna-Lotta Larsson<\/td>\n<\/tr>\n<tr>\n<td colspan=\"2\"><strong>4.<\/strong> \u00d6ppna Upp Ditt F\u00f6nster &#8211; Lisa Ekdahl<\/td>\n<\/tr>\n<tr>\n<td colspan=\"2\"><strong>5. <\/strong> Hon \u00c4r S\u00e5 S\u00f6t &#8211; Bo Kaspers Orkester<\/td>\n<\/tr>\n<tr>\n<td colspan=\"2\"><strong>6. <\/strong> Six Ribbons &#8211; Jon English<\/td>\n<\/tr>\n<tr>\n<td colspan=\"2\"><strong>7. <\/strong> Roxanne &#8211; George Michael<\/td>\n<\/tr>\n<tr>\n<td colspan=\"2\"><strong>8. <\/strong> Med Dig I Mina Armar &#8211; Bj\u00f6rn Skifs<\/td>\n<\/tr>\n<tr>\n<td colspan=\"2\"><strong>9. <\/strong> <strong>Som En Bro \u00d6ver M\u00f6rka Vatten &#8211; Helen Sj\u00f6holm &amp; Anna Stadling<\/strong><\/td>\n<\/tr>\n<tr>\n<td colspan=\"2\"><strong>10.<\/strong> Tonight I Celebrate My Love &#8211; Peabo Bryson &amp; Roberta Flack<\/td>\n<\/tr>\n<tr>\n<td colspan=\"2\"><strong>11. <\/strong>Som En L\u00e4ngtan &#8211; CajsaStina \u00c5kerstr\u00f6m<\/td>\n<\/tr>\n<tr>\n<td colspan=\"2\"><strong>12.<\/strong> N\u00e4r K\u00e4rleken F\u00f6ds &#8211; Shirley Clamp<\/td>\n<\/tr>\n<tr>\n<td colspan=\"2\"><strong>13. <\/strong>Fields Of Gold &#8211; Eva Cassidy<\/td>\n<\/tr>\n<tr>\n<td colspan=\"2\"><strong>14. <\/strong>Regresa A Mi (Unbreak My Heart) &#8211; Il Divo<\/td>\n<\/tr>\n<tr>\n<td colspan=\"2\"><strong>15. <\/strong>N\u00e4r Vi R\u00f6r Varann &#8211; Susanne Alfvengren<\/td>\n<\/tr>\n<tr>\n<td colspan=\"2\"><strong>16. <\/strong>Amelia &#8211; Tommy K\u00f6rberg<\/td>\n<\/tr>\n<tr>\n<td colspan=\"2\"><strong>17. <\/strong>What A Wonderful World &#8211; Johan Steng\u00e5rd<\/td>\n<\/tr>\n<tr>\n<td colspan=\"2\"><strong>18. <\/strong>Memory &#8211; Elaine Paige &amp; Sarah Brightman<\/td>\n<\/tr>\n<tr>\n<td colspan=\"2\"><strong>CD 2<\/strong><\/td>\n<\/tr>\n<tr>\n<td colspan=\"2\"><strong>1. <\/strong>Woman &#8211; John Lennon<\/td>\n<\/tr>\n<tr>\n<td colspan=\"2\"><strong>2. <\/strong>Slave To Love &#8211; Bryan Ferry<\/td>\n<\/tr>\n<tr>\n<td colspan=\"2\"><strong>3. <\/strong>Sista Andetaget &#8211; Jan Johansen<\/td>\n<\/tr>\n<tr>\n<td colspan=\"2\"><strong>4. <\/strong>Sharing The Night Together &#8211; Dr Hook<\/td>\n<\/tr>\n<tr>\n<td colspan=\"2\"><strong>5. <\/strong>Himlen \u00c4r Oskyldigt Bl\u00e5 &#8211; Ted G\u00e4rdestad<\/td>\n<\/tr>\n<tr>\n<td colspan=\"2\"><strong>6. <\/strong>Can&#8217;t Get Enough Of Your Love &#8211; Barry White<\/td>\n<\/tr>\n<tr>\n<td colspan=\"2\"><strong>7. <\/strong>Det Finns Inget Finare \u00c4n K\u00e4rleken &#8211; Tomas Ledin<\/td>\n<\/tr>\n<tr>\n<td colspan=\"2\"><strong>8. <\/strong> Stilla Ro Och N\u00e4ra &#8211; \u00c5sa Jinder &amp; Magnus Carlsson<\/td>\n<\/tr>\n<tr>\n<td colspan=\"2\"><strong>9. <\/strong>H\u00f6stvisa &#8211; Ainbusk<\/td>\n<\/tr>\n<tr>\n<td colspan=\"2\"><strong>10. <\/strong>The Actor &#8211; Michael Learns To Rock<\/td>\n<\/tr>\n<tr>\n<td colspan=\"2\"><strong>11. <\/strong>Burnin &#8211; Cue<\/td>\n<\/tr>\n<tr>\n<td colspan=\"2\"><strong>12. <\/strong>Den F\u00f6rsta G\u00e5ng Jag S\u00e5g Dig &#8211; Carola<\/td>\n<\/tr>\n<tr>\n<td colspan=\"2\"><strong>13. <\/strong>Scarborough Fair &#8211; Simon &amp; Garfunkel<\/td>\n<\/tr>\n<tr>\n<td colspan=\"2\"><strong>14. <\/strong>The Power Of Love &#8211; Jennifer Rush<\/td>\n<\/tr>\n<tr>\n<td colspan=\"2\"><strong>15. <\/strong>Faller Du S\u00e5 Faller Jag &#8211; Patrik Isaksson<\/td>\n<\/tr>\n<tr>\n<td colspan=\"2\"><strong>16. <\/strong>Segla P\u00e5 Ett Moln &#8211; Anne-Lie Ryd\u00e9<\/td>\n<\/tr>\n<tr>\n<td colspan=\"2\"><strong>17. <\/strong>Lake District &#8211; Bj\u00f6rn Json Lindh &amp; Staffan Scheja<\/td>\n<\/tr>\n<tr>\n<td colspan=\"2\"><strong>18. <\/strong>Om Natten &#8211; Monica Zetterlund &amp; Bill Evans<\/td>\n<\/tr>\n<tr>\n<td colspan=\"2\"><a title=\"Albums 2006 - 2010\" href=\"https:\/\/helensjoholm.nu\/_eng\/2006-2010\/\">Back<\/a><\/td>\n<\/tr>\n<\/tbody>\n<\/table>\n<p>&nbsp;<\/p>\n","protected":false},"excerpt":{"rendered":"<p>MYSIGA STUNDER VOLYM 2 EMI (2006) CD 1 1. When I Fall In Love &#8211; Nat King Cole 2. Hopelessly Devoted To You &#8211; Jill <a class=\"more-link\" href=\"https:\/\/helensjoholm.nu\/_eng\/2006-2010\/mysiga-stunder-volym-2\/\">Read More &#8230;<\/a><\/p>\n","protected":false},"author":1,"featured_media":0,"parent":179,"menu_order":0,"comment_status":"closed","ping_status":"closed","template":"","meta":{"ngg_post_thumbnail":0,"footnotes":""},"class_list":["post-2782","page","type-page","status-publish","hentry"],"aioseo_notices":[],"_links":{"self":[{"href":"https:\/\/helensjoholm.nu\/_eng\/wp-json\/wp\/v2\/pages\/2782","targetHints":{"allow":["GET"]}}],"collection":[{"href":"https:\/\/helensjoholm.nu\/_eng\/wp-json\/wp\/v2\/pages"}],"about":[{"href":"https:\/\/helensjoholm.nu\/_eng\/wp-json\/wp\/v2\/types\/page"}],"author":[{"embeddable":true,"href":"https:\/\/helensjoholm.nu\/_eng\/wp-json\/wp\/v2\/users\/1"}],"replies":[{"embeddable":true,"href":"https:\/\/helensjoholm.nu\/_eng\/wp-json\/wp\/v2\/comments?post=2782"}],"version-history":[{"count":0,"href":"https:\/\/helensjoholm.nu\/_eng\/wp-json\/wp\/v2\/pages\/2782\/revisions"}],"up":[{"embeddable":true,"href":"https:\/\/helensjoholm.nu\/_eng\/wp-json\/wp\/v2\/pages\/179"}],"wp:attachment":[{"href":"https:\/\/helensjoholm.nu\/_eng\/wp-json\/wp\/v2\/media?parent=2782"}],"curies":[{"name":"wp","href":"https:\/\/api.w.org\/{rel}","templated":true}]}}