{"id":2758,"date":"2013-06-01T14:21:58","date_gmt":"2013-06-01T12:21:58","guid":{"rendered":"http:\/\/helensjoholm.nu\/_eng\/?page_id=2758"},"modified":"2023-07-16T13:14:02","modified_gmt":"2023-07-16T11:14:02","slug":"bao-pa-turne","status":"publish","type":"page","link":"https:\/\/helensjoholm.nu\/_eng\/2006-2010\/bao-pa-turne\/","title":{"rendered":"BAO p\u00e5 turn\u00e9"},"content":{"rendered":"<table border=\"0\" align=\"left\">\n<tbody>\n<tr>\n<td style=\"width: 605px;\"><img loading=\"lazy\" decoding=\"async\" class=\"alignnone\" title=\"BAO p\u00e5 turn\u00e9 (2006)\" src=\"https:\/\/helensjoholm.nu\/_eng\/wp-content\/gallery\/diskografi-2006-2010\/cd_baopaturne.jpg\" alt=\"BAO p\u00e5 turn\u00e9 (2006)\" width=\"100\" height=\"100\"><\/td>\n<td style=\"width: 767px;\" valign=\"top\"><strong>BAO P\u00c5 TURN\u00c9<br \/>\n<\/strong>Benny Andersson Band<br \/>\nMono Music AB (2006)<\/td>\n<\/tr>\n<tr>\n<td style=\"width: 1372px;\" colspan=\"2\"><strong>1. <\/strong> Glasgow Boogie<\/td>\n<\/tr>\n<tr>\n<td style=\"width: 1372px;\" colspan=\"2\"><strong>2. <\/strong> Vitalins vals<\/td>\n<\/tr>\n<tr>\n<td style=\"width: 1372px;\" colspan=\"2\"><strong> 3.<strong><strong> <strong>N\u00e4r tvenne hj\u00e4rtan sl\u00e5 &#8211; Helen Sj\u00f6holm, Tommy K\u00f6rberg<\/strong><\/strong><\/strong><\/strong><\/td>\n<\/tr>\n<tr>\n<td style=\"width: 1372px;\" colspan=\"2\"><strong>4.<\/strong> <strong>F\u00f6r dig &#8211; Helen Sj\u00f6holm<\/strong><\/td>\n<\/tr>\n<tr>\n<td style=\"width: 1372px;\" colspan=\"2\"><strong>5. <\/strong> Klinga mina klockor<\/td>\n<\/tr>\n<tr>\n<td style=\"width: 1372px;\" colspan=\"2\"><strong>6. <\/strong> F\u00f6delsedagsvals till Mona<\/td>\n<\/tr>\n<tr>\n<td style=\"width: 1372px;\" colspan=\"2\"><strong>7. <\/strong> <strong>Tobakshandlarvisa &#8211; Helen Sj\u00f6holm<\/strong><\/td>\n<\/tr>\n<tr>\n<td style=\"width: 1372px;\" colspan=\"2\"><strong>8. <\/strong> <strong>L\u00e4tt som en sommarfj\u00e4ril &#8211; Helen Sj\u00f6holm<\/strong><\/td>\n<\/tr>\n<tr>\n<td style=\"width: 1372px;\" colspan=\"2\"><strong>9. <\/strong> <strong>Det \u00e4r vi \u00e4nd\u00e5 &#8211; Helen Sj\u00f6holm, Tommy K\u00f6rberg <\/strong><a href=\"https:\/\/helensjoholm.nu\/_eng\/2006-2010\/bao-pa-turne\/lyrics-det-ar-vi-anda\/\">(lyrics)<\/a><\/td>\n<\/tr>\n<tr>\n<td style=\"width: 1372px;\" colspan=\"2\"><strong>10.<\/strong> <strong>Aj aj aj vilken r\u00f6d liten ros<\/strong><strong> &#8211; Helen Sj\u00f6holm<\/strong><\/td>\n<\/tr>\n<tr>\n<td style=\"width: 1372px;\" colspan=\"2\"><strong>11. <\/strong>Gamle Svarten &#8211; Tommy K\u00f6rberg<\/td>\n<\/tr>\n<tr>\n<td style=\"width: 1372px;\" colspan=\"2\"><strong>12.<\/strong> Sl\u00e4ngpolska efter Bysskalle<\/td>\n<\/tr>\n<tr>\n<td style=\"width: 1372px;\" colspan=\"2\"><strong>13. <\/strong>Hjortingen<\/td>\n<\/tr>\n<tr>\n<td style=\"width: 1372px;\" colspan=\"2\"><strong>14. <\/strong>B\u00e4lter Svens paradpolkett<\/td>\n<\/tr>\n<tr>\n<td style=\"width: 1372px;\" colspan=\"2\"><strong>15. <\/strong>Moon River &#8211; Tommy K\u00f6rberg<\/td>\n<\/tr>\n<tr>\n<td style=\"width: 1372px;\" colspan=\"2\"><strong>16. <\/strong>Badinerie<\/td>\n<\/tr>\n<tr>\n<td style=\"width: 1372px;\" colspan=\"2\"><strong>17. <\/strong>O Sole Mio &#8211; Kalle Moraeus<\/td>\n<\/tr>\n<tr>\n<td style=\"width: 1372px;\" colspan=\"2\"><strong>18. <\/strong> Jehu<\/td>\n<\/tr>\n<tr>\n<td style=\"width: 1372px;\" colspan=\"2\"><strong>19. <strong>Du \u00e4r min man<\/strong> &#8211; Helen Sj\u00f6holm&nbsp;<\/strong><a title=\"Du \u00e4r min man\" href=\"https:\/\/helensjoholm.nu\/_eng\/2003-2005\/bao\/lyrics-du-ar-min-man\/\">(lyrics)<\/a><\/td>\n<\/tr>\n<tr>\n<td style=\"width: 1372px;\" colspan=\"2\"><strong>20. True Love &#8211; Helen Sj\u00f6holm, Tommy K\u00f6rberg<\/strong><\/td>\n<\/tr>\n<tr>\n<td style=\"width: 1372px;\" colspan=\"2\"><strong>21. <strong>V\u00e5r sista dans<\/strong> &#8211; Helen Sj\u00f6holm <\/strong><a title=\"V\u00e5r sista dans\" href=\"https:\/\/helensjoholm.nu\/_eng\/1992-2002\/benny-anderssons-orkester\/lyrics-var-sista-dans\/\">(lyrics)<\/a><\/td>\n<\/tr>\n<tr>\n<td style=\"width: 1372px;\" colspan=\"2\"><strong>22. <\/strong>Finalpotpurri<\/td>\n<\/tr>\n<tr>\n<td style=\"width: 605px;\"><strong><img loading=\"lazy\" decoding=\"async\" class=\"alignnone\" title=\"Single: Det \u00e4r vi \u00e4nd\u00e5 (2006)\" src=\"https:\/\/helensjoholm.nu\/_eng\/wp-content\/gallery\/diskografi-2006-2010\/singel_detarvianda_mmcd-s130_2006.jpg\" alt=\"Single: Det \u00e4r vi \u00e4nd\u00e5 (2006)\" width=\"100\" height=\"100\"><\/strong><\/td>\n<td style=\"width: 767px;\" valign=\"top\"><strong>SINGLE<br \/>\nDET \u00c4R VI \u00c4ND\u00c5<br \/>\n<\/strong>Mono Music AB (2006)<\/td>\n<\/tr>\n<tr>\n<td style=\"width: 1372px;\" colspan=\"2\"><a title=\"Albums 2006 - 1010\" href=\"https:\/\/helensjoholm.nu\/_eng\/2006-2010\/\">Back<\/a><\/td>\n<\/tr>\n<\/tbody>\n<\/table>\n<h5>Listen!<\/h5>\n<hr>\n<p><iframe title=\"Spotify Embed: BAO p\u00e5 turn\u00e9 (Live)\" style=\"border-radius: 12px\" width=\"100%\" height=\"352\" frameborder=\"0\" allowfullscreen allow=\"autoplay; clipboard-write; encrypted-media; fullscreen; picture-in-picture\" loading=\"lazy\" src=\"https:\/\/open.spotify.com\/embed\/album\/2x7DSpeGFVdw9GXLvYfohR?utm_source=oembed\"><\/iframe><\/p>\n<p><a href=\"https:\/\/helensjoholm.nu\/_eng\/2006-2010\/\">Back<\/a><\/p>\n","protected":false},"excerpt":{"rendered":"<p>BAO P\u00c5 TURN\u00c9 Benny Andersson Band Mono Music AB (2006) 1. Glasgow Boogie 2. Vitalins vals 3. N\u00e4r tvenne hj\u00e4rtan sl\u00e5 &#8211; Helen Sj\u00f6holm, Tommy <a class=\"more-link\" href=\"https:\/\/helensjoholm.nu\/_eng\/2006-2010\/bao-pa-turne\/\">Read More &#8230;<\/a><\/p>\n","protected":false},"author":1,"featured_media":0,"parent":179,"menu_order":0,"comment_status":"closed","ping_status":"closed","template":"","meta":{"ngg_post_thumbnail":0,"footnotes":""},"class_list":["post-2758","page","type-page","status-publish","hentry"],"aioseo_notices":[],"_links":{"self":[{"href":"https:\/\/helensjoholm.nu\/_eng\/wp-json\/wp\/v2\/pages\/2758","targetHints":{"allow":["GET"]}}],"collection":[{"href":"https:\/\/helensjoholm.nu\/_eng\/wp-json\/wp\/v2\/pages"}],"about":[{"href":"https:\/\/helensjoholm.nu\/_eng\/wp-json\/wp\/v2\/types\/page"}],"author":[{"embeddable":true,"href":"https:\/\/helensjoholm.nu\/_eng\/wp-json\/wp\/v2\/users\/1"}],"replies":[{"embeddable":true,"href":"https:\/\/helensjoholm.nu\/_eng\/wp-json\/wp\/v2\/comments?post=2758"}],"version-history":[{"count":0,"href":"https:\/\/helensjoholm.nu\/_eng\/wp-json\/wp\/v2\/pages\/2758\/revisions"}],"up":[{"embeddable":true,"href":"https:\/\/helensjoholm.nu\/_eng\/wp-json\/wp\/v2\/pages\/179"}],"wp:attachment":[{"href":"https:\/\/helensjoholm.nu\/_eng\/wp-json\/wp\/v2\/media?parent=2758"}],"curies":[{"name":"wp","href":"https:\/\/api.w.org\/{rel}","templated":true}]}}