{"id":2742,"date":"2013-06-01T14:14:02","date_gmt":"2013-06-01T12:14:02","guid":{"rendered":"http:\/\/helensjoholm.nu\/_eng\/?page_id=2742"},"modified":"2022-05-14T17:56:47","modified_gmt":"2022-05-14T15:56:47","slug":"lyrics-nu-mar-jag-mycket-battre","status":"publish","type":"page","link":"https:\/\/helensjoholm.nu\/_eng\/2006-2010\/bao-3\/lyrics-nu-mar-jag-mycket-battre\/","title":{"rendered":"Nu m\u00e5r jag mycket b\u00e4ttre"},"content":{"rendered":"<p>Nu m\u00e5r jag mycket b\u00e4ttre<br \/>\nTack och lov att jag finns<br \/>\nSe p\u00e5 mig jag \u00e4r<br \/>\nrasande bra<br \/>\nJa, jag m\u00e5r som en prins<br \/>\nVad vill du ha till middag<br \/>\nKanske leverpastej<br \/>\nJag ska st\u00e4da \u00e5t dig<br \/>\nN\u00e4r du faller f\u00f6r mig<br \/>\nm\u00e5r du s\u00e5 mycket b\u00e4ttre<\/p>\n<p>S\u00e4g tack till var dag<br \/>\ndu f\u00e5r leva<br \/>\nvar glad att du \u00e4r<br \/>\ns\u00e5 normal<br \/>\nDitt blodtryck \u00e4r lagom<br \/>\nOch dina sorger dom har<br \/>\nd\u00f6tt av samvetskval<\/p>\n<p>Nu kommer jag och tar dig<br \/>\nDu blir glad, m\u00e5 du tro<br \/>\nn\u00e4r jag satsar p\u00e5<br \/>\nlyxproduktion<br \/>\njust d\u00e4r<br \/>\ndu brukar bo<br \/>\nVar inte dum i huvet<br \/>\nDet \u00e4r stj\u00e4rnklart ikv\u00e4ll<br \/>\nKom och \u00e5k \u00e4r du sn\u00e4ll<br \/>\ni min snygga rondell<br \/>\ns\u00e5 m\u00e5r du mycket b\u00e4ttre<\/p>\n<p>Min v\u00e4n, jag ska tr\u00f6sta<br \/>\ndin oro<br \/>\nJag \u00e4r som ett tr\u00f6stpris<br \/>\ntill dig<br \/>\nJag spritter av lycka<br \/>\np\u00e5 filten som du bredde ut<br \/>\nKom sov hos mig<\/p>\n<p>Var har du lagt min m\u00f6ssa<br \/>\nVill du leva med mig<br \/>\n\u00c5 min blomma i midvintersn\u00f6<br \/>\nl\u00e5t mig handplocka dig<\/p>\n<p>Jag \u00e4r s\u00e5 mycket b\u00e4ttre<br \/>\n\u00e4n jag v\u00e5gade tro<br \/>\nf\u00f6r min oro har flytt.<br \/>\nn\u00e4r jag blev som f\u00f6rbytt<br \/>\nblev jag s\u00e5 mycket b\u00e4ttre<\/p>\n<p>Vi \u00e4r s\u00e5 mycket b\u00e4ttre<br \/>\n\u00e4n vi n\u00e5nsin f\u00f6rst\u00e5tt<br \/>\nSe p\u00e5 oss vi m\u00e5r<br \/>\n\u00e4ntligen bra<br \/>\nOch vi luktar s\u00e5 gott<br \/>\nNu ska vi fira br\u00f6llop<br \/>\nDet kom pl\u00f6tsligt minsann<br \/>\nDu \u00e4r varm, du \u00e4r sk\u00f6n<br \/>\noch ditt motsatta k\u00f6n<br \/>\ng\u00f6r mig s\u00e5 mycket b\u00e4ttre.<\/p>\n<p><em>\u00a9 2007 Mono Music AB<\/em><\/p>\n<p><a title=\"BAO 3\" href=\"https:\/\/helensjoholm.nu\/_eng\/2006-2010\/bao-3\/\">Back<\/a><\/p>\n","protected":false},"excerpt":{"rendered":"<p>Nu m\u00e5r jag mycket b\u00e4ttre Tack och lov att jag finns Se p\u00e5 mig jag \u00e4r rasande bra Ja, jag m\u00e5r som en prins Vad <a class=\"more-link\" href=\"https:\/\/helensjoholm.nu\/_eng\/2006-2010\/bao-3\/lyrics-nu-mar-jag-mycket-battre\/\">Read More &#8230;<\/a><\/p>\n","protected":false},"author":1,"featured_media":0,"parent":2694,"menu_order":0,"comment_status":"closed","ping_status":"closed","template":"","meta":{"ngg_post_thumbnail":0,"footnotes":""},"class_list":["post-2742","page","type-page","status-publish","hentry"],"aioseo_notices":[],"_links":{"self":[{"href":"https:\/\/helensjoholm.nu\/_eng\/wp-json\/wp\/v2\/pages\/2742","targetHints":{"allow":["GET"]}}],"collection":[{"href":"https:\/\/helensjoholm.nu\/_eng\/wp-json\/wp\/v2\/pages"}],"about":[{"href":"https:\/\/helensjoholm.nu\/_eng\/wp-json\/wp\/v2\/types\/page"}],"author":[{"embeddable":true,"href":"https:\/\/helensjoholm.nu\/_eng\/wp-json\/wp\/v2\/users\/1"}],"replies":[{"embeddable":true,"href":"https:\/\/helensjoholm.nu\/_eng\/wp-json\/wp\/v2\/comments?post=2742"}],"version-history":[{"count":0,"href":"https:\/\/helensjoholm.nu\/_eng\/wp-json\/wp\/v2\/pages\/2742\/revisions"}],"up":[{"embeddable":true,"href":"https:\/\/helensjoholm.nu\/_eng\/wp-json\/wp\/v2\/pages\/2694"}],"wp:attachment":[{"href":"https:\/\/helensjoholm.nu\/_eng\/wp-json\/wp\/v2\/media?parent=2742"}],"curies":[{"name":"wp","href":"https:\/\/api.w.org\/{rel}","templated":true}]}}