{"id":2738,"date":"2013-06-01T14:12:16","date_gmt":"2013-06-01T12:12:16","guid":{"rendered":"http:\/\/helensjoholm.nu\/_eng\/?page_id=2738"},"modified":"2022-05-14T17:56:55","modified_gmt":"2022-05-14T15:56:55","slug":"bonde-soker-fru","status":"publish","type":"page","link":"https:\/\/helensjoholm.nu\/_eng\/2006-2010\/bao-3\/bonde-soker-fru\/","title":{"rendered":"Bonde s\u00f6ker fru"},"content":{"rendered":"<p>Var finns du, kvinna<br \/>\nHj\u00e4lp mig nu, kvinna<br \/>\nBonde s\u00f6ker fru<br \/>\nKom igen, kvinna<br \/>\nBli min v\u00e4n, kvinna<br \/>\nBonde s\u00f6ker fru<\/p>\n<p>N\u00e4r h\u00e4starna och geten<br \/>\nHar sl\u00e4ppts ut p\u00e5 sia beten<br \/>\nDet \u00e4r d\u00e5 som ensamheten<br \/>\nGer sig till k\u00e4nna<br \/>\nOch till k\u00e4rleksranka<br \/>\nB\u00f6nder v\u00e4cks en r\u00e4ddnignsplanka<br \/>\nN\u00e4r dom k\u00e4nner hj\u00e4rtat banka<br \/>\nBulta och br\u00e4nna<\/p>\n<p>Var finns du, kvinna<br \/>\nHj\u00e4lp mig nu, kvinna<br \/>\nBonde s\u00f6ker fru<br \/>\nKom igen, kvinna<br \/>\nBli min v\u00e4n, kvinna<br \/>\nBonde s\u00f6ker fru<\/p>\n<p>Och strikt privata zoner<br \/>\nKan beses av millioner<br \/>\nOch Big Brother-prestationer<br \/>\nGer karri\u00e4rer<br \/>\nEn t\u00f6nt kl\u00e4r av sig naken<br \/>\nS\u00e4tter snurr p\u00e5 sj\u00e4lva saken<br \/>\nJa, d\u00e5 har den usla smaken<br \/>\nSpr\u00e4ngt barri\u00e4rer<\/p>\n<p>Var finns du, kvinna<br \/>\nHj\u00e4lp mig nu, kvinna<br \/>\nBonde s\u00f6ker fru<br \/>\nKom igen, kvinna<br \/>\nBli min v\u00e4n, kvinna<br \/>\nBonde s\u00f6ker fru<\/p>\n<p>Ja, den diskreta charmen<br \/>\nHos en ko som t\u00f6mmer tarmen<br \/>\nDet var tvekl\u00f6st b\u00e4st i Farmen<br \/>\nP\u00e4rlan i skiten<br \/>\nOch tabloider skriker<br \/>\nEfter b\u00f6nder och rubriker<br \/>\nMan har n\u00e4rts av dr\u00f6mfabriken<br \/>\nSen man va&#8217; liten<\/p>\n<p>Var finns du, kvinna<br \/>\nHj\u00e4lp mig nu, kvinna<br \/>\nBonde s\u00f6ker fru<br \/>\nKom igen, kvinna<br \/>\nBli min v\u00e4n, kvinna<br \/>\nBonde s\u00f6ker fru<\/p>\n<p><em>\u00a9 2007 Mono Music AB<\/em><\/p>\n<p><a title=\"BAO 3\" href=\"https:\/\/helensjoholm.nu\/_eng\/2006-2010\/bao-3\/\">Back<\/a><\/p>\n","protected":false},"excerpt":{"rendered":"<p>Var finns du, kvinna Hj\u00e4lp mig nu, kvinna Bonde s\u00f6ker fru Kom igen, kvinna Bli min v\u00e4n, kvinna Bonde s\u00f6ker fru N\u00e4r h\u00e4starna och geten <a class=\"more-link\" href=\"https:\/\/helensjoholm.nu\/_eng\/2006-2010\/bao-3\/bonde-soker-fru\/\">Read More &#8230;<\/a><\/p>\n","protected":false},"author":1,"featured_media":0,"parent":2694,"menu_order":0,"comment_status":"closed","ping_status":"closed","template":"","meta":{"ngg_post_thumbnail":0,"footnotes":""},"class_list":["post-2738","page","type-page","status-publish","hentry"],"aioseo_notices":[],"_links":{"self":[{"href":"https:\/\/helensjoholm.nu\/_eng\/wp-json\/wp\/v2\/pages\/2738","targetHints":{"allow":["GET"]}}],"collection":[{"href":"https:\/\/helensjoholm.nu\/_eng\/wp-json\/wp\/v2\/pages"}],"about":[{"href":"https:\/\/helensjoholm.nu\/_eng\/wp-json\/wp\/v2\/types\/page"}],"author":[{"embeddable":true,"href":"https:\/\/helensjoholm.nu\/_eng\/wp-json\/wp\/v2\/users\/1"}],"replies":[{"embeddable":true,"href":"https:\/\/helensjoholm.nu\/_eng\/wp-json\/wp\/v2\/comments?post=2738"}],"version-history":[{"count":0,"href":"https:\/\/helensjoholm.nu\/_eng\/wp-json\/wp\/v2\/pages\/2738\/revisions"}],"up":[{"embeddable":true,"href":"https:\/\/helensjoholm.nu\/_eng\/wp-json\/wp\/v2\/pages\/2694"}],"wp:attachment":[{"href":"https:\/\/helensjoholm.nu\/_eng\/wp-json\/wp\/v2\/media?parent=2738"}],"curies":[{"name":"wp","href":"https:\/\/api.w.org\/{rel}","templated":true}]}}