{"id":2732,"date":"2013-06-01T14:02:22","date_gmt":"2013-06-01T12:02:22","guid":{"rendered":"http:\/\/helensjoholm.nu\/_eng\/?page_id=2732"},"modified":"2022-05-14T17:57:02","modified_gmt":"2022-05-14T15:57:02","slug":"upp-till-dig","status":"publish","type":"page","link":"https:\/\/helensjoholm.nu\/_eng\/2006-2010\/bao-3\/upp-till-dig\/","title":{"rendered":"Upp till dig"},"content":{"rendered":"<p>En ensam koltrast<br \/>\nHan sjunger sin skymningss\u00e5ng<br \/>\nVi st\u00e5r intill varandra<br \/>\noch vi lyssnar andaktsfyllt<br \/>\nEn v\u00e5rkv\u00e4ll p\u00e5 min balkong<\/p>\n<p>Jag talar allvar<br \/>\nMen du har n\u00e4ra till skratt<br \/>\nsom en sfinx, lika g\u00e5tfull \u00e4r du<br \/>\nS\u00e4kert begriper du att<\/p>\n<p>Veta var vi st\u00e5r \u00e4r<br \/>\nSv\u00e5rt och vart vi g\u00e5r \u00e4r<br \/>\nUpp Till Dig<br \/>\nOm du vill g\u00e5 l\u00e5ngsamt<br \/>\nS\u00e5 \u00e4r det okej<\/p>\n<p>Och att jag \u00e4r k\u00e4r \u00e4r<br \/>\nKlart, och vart det b\u00e4r \u00e4r<br \/>\nUpp Till Dig<br \/>\nMen v\u00e4lj r\u00e4tta v\u00e4gen<br \/>\nTillsammans med mig<\/p>\n<p>Jag tror s\u00e5 mycket p\u00e5 oss<br \/>\nDu vet vad jag menar<br \/>\nEn del som skiljer f\u00f6rst\u00e5s<br \/>\nMen mycket mer som f\u00f6renar<\/p>\n<p>Att jag ber om mer \u00e4r<br \/>\nSant, och vad som sker \u00e4r<br \/>\nUpp Till Dig<br \/>\nJa, s\u00e4g vad du k\u00e4nner<br \/>\nMen s\u00e4g inte nej<\/p>\n<p>Nu tystnar f\u00e5geln<br \/>\nMen tonen dr\u00f6jer sig kvar<br \/>\nOch n\u00e5gonstans l\u00e5ngt borta<br \/>\ntar en annan koltrast vid<br \/>\nOch ger ett lockande svar<\/p>\n<p>Jag ber dig stanna<br \/>\nDu s\u00e4ger hastigt god natt<br \/>\nDu \u00e4r skygg och s\u00e5 sparsam med ord<br \/>\nMen du f\u00f6rst\u00e5r s\u00e4kert att<\/p>\n<p>Veta var vi st\u00e5r \u00e4r<br \/>\nSv\u00e5rt och vart vi g\u00e5r \u00e4r<br \/>\nUpp Till Dig<br \/>\nOm du vill g\u00e5 l\u00e5ngsamt<br \/>\nS\u00e5 \u00e4r det okej<\/p>\n<p>Och att jag \u00e4r k\u00e4r \u00e4r<br \/>\nKlart, och vart det b\u00e4r \u00e4r<br \/>\nUpp Till Dig<br \/>\nMen v\u00e4lj r\u00e4tta v\u00e4gen<br \/>\nTillsammans med mig<\/p>\n<p>Jag tror s\u00e5 mycket p\u00e5 oss<br \/>\nDu vet vad jag menar<br \/>\nEn del som skiljer f\u00f6rst\u00e5s<br \/>\nMen mycket mer som f\u00f6renar<\/p>\n<p>Att jag ber om mer \u00e4r<br \/>\nSant, och vad som sker \u00e4r<br \/>\nUpp Till Dig<br \/>\nMen v\u00e4lj r\u00e4tta v\u00e4gen<br \/>\nTillsammans med mig<br \/>\nJa, s\u00e4g vad du k\u00e4nner<br \/>\nMen s\u00e4g inte nej<\/p>\n<p><em>\u00a9 2007 Mono Music AB<\/em><\/p>\n<p><a title=\"BAO 3\" href=\"https:\/\/helensjoholm.nu\/_eng\/2006-2010\/bao-3\/\">Back<\/a><\/p>\n","protected":false},"excerpt":{"rendered":"<p>En ensam koltrast Han sjunger sin skymningss\u00e5ng Vi st\u00e5r intill varandra och vi lyssnar andaktsfyllt En v\u00e5rkv\u00e4ll p\u00e5 min balkong Jag talar allvar Men du <a class=\"more-link\" href=\"https:\/\/helensjoholm.nu\/_eng\/2006-2010\/bao-3\/upp-till-dig\/\">Read More &#8230;<\/a><\/p>\n","protected":false},"author":1,"featured_media":0,"parent":2694,"menu_order":0,"comment_status":"closed","ping_status":"closed","template":"","meta":{"ngg_post_thumbnail":0,"footnotes":""},"class_list":["post-2732","page","type-page","status-publish","hentry"],"aioseo_notices":[],"_links":{"self":[{"href":"https:\/\/helensjoholm.nu\/_eng\/wp-json\/wp\/v2\/pages\/2732","targetHints":{"allow":["GET"]}}],"collection":[{"href":"https:\/\/helensjoholm.nu\/_eng\/wp-json\/wp\/v2\/pages"}],"about":[{"href":"https:\/\/helensjoholm.nu\/_eng\/wp-json\/wp\/v2\/types\/page"}],"author":[{"embeddable":true,"href":"https:\/\/helensjoholm.nu\/_eng\/wp-json\/wp\/v2\/users\/1"}],"replies":[{"embeddable":true,"href":"https:\/\/helensjoholm.nu\/_eng\/wp-json\/wp\/v2\/comments?post=2732"}],"version-history":[{"count":0,"href":"https:\/\/helensjoholm.nu\/_eng\/wp-json\/wp\/v2\/pages\/2732\/revisions"}],"up":[{"embeddable":true,"href":"https:\/\/helensjoholm.nu\/_eng\/wp-json\/wp\/v2\/pages\/2694"}],"wp:attachment":[{"href":"https:\/\/helensjoholm.nu\/_eng\/wp-json\/wp\/v2\/media?parent=2732"}],"curies":[{"name":"wp","href":"https:\/\/api.w.org\/{rel}","templated":true}]}}