{"id":2713,"date":"2013-06-01T13:46:38","date_gmt":"2013-06-01T11:46:38","guid":{"rendered":"http:\/\/helensjoholm.nu\/_eng\/?page_id=2713"},"modified":"2022-05-14T17:57:33","modified_gmt":"2022-05-14T15:57:33","slug":"du-fralste-mig-i-sista-stund","status":"publish","type":"page","link":"https:\/\/helensjoholm.nu\/_eng\/2006-2010\/bao-3\/du-fralste-mig-i-sista-stund\/","title":{"rendered":"Du fr\u00e4lste mig i sista stund"},"content":{"rendered":"<p>Vad visste jag d\u00e5 jag for bort den sommaren<br \/>\nEn jagad kvinna utan liv, vad fanns f\u00f6r mig<br \/>\nd\u00e4rute i f\u00f6rskingringen<br \/>\nMen jag steg av mitt t\u00e5g, jag vet s\u00e5 v\u00e4l,<br \/>\nd\u00e4r stod p\u00e5 min biljett<br \/>\nDet h\u00e4r \u00e4r \u00e4ndstationen, l\u00e4ngre \u00e4n s\u00e5 h\u00e4r<br \/>\nhar ingen stackars m\u00e4nska rest s\u00e5 vitt man sett<\/p>\n<p>D\u00e5 kom en kvinna fram<br \/>\nHon var s\u00e5 ung<br \/>\nI famnen bar hon p\u00e5 ett litet, litet knyte<br \/>\nHon var s\u00e5 allvarsam<br \/>\nOch r\u00f6sten tung<br \/>\nN\u00e4r hon sa: &#8220;Du \u00e4r den r\u00e4tta, nu g\u00f6r vi ett byte<\/p>\n<p>Jag tar din ensamhet, i geng\u00e4ld ska<br \/>\ndu f\u00e5 mitt barn av mig<br \/>\nAllt som betyder n\u00e5t \u00e4r hennes b\u00e4sta<br \/>\noch hon f\u00e5r det tryggt och bra hos dig&#8221;<br \/>\nVi s\u00e5g varandra djupt i \u00f6gonen och<br \/>\ns\u00e5 sl\u00f6ts v\u00e5rt f\u00f6rbund<br \/>\nOch s\u00e5 f\u00f6rsvann hon som hon kommit<br \/>\noch i famnen bar jag dig<br \/>\nDu fr\u00e4lste mig i sista stund<\/p>\n<p>Jag tog omhand ett barn s\u00e5 gott som jag f\u00f6rstod<br \/>\nMed k\u00e4rlek, fantasi och gl\u00e4dje och, det tror jag,<br \/>\nmed en moders t\u00e5lamod<br \/>\nMitt hj\u00e4rta spratt varenda g\u00e5ng jag h\u00f6rde<br \/>\nljudet av din r\u00f6st<br \/>\nMest var den fylld av skratt och gr\u00e5ten,<br \/>\nja, den s\u00e5g jag alltid som en m\u00f6jlighet<br \/>\natt ge dig tr\u00f6st<\/p>\n<p>Hon v\u00e4ntade p\u00e5 n\u00e5n<br \/>\nN\u00e5n vilsen sj\u00e4l<br \/>\nSom mistat allt och d\u00e4rf\u00f6r allting har att vinna<br \/>\nS\u00e5 fick hon se en s\u00e5n<br \/>\nOch tog farv\u00e4l<br \/>\nAv sin oskattbara b\u00f6rda f\u00f6r att sen f\u00f6rsvinna<\/p>\n<p>Jag var helt stum och kunde bara k\u00e4nna<br \/>\ntyngden p\u00e5 min arm<br \/>\nVad var det som hon gett mig och som gjorde<br \/>\nmig s\u00e5 lugn och of\u00f6rklarligt varm<br \/>\nMen hennes handling hade s\u00e4kert sin bevekelse<br \/>\noch grund<br \/>\nHon ville nog att jag en g\u00e5ng skulle<br \/>\nber\u00e4tta f\u00f6r dig hur<br \/>\nDu fr\u00e4lste mig i sista stund<\/p>\n<p>F\u00f6r varje dag som g\u00e5tt<br \/>\nMin tacksamhet<br \/>\nHar blivit st\u00f6rre f\u00f6r nu vet jag vad hon gav mig<br \/>\nDet k\u00e4rleksbarn jag f\u00e5tt<br \/>\nOch ingen vet<br \/>\nOm hon inte funnits, vad det hade blivit av mig<\/p>\n<p>Vi s\u00e5g varandra djupt i \u00f6gonen och s\u00e5<br \/>\nsl\u00f6ts v\u00e5rt f\u00f6rbund<br \/>\nOch sen f\u00f6rsvann hon som hon kommit<br \/>\noch i famnen bar jag dig<br \/>\nDu fr\u00e4lste mig i sista stund<\/p>\n<p><em>\u00a9 2007 Mono Music AB<\/em><\/p>\n<p><a title=\"BAO 3\" href=\"https:\/\/helensjoholm.nu\/_eng\/2006-2010\/bao-3\/\">Back<\/a><\/p>\n","protected":false},"excerpt":{"rendered":"<p>Vad visste jag d\u00e5 jag for bort den sommaren En jagad kvinna utan liv, vad fanns f\u00f6r mig d\u00e4rute i f\u00f6rskingringen Men jag steg av <a class=\"more-link\" href=\"https:\/\/helensjoholm.nu\/_eng\/2006-2010\/bao-3\/du-fralste-mig-i-sista-stund\/\">Read More &#8230;<\/a><\/p>\n","protected":false},"author":1,"featured_media":0,"parent":2694,"menu_order":0,"comment_status":"closed","ping_status":"closed","template":"","meta":{"ngg_post_thumbnail":0,"footnotes":""},"class_list":["post-2713","page","type-page","status-publish","hentry"],"aioseo_notices":[],"_links":{"self":[{"href":"https:\/\/helensjoholm.nu\/_eng\/wp-json\/wp\/v2\/pages\/2713","targetHints":{"allow":["GET"]}}],"collection":[{"href":"https:\/\/helensjoholm.nu\/_eng\/wp-json\/wp\/v2\/pages"}],"about":[{"href":"https:\/\/helensjoholm.nu\/_eng\/wp-json\/wp\/v2\/types\/page"}],"author":[{"embeddable":true,"href":"https:\/\/helensjoholm.nu\/_eng\/wp-json\/wp\/v2\/users\/1"}],"replies":[{"embeddable":true,"href":"https:\/\/helensjoholm.nu\/_eng\/wp-json\/wp\/v2\/comments?post=2713"}],"version-history":[{"count":0,"href":"https:\/\/helensjoholm.nu\/_eng\/wp-json\/wp\/v2\/pages\/2713\/revisions"}],"up":[{"embeddable":true,"href":"https:\/\/helensjoholm.nu\/_eng\/wp-json\/wp\/v2\/pages\/2694"}],"wp:attachment":[{"href":"https:\/\/helensjoholm.nu\/_eng\/wp-json\/wp\/v2\/media?parent=2713"}],"curies":[{"name":"wp","href":"https:\/\/api.w.org\/{rel}","templated":true}]}}