{"id":2703,"date":"2013-06-01T13:26:54","date_gmt":"2013-06-01T11:26:54","guid":{"rendered":"http:\/\/helensjoholm.nu\/_eng\/?page_id=2703"},"modified":"2022-05-14T17:57:39","modified_gmt":"2022-05-14T15:57:39","slug":"for-dig","status":"publish","type":"page","link":"https:\/\/helensjoholm.nu\/_eng\/2006-2010\/bao-3\/for-dig\/","title":{"rendered":"F\u00f6r dig"},"content":{"rendered":"<p style=\"text-align: left;\">F\u00f6r dig spelar dansorkestern<br \/>\nhimmelsbl\u00e5 musik<br \/>\ntoner f\u00f6r \u00e4lskande &#8211; en serenad<br \/>\nF\u00f6r dig l\u00e4ser skalderna sin innersta lyrik<br \/>\nF\u00f6r dig kom dom orden till &#8211; varenda rad<br \/>\nDu \u00e4r h\u00e4r och jag f\u00e5r r\u00f6ra vid din<br \/>\nlysande gestalt<br \/>\nDu \u00e4r den ende, ja, du \u00e4r allt<\/p>\n<p>Ock upp ur jordens m\u00f6rker stiger sk\u00f6na<br \/>\nh\u00f6ga toner<br \/>\nDet klingar av klockor som v\u00e4cker passioner<br \/>\nN\u00e4r du g\u00e5r t\u00e4tt intill mig<br \/>\nVet jag att dom bara ringer<br \/>\nF\u00f6r dig<\/p>\n<p>F\u00f6r dig skiner stj\u00e4rnorna<br \/>\np\u00e5 kinden nu inatt<br \/>\nAldrig s\u00e5 str\u00e5lande &#8211; i tusental<br \/>\nF\u00f6r dig leker ljumma sommarvindarna tafatt<br \/>\nF\u00f6r dig sjunger jublande en n\u00e4ktergal<br \/>\nDu \u00e4r h\u00e4r och jag f\u00e5r r\u00f6ra vid din<br \/>\nlysande gestalt<br \/>\nDu \u00e4r den enda, ja, du \u00e4r allt<\/p>\n<p>Ock upp ur jordens m\u00f6rker stiger sk\u00f6na<br \/>\nh\u00f6ga toner<br \/>\nDet klingar av klockor som v\u00e4cker passioner<br \/>\nJag luras f\u00f6r en liten stund att tro<br \/>\nAtt du vill stanna hos mig<\/p>\n<p>Ock upp ur jordens m\u00f6rker stiger sk\u00f6na<br \/>\nh\u00f6ga toner<br \/>\nDet klingar av klockor som v\u00e4cker passioner<br \/>\nMen n\u00e4r du g\u00e5r bredvid mig<br \/>\nVet jag att dom bara ringer<br \/>\nF\u00f6r dig<\/p>\n<p><em>\u00a9 2007 Mono Music AB<\/em><\/p>\n<p style=\"text-align: left;\"><a title=\"BAO 3\" href=\"https:\/\/helensjoholm.nu\/_eng\/2006-2010\/bao-3\/\">Back<\/a><\/p>\n","protected":false},"excerpt":{"rendered":"<p>F\u00f6r dig spelar dansorkestern himmelsbl\u00e5 musik toner f\u00f6r \u00e4lskande &#8211; en serenad F\u00f6r dig l\u00e4ser skalderna sin innersta lyrik F\u00f6r dig kom dom orden till <a class=\"more-link\" href=\"https:\/\/helensjoholm.nu\/_eng\/2006-2010\/bao-3\/for-dig\/\">Read More &#8230;<\/a><\/p>\n","protected":false},"author":1,"featured_media":0,"parent":2694,"menu_order":0,"comment_status":"closed","ping_status":"closed","template":"","meta":{"ngg_post_thumbnail":0,"footnotes":""},"class_list":["post-2703","page","type-page","status-publish","hentry"],"aioseo_notices":[],"_links":{"self":[{"href":"https:\/\/helensjoholm.nu\/_eng\/wp-json\/wp\/v2\/pages\/2703","targetHints":{"allow":["GET"]}}],"collection":[{"href":"https:\/\/helensjoholm.nu\/_eng\/wp-json\/wp\/v2\/pages"}],"about":[{"href":"https:\/\/helensjoholm.nu\/_eng\/wp-json\/wp\/v2\/types\/page"}],"author":[{"embeddable":true,"href":"https:\/\/helensjoholm.nu\/_eng\/wp-json\/wp\/v2\/users\/1"}],"replies":[{"embeddable":true,"href":"https:\/\/helensjoholm.nu\/_eng\/wp-json\/wp\/v2\/comments?post=2703"}],"version-history":[{"count":0,"href":"https:\/\/helensjoholm.nu\/_eng\/wp-json\/wp\/v2\/pages\/2703\/revisions"}],"up":[{"embeddable":true,"href":"https:\/\/helensjoholm.nu\/_eng\/wp-json\/wp\/v2\/pages\/2694"}],"wp:attachment":[{"href":"https:\/\/helensjoholm.nu\/_eng\/wp-json\/wp\/v2\/media?parent=2703"}],"curies":[{"name":"wp","href":"https:\/\/api.w.org\/{rel}","templated":true}]}}