{"id":2694,"date":"2013-06-01T08:14:19","date_gmt":"2013-06-01T06:14:19","guid":{"rendered":"http:\/\/helensjoholm.nu\/_eng\/?page_id=2694"},"modified":"2023-07-16T13:13:48","modified_gmt":"2023-07-16T11:13:48","slug":"bao-3","status":"publish","type":"page","link":"https:\/\/helensjoholm.nu\/_eng\/2006-2010\/bao-3\/","title":{"rendered":"BAO 3"},"content":{"rendered":"<table style=\"height: 603px;\" border=\"0\" align=\"left\">\n<tbody>\n<tr style=\"height: 105px;\">\n<td style=\"height: 105px;\"><img loading=\"lazy\" decoding=\"async\" title=\"BAO 3 (2007)\" src=\"https:\/\/helensjoholm.nu\/_eng\/wp-content\/gallery\/diskografi-2006-2010\/helen45_bao3_cd-2.jpg\" alt=\"BAO 3 (2007)\" width=\"100\" height=\"100\"><\/td>\n<td style=\"height: 105px;\" valign=\"top\"><strong>BAO 3<\/strong><br \/>\nBenny Andersson Band<br \/>\nMono Music AB (2007)<\/td>\n<\/tr>\n<tr style=\"height: 165px;\">\n<td style=\"height: 165px;\" colspan=\"2\"><strong>Music: <\/strong>Benny Andersson<br \/>\n<strong>Lyrics: <\/strong>Bjorn Ulvaeus, Kristina Lugn (Nu m\u00e5r jag mycket b\u00e4ttre)<br \/>\n<strong>Arrangements: <\/strong>Benny Andersson and G\u00f6ran Arnberg<\/p>\n<hr>\n<p>Note that it\u00b4s against the law to publish lyrics, or translations of lyrics, without permission from the author!<br \/>\nWith the help of <a href=\"http:\/\/translate.google.se\/#sv|en|\" target=\"_blank\" rel=\"noopener noreferrer\">Google Translator<\/a> you can, however, translate the lyrics for your own use.<\/p>\n<hr>\n<\/td>\n<\/tr>\n<tr style=\"height: 19px;\">\n<td style=\"height: 19px;\" colspan=\"2\"><strong>1. <\/strong> Marsch pannkaka<\/td>\n<\/tr>\n<tr style=\"height: 19px;\">\n<td style=\"height: 19px;\" colspan=\"2\"><strong>2. <\/strong> <strong>F\u00f6r dig &#8211; Helen Sj\u00f6holm<\/strong>&nbsp;<a title=\"F\u00f6r dig\" href=\"https:\/\/helensjoholm.nu\/_eng\/2006-2010\/bao-3\/for-dig\/\">(lyrics)<\/a><\/td>\n<\/tr>\n<tr style=\"height: 19px;\">\n<td style=\"height: 19px;\" colspan=\"2\"><strong> 3.<strong><strong> <strong>Du fr\u00e4lste mig i sista stund<\/strong> &#8211; Helen Sj\u00f6holm<\/strong><\/strong><\/strong><strong><strong><strong>&nbsp;<\/strong><\/strong><\/strong><a title=\"Du fr\u00e4lste mig i sista stund\" href=\"https:\/\/helensjoholm.nu\/_eng\/2006-2010\/bao-3\/du-fralste-mig-i-sista-stund\/\">(lyrics)<\/a><\/td>\n<\/tr>\n<tr style=\"height: 19px;\">\n<td style=\"height: 19px;\" colspan=\"2\"><strong>4.<\/strong> Fait accomplit &#8211; Tommy K\u00f6rberg&nbsp;<a href=\"https:\/\/helensjoholm.nu\/_eng\/2006-2010\/bao-3\/lyrics-fait-accomplit-sv\/\">(lyrics)<\/a><\/td>\n<\/tr>\n<tr style=\"height: 19px;\">\n<td style=\"height: 19px;\" colspan=\"2\"><strong>5. <\/strong> <strong>Crush On You &#8211; Helen Sj\u00f6holm, Tommy K\u00f6rberg<\/strong><strong>&nbsp;<\/strong><a title=\"Crush On You\" href=\"https:\/\/helensjoholm.nu\/_eng\/2006-2010\/bao-3\/crush-on-you\/\">(lyrics)<\/a><\/td>\n<\/tr>\n<tr style=\"height: 19px;\">\n<td style=\"height: 19px;\" colspan=\"2\"><strong>6. <\/strong> Calle J:s vals<\/td>\n<\/tr>\n<tr style=\"height: 19px;\">\n<td style=\"height: 19px;\" colspan=\"2\"><strong>7. <\/strong> Helens brudvals<\/td>\n<\/tr>\n<tr style=\"height: 19px;\">\n<td style=\"height: 19px;\" colspan=\"2\"><strong>8.&nbsp;<\/strong>&nbsp;<strong>Upp till dig &#8211; Helen Sj\u00f6holm<\/strong><strong>&nbsp;<\/strong><a title=\"Upp till dig\" href=\"https:\/\/helensjoholm.nu\/_eng\/2006-2010\/bao-3\/upp-till-dig\/\">(lyrics)<\/a><\/td>\n<\/tr>\n<tr style=\"height: 19px;\">\n<td style=\"height: 19px;\" colspan=\"2\"><strong>9. <\/strong> Bonde s\u00f6ker fru &#8211; Tommy K\u00f6rberg <a title=\"Bonde s\u00f6ker fru\" href=\"https:\/\/helensjoholm.nu\/_eng\/2006-2010\/bao-3\/bonde-soker-fru\/\">(lyrics)<\/a><\/td>\n<\/tr>\n<tr style=\"height: 19px;\">\n<td style=\"height: 19px;\" colspan=\"2\"><strong>10.<\/strong> <strong>Nu m\u00e5r jag mycket b\u00e4ttre &#8211; Helen Sj\u00f6holm, Tommy K\u00f6rberg<\/strong><strong>&nbsp;<\/strong><a title=\"Nu m\u00e5r jag mycket b\u00e4ttre\" href=\"https:\/\/helensjoholm.nu\/_eng\/2006-2010\/bao-3\/lyrics-nu-mar-jag-mycket-battre\/\">(lyrics)<\/a><\/td>\n<\/tr>\n<tr style=\"height: 19px;\">\n<td style=\"height: 19px;\" colspan=\"2\"><strong>11. <\/strong>Wienerbrot<\/td>\n<\/tr>\n<tr style=\"height: 19px;\">\n<td style=\"height: 19px;\" colspan=\"2\"><strong>12.<\/strong> Godnattvisa<\/td>\n<\/tr>\n<tr style=\"height: 105px;\">\n<td style=\"height: 105px;\"><strong><img loading=\"lazy\" decoding=\"async\" class=\"alignnone\" title=\"Single: Du fr\u00e4lste mig i sista stund (2007)\" src=\"https:\/\/helensjoholm.nu\/_eng\/wp-content\/gallery\/diskografi-2006-2010\/singel_dufralstemigisistastund_mmcd-s132_2007.jpg\" alt=\"Single: Du fr\u00e4lste mig i sista stund (2007)\" width=\"100\" height=\"100\"><\/strong><\/td>\n<td style=\"height: 105px;\" valign=\"top\"><strong>SINGLE<br \/>\nDU FR\u00c4LSTE MIG I SISTA STUND<br \/>\n<\/strong>Mono Music AB (2007)<\/td>\n<\/tr>\n<\/tbody>\n<\/table>\n<h5>Listen!<\/h5>\n<hr>\n<p><iframe title=\"Spotify Embed: BAO 3\" style=\"border-radius: 12px\" width=\"100%\" height=\"352\" frameborder=\"0\" allowfullscreen allow=\"autoplay; clipboard-write; encrypted-media; fullscreen; picture-in-picture\" loading=\"lazy\" src=\"https:\/\/open.spotify.com\/embed\/album\/4xA5LZBkNDsGwBZczk7rVB?utm_source=oembed\"><\/iframe><\/p>\n<p><a title=\"2006 - 2010\" href=\"https:\/\/helensjoholm.nu\/_eng\/2006-2010\/\">Back<\/a><\/p>\n","protected":false},"excerpt":{"rendered":"<p>BAO 3 Benny Andersson Band Mono Music AB (2007) Music: Benny Andersson Lyrics: Bjorn Ulvaeus, Kristina Lugn (Nu m\u00e5r jag mycket b\u00e4ttre) Arrangements: Benny Andersson <a class=\"more-link\" href=\"https:\/\/helensjoholm.nu\/_eng\/2006-2010\/bao-3\/\">Read More &#8230;<\/a><\/p>\n","protected":false},"author":1,"featured_media":0,"parent":179,"menu_order":0,"comment_status":"closed","ping_status":"closed","template":"","meta":{"ngg_post_thumbnail":0,"footnotes":""},"class_list":["post-2694","page","type-page","status-publish","hentry"],"aioseo_notices":[],"_links":{"self":[{"href":"https:\/\/helensjoholm.nu\/_eng\/wp-json\/wp\/v2\/pages\/2694","targetHints":{"allow":["GET"]}}],"collection":[{"href":"https:\/\/helensjoholm.nu\/_eng\/wp-json\/wp\/v2\/pages"}],"about":[{"href":"https:\/\/helensjoholm.nu\/_eng\/wp-json\/wp\/v2\/types\/page"}],"author":[{"embeddable":true,"href":"https:\/\/helensjoholm.nu\/_eng\/wp-json\/wp\/v2\/users\/1"}],"replies":[{"embeddable":true,"href":"https:\/\/helensjoholm.nu\/_eng\/wp-json\/wp\/v2\/comments?post=2694"}],"version-history":[{"count":0,"href":"https:\/\/helensjoholm.nu\/_eng\/wp-json\/wp\/v2\/pages\/2694\/revisions"}],"up":[{"embeddable":true,"href":"https:\/\/helensjoholm.nu\/_eng\/wp-json\/wp\/v2\/pages\/179"}],"wp:attachment":[{"href":"https:\/\/helensjoholm.nu\/_eng\/wp-json\/wp\/v2\/media?parent=2694"}],"curies":[{"name":"wp","href":"https:\/\/api.w.org\/{rel}","templated":true}]}}