{"id":2686,"date":"2013-06-01T08:10:33","date_gmt":"2013-06-01T06:10:33","guid":{"rendered":"http:\/\/helensjoholm.nu\/_eng\/?page_id=2686"},"modified":"2020-01-26T11:15:15","modified_gmt":"2020-01-26T09:15:15","slug":"p4-sommarflort","status":"publish","type":"page","link":"https:\/\/helensjoholm.nu\/_eng\/2006-2010\/p4-sommarflort\/","title":{"rendered":"P4 Sommarfl\u00f8rt"},"content":{"rendered":"<table border=\"0\" align=\"left\">\n<tbody>\n<tr>\n<td><img loading=\"lazy\" decoding=\"async\" class=\"alignnone\" title=\"P4 Sommarfl\u00f8rt (2007)\" src=\"https:\/\/helensjoholm.nu\/_eng\/wp-content\/gallery\/diskografi-2006-2010\/cd_p4-sommerflirt_2007.jpg\" alt=\"P4 Sommarfl\u00f8rt (2007)\" width=\"100\" height=\"100\"><\/td>\n<td valign=\"top\"><strong>P4 SOMMARFL\u00f8RT<\/strong><br \/>\n(Norge 2007)<\/td>\n<\/tr>\n<tr>\n<td colspan=\"2\"><strong> CD 1<\/strong><\/td>\n<\/tr>\n<tr>\n<td colspan=\"2\"><strong>1. <\/strong> There Must Be An Angel &#8211; Eurythmics<\/td>\n<\/tr>\n<tr>\n<td colspan=\"2\"><strong>2. <\/strong> En dags pause &#8211; Jahn Teigen<\/td>\n<\/tr>\n<tr>\n<td colspan=\"2\"><strong> 3. <\/strong>Karma Chameleon &#8211; Culture Club<\/td>\n<\/tr>\n<tr>\n<td colspan=\"2\"><strong>4.<\/strong> Soul Provider &#8211; Michael Bolton<\/td>\n<\/tr>\n<tr>\n<td colspan=\"2\"><strong>5. <\/strong> Varje g\u00e5ng jag ser dig &#8211; Lisa Nilsson<\/td>\n<\/tr>\n<tr>\n<td colspan=\"2\"><strong>6. <\/strong> I Love You Always Forver &#8211; Donna Lewis<\/td>\n<\/tr>\n<tr>\n<td colspan=\"2\"><strong>7. <\/strong> Working My Way Back To You &#8211; Detroit Spinners<\/td>\n<\/tr>\n<tr>\n<td colspan=\"2\"><strong>8. <\/strong> I Won&#8217;t Let The Sun Go Down On Me &#8211; Nik Kershaw<\/td>\n<\/tr>\n<tr>\n<td colspan=\"2\"><strong>9. <\/strong> Michelangelo (men s\u00e5 svara d\u00e5) &#8211; Bj\u00f6rn Skifs<\/td>\n<\/tr>\n<tr>\n<td colspan=\"2\"><strong>10.<\/strong> Sexy Eyes &#8211; Dr. Hook<\/td>\n<\/tr>\n<tr>\n<td colspan=\"2\"><strong>11. <\/strong>Damn, I Wish I Was Your Lover &#8211; Sophie B. Hawkins<\/td>\n<\/tr>\n<tr>\n<td colspan=\"2\"><strong>12.<\/strong> Opposites Attract &#8211; Paula Abdul<\/td>\n<\/tr>\n<tr>\n<td colspan=\"2\"><strong>13. <\/strong>Frankie &#8211; Sister Sledge<\/td>\n<\/tr>\n<tr>\n<td colspan=\"2\"><strong>14. <\/strong>Luka &#8211; Suzanne Vega<\/td>\n<\/tr>\n<tr>\n<td colspan=\"2\"><strong>15. <\/strong>More Than This &#8211; Roxy Music<\/td>\n<\/tr>\n<tr>\n<td colspan=\"2\"><strong>16. <\/strong>Americano &#8211; Holly Johnson<\/td>\n<\/tr>\n<tr>\n<td colspan=\"2\"><strong>17. <\/strong> Don&#8217;t Dream It&#8217;s Over &#8211; Crowded House<\/td>\n<\/tr>\n<tr>\n<td colspan=\"2\"><strong>18. <\/strong>Dancing In The Moonlight &#8211; Toploader<\/td>\n<\/tr>\n<tr>\n<td colspan=\"2\"><strong>CD 2 <\/strong><\/td>\n<\/tr>\n<tr>\n<td colspan=\"2\"><strong>1. <\/strong>\u00d6gon som glitrar &#8211; Freestyle<\/td>\n<\/tr>\n<tr>\n<td colspan=\"2\"><strong>2. <\/strong>En j\u00e4vel p\u00e5 k\u00e4rlek &#8211; Glenmark, Eriksson &amp; Str\u00f6mstedt<\/td>\n<\/tr>\n<tr>\n<td colspan=\"2\"><strong>3. <\/strong>If This Is It &#8211; Huey Lewis &amp; The News<\/td>\n<\/tr>\n<tr>\n<td colspan=\"2\"><strong>4. <\/strong> Private Dancer &#8211; Tina Turner<\/td>\n<\/tr>\n<tr>\n<td colspan=\"2\"><strong>5. <\/strong>(Hey You) The Rock Steady Crew &#8211; Rock Steady Crew<\/td>\n<\/tr>\n<tr>\n<td colspan=\"2\"><strong>6. <\/strong>Easy &#8211; Faith No More<\/td>\n<\/tr>\n<tr>\n<td colspan=\"2\"><strong>7. <\/strong>Lost In Love &#8211; Air Supply<\/td>\n<\/tr>\n<tr>\n<td colspan=\"2\"><strong>8. <\/strong>Abracadabra &#8211; Steve Miller Band<\/td>\n<\/tr>\n<tr>\n<td colspan=\"2\"><strong>9. <\/strong>Circle In The Sand &#8211; Belinda Carlisle<\/td>\n<\/tr>\n<tr>\n<td colspan=\"2\"><strong>10. <\/strong>Livet er for kjipt &#8211; Lars Kilevold<\/td>\n<\/tr>\n<tr>\n<td colspan=\"2\"><strong>11. <\/strong>Heart And Soul &#8211; T&#8217;Pau<\/td>\n<\/tr>\n<tr>\n<td colspan=\"2\"><strong>12. <\/strong>Rise To The Occasion &#8211; Climie Fisher<\/td>\n<\/tr>\n<tr>\n<td colspan=\"2\"><strong>13. <\/strong>Promise Me &#8211; Beverly Craven<\/td>\n<\/tr>\n<tr>\n<td colspan=\"2\"><strong>14. <\/strong>Om &#8211; Niklas Str\u00f6mstedt<\/td>\n<\/tr>\n<tr>\n<td colspan=\"2\"><strong>15. <\/strong> Close To You &#8211; Maxi Priest<\/td>\n<\/tr>\n<tr>\n<td colspan=\"2\"><strong>16. <\/strong>Hagelands &#8211; DumDum Boys<\/td>\n<\/tr>\n<tr>\n<td colspan=\"2\"><strong>17. <\/strong>Da Da Da &#8211; Trio<\/td>\n<\/tr>\n<tr>\n<td colspan=\"2\"><strong>18. <\/strong>The Harder I Try &#8211; Brother Beyond<\/td>\n<\/tr>\n<tr>\n<td colspan=\"2\"><strong>19. <strong>Gabriellas s\u00e5ng &#8211; Helene Sj\u00f6holm &amp; Stefan Nilsson<\/strong><\/strong><\/td>\n<\/tr>\n<tr>\n<td colspan=\"2\"><a title=\"Albums 2006 - 2010\" href=\"https:\/\/helensjoholm.nu\/_eng\/2006-2010\/\">Back<\/a><\/td>\n<\/tr>\n<\/tbody>\n<\/table>\n<p>&nbsp;<\/p>\n","protected":false},"excerpt":{"rendered":"<p>P4 SOMMARFL\u00f8RT (Norge 2007) CD 1 1. There Must Be An Angel &#8211; Eurythmics 2. En dags pause &#8211; Jahn Teigen 3. Karma Chameleon &#8211; <a class=\"more-link\" href=\"https:\/\/helensjoholm.nu\/_eng\/2006-2010\/p4-sommarflort\/\">Read More &#8230;<\/a><\/p>\n","protected":false},"author":1,"featured_media":0,"parent":179,"menu_order":0,"comment_status":"closed","ping_status":"closed","template":"","meta":{"ngg_post_thumbnail":0,"footnotes":""},"class_list":["post-2686","page","type-page","status-publish","hentry"],"aioseo_notices":[],"_links":{"self":[{"href":"https:\/\/helensjoholm.nu\/_eng\/wp-json\/wp\/v2\/pages\/2686","targetHints":{"allow":["GET"]}}],"collection":[{"href":"https:\/\/helensjoholm.nu\/_eng\/wp-json\/wp\/v2\/pages"}],"about":[{"href":"https:\/\/helensjoholm.nu\/_eng\/wp-json\/wp\/v2\/types\/page"}],"author":[{"embeddable":true,"href":"https:\/\/helensjoholm.nu\/_eng\/wp-json\/wp\/v2\/users\/1"}],"replies":[{"embeddable":true,"href":"https:\/\/helensjoholm.nu\/_eng\/wp-json\/wp\/v2\/comments?post=2686"}],"version-history":[{"count":0,"href":"https:\/\/helensjoholm.nu\/_eng\/wp-json\/wp\/v2\/pages\/2686\/revisions"}],"up":[{"embeddable":true,"href":"https:\/\/helensjoholm.nu\/_eng\/wp-json\/wp\/v2\/pages\/179"}],"wp:attachment":[{"href":"https:\/\/helensjoholm.nu\/_eng\/wp-json\/wp\/v2\/media?parent=2686"}],"curies":[{"name":"wp","href":"https:\/\/api.w.org\/{rel}","templated":true}]}}