{"id":2668,"date":"2013-06-01T07:57:55","date_gmt":"2013-06-01T05:57:55","guid":{"rendered":"http:\/\/helensjoholm.nu\/_eng\/?page_id=2668"},"modified":"2020-04-13T13:19:46","modified_gmt":"2020-04-13T11:19:46","slug":"min-lyckas-hus-goran-fristorp","status":"publish","type":"page","link":"https:\/\/helensjoholm.nu\/_eng\/2006-2010\/min-lyckas-hus-goran-fristorp\/","title":{"rendered":"Min lyckas hus (G\u00f6ran Fristorp)"},"content":{"rendered":"<table border=\"0\" align=\"left\">\n<tbody>\n<tr>\n<td><img loading=\"lazy\" decoding=\"async\" class=\"alignnone\" title=\"Min lyckas hus (2008)\" src=\"https:\/\/helensjoholm.nu\/_eng\/wp-content\/gallery\/diskografi-2006-2010\/cd_goranfristorp.jpg\" alt=\"Min lyckas hus (2008)\" width=\"100\" height=\"100\"><\/td>\n<td valign=\"top\"><strong>MIN LYCKAS HUS (G\u00d6RAN FRISTORP)<\/strong><br \/>\ndaWorks Records AS \/ Musikkoperat\u00f8rene (2008)<\/td>\n<\/tr>\n<tr>\n<td colspan=\"2\"><strong>1. H\u00f6stens v\u00e5r &#8211; Helen Sj\u00f6holm &amp; G\u00f6ran Fristorp<\/strong><\/td>\n<\/tr>\n<tr>\n<td colspan=\"2\"><strong>2.<\/strong> \u00c4r det sant&#8230;<\/td>\n<\/tr>\n<tr>\n<td colspan=\"2\"><strong>3.<\/strong> Gr\u00f6nt och bl\u00e5tt &#8211; Herborg Kr\u00e5kevik &amp; G\u00f6ran Fristorp<\/td>\n<\/tr>\n<tr>\n<td colspan=\"2\"><strong>4.<\/strong> Sv\u00e4var h\u00f6gre \u00e4n det bl\u00e5<\/td>\n<\/tr>\n<tr>\n<td colspan=\"2\"><strong>5.<\/strong> Fladdervinge<\/td>\n<\/tr>\n<tr>\n<td colspan=\"2\"><strong>6.<\/strong> T\u00e4nker du n\u00e5nsin p\u00e5 mig &#8211; Marian Aas Hansen &amp; G\u00f6ran Fristorp<\/td>\n<\/tr>\n<tr>\n<td colspan=\"2\"><strong>7.<\/strong> Str\u00f6vt\u00e5g i hembygden<\/td>\n<\/tr>\n<tr>\n<td colspan=\"2\"><strong>8.<\/strong> Det kom ett brev<\/td>\n<\/tr>\n<tr>\n<td colspan=\"2\"><strong>9.<\/strong> Brevet<\/td>\n<\/tr>\n<tr>\n<td colspan=\"2\"><strong>10.<\/strong> Hon som dog<\/td>\n<\/tr>\n<tr>\n<td colspan=\"2\"><strong>11.<\/strong> Liljorna<\/td>\n<\/tr>\n<tr>\n<td colspan=\"2\"><strong>12.<\/strong> Himlar<\/td>\n<\/tr>\n<\/tbody>\n<\/table>\n<h5>Listen!<\/h5>\n<hr>\n<p><iframe loading=\"lazy\" title=\"Spotify Embed: Min lyckas hus\" width=\"300\" height=\"380\" allowtransparency=\"true\" frameborder=\"0\" allow=\"encrypted-media\" src=\"https:\/\/open.spotify.com\/embed\/album\/16XcSw24jyybiNXJRKncbU\"><\/iframe><\/p>\n<p><a href=\"https:\/\/helensjoholm.nu\/_eng\/2006-2010\/\">Back<\/a><\/p>\n","protected":false},"excerpt":{"rendered":"<p>MIN LYCKAS HUS (G\u00d6RAN FRISTORP) daWorks Records AS \/ Musikkoperat\u00f8rene (2008) 1. H\u00f6stens v\u00e5r &#8211; Helen Sj\u00f6holm &amp; G\u00f6ran Fristorp 2. \u00c4r det sant&#8230; 3. <a class=\"more-link\" href=\"https:\/\/helensjoholm.nu\/_eng\/2006-2010\/min-lyckas-hus-goran-fristorp\/\">Read More &#8230;<\/a><\/p>\n","protected":false},"author":1,"featured_media":0,"parent":179,"menu_order":0,"comment_status":"closed","ping_status":"closed","template":"","meta":{"ngg_post_thumbnail":0,"footnotes":""},"class_list":["post-2668","page","type-page","status-publish","hentry"],"aioseo_notices":[],"_links":{"self":[{"href":"https:\/\/helensjoholm.nu\/_eng\/wp-json\/wp\/v2\/pages\/2668","targetHints":{"allow":["GET"]}}],"collection":[{"href":"https:\/\/helensjoholm.nu\/_eng\/wp-json\/wp\/v2\/pages"}],"about":[{"href":"https:\/\/helensjoholm.nu\/_eng\/wp-json\/wp\/v2\/types\/page"}],"author":[{"embeddable":true,"href":"https:\/\/helensjoholm.nu\/_eng\/wp-json\/wp\/v2\/users\/1"}],"replies":[{"embeddable":true,"href":"https:\/\/helensjoholm.nu\/_eng\/wp-json\/wp\/v2\/comments?post=2668"}],"version-history":[{"count":0,"href":"https:\/\/helensjoholm.nu\/_eng\/wp-json\/wp\/v2\/pages\/2668\/revisions"}],"up":[{"embeddable":true,"href":"https:\/\/helensjoholm.nu\/_eng\/wp-json\/wp\/v2\/pages\/179"}],"wp:attachment":[{"href":"https:\/\/helensjoholm.nu\/_eng\/wp-json\/wp\/v2\/media?parent=2668"}],"curies":[{"name":"wp","href":"https:\/\/api.w.org\/{rel}","templated":true}]}}