{"id":2659,"date":"2013-06-01T07:37:48","date_gmt":"2013-06-01T05:37:48","guid":{"rendered":"http:\/\/helensjoholm.nu\/_eng\/?page_id=2659"},"modified":"2020-04-13T11:51:56","modified_gmt":"2020-04-13T09:51:56","slug":"patrik-isaksson-10-ar","status":"publish","type":"page","link":"https:\/\/helensjoholm.nu\/_eng\/2006-2010\/patrik-isaksson-10-ar\/","title":{"rendered":"Patrik Isaksson 10 \u00e5r"},"content":{"rendered":"<table border=\"0\" align=\"left\">\n<tbody>\n<tr>\n<td><img loading=\"lazy\" decoding=\"async\" class=\"alignnone\" title=\"Patrik Isaksson 10 \u00e5r (2008)\" src=\"https:\/\/helensjoholm.nu\/_eng\/wp-content\/gallery\/diskografi-2006-2010\/cd_patrikisaksson_0.jpg\" alt=\"Patrik Isaksson 10 \u00e5r (2008)\" width=\"100\" height=\"100\"><\/td>\n<td valign=\"top\"><strong>PATRIK ISAKSSON 10 \u00c5R<br \/>\n<\/strong>Sony Music Entertainment (2008)<\/td>\n<\/tr>\n<tr>\n<td colspan=\"2\"><strong>1.<\/strong> Du f\u00e5r g\u00f6ra som du vill<\/td>\n<\/tr>\n<tr>\n<td colspan=\"2\"><strong>2.<\/strong> Ruta 1<\/td>\n<\/tr>\n<tr>\n<td colspan=\"2\"><strong>3.<\/strong> Under mitt tunna skinn<\/td>\n<\/tr>\n<tr>\n<td colspan=\"2\"><strong>4.<\/strong> Kom genom eld &#8211; Singel Remix<\/td>\n<\/tr>\n<tr>\n<td colspan=\"2\"><strong>5.<\/strong> Elddon<\/td>\n<\/tr>\n<tr>\n<td colspan=\"2\"><strong>6. Hj\u00e4rtat vet mer \u00e4n vi &#8211; Helen Sj\u00f6holm &amp; Patrik Isaksson<\/strong><\/td>\n<\/tr>\n<tr>\n<td colspan=\"2\"><strong>7.<\/strong> Innan klockan sl\u00e5r<\/td>\n<\/tr>\n<tr>\n<td colspan=\"2\"><strong>8.<\/strong> 1985 &#8211; Single Version<\/td>\n<\/tr>\n<tr>\n<td colspan=\"2\"><strong>9.<\/strong> Det som var nu<\/td>\n<\/tr>\n<tr>\n<td colspan=\"2\"><strong>10.<\/strong> Aldrig mer<\/td>\n<\/tr>\n<tr>\n<td colspan=\"2\"><strong>11.<\/strong> Hos dig \u00e4r jag underbar<\/td>\n<\/tr>\n<tr>\n<td colspan=\"2\"><strong>12.<\/strong> Faller du s\u00e5 faller jag<\/td>\n<\/tr>\n<tr>\n<td colspan=\"2\"><strong>13.<\/strong> Du som tog mitt hj\u00e4rta &#8211; Sarah Dawn Finer &amp; Patrik Isaksson<\/td>\n<\/tr>\n<tr>\n<td colspan=\"2\"><strong>14.<\/strong> H\u00e4r kommer natten &#8211; Joey Tempest &amp; Patrik Isaksson<\/td>\n<\/tr>\n<tr>\n<td colspan=\"2\"><strong>15.<\/strong> V\u00e5r sista dag<\/td>\n<\/tr>\n<tr>\n<td colspan=\"2\"><strong>16.<\/strong> Kan du se mig<\/td>\n<\/tr>\n<tr>\n<td colspan=\"2\"><strong>17.<\/strong> Innan dagen gryr<\/td>\n<\/tr>\n<tr>\n<td colspan=\"2\"><strong>18.<\/strong> Kopp\u00e5ngen &#8211; Kalle Moraeus, Bengan Jansson &amp; Patrik Isaksson<\/td>\n<\/tr>\n<\/tbody>\n<\/table>\n<h5>Listen!<\/h5>\n<hr>\n<p><iframe loading=\"lazy\" title=\"Spotify Embed: 10 \u00e5r - en sn\u00e4ll mans bek\u00e4nnelser\" width=\"300\" height=\"380\" allowtransparency=\"true\" frameborder=\"0\" allow=\"encrypted-media\" src=\"https:\/\/open.spotify.com\/embed\/album\/2mmNYPVvdrSjnpzJZJMbRJ\"><\/iframe><\/p>\n<p><a href=\"https:\/\/helensjoholm.nu\/_eng\/2006-2010\/\">Back<\/a><\/p>\n","protected":false},"excerpt":{"rendered":"<p>PATRIK ISAKSSON 10 \u00c5R Sony Music Entertainment (2008) 1. Du f\u00e5r g\u00f6ra som du vill 2. Ruta 1 3. Under mitt tunna skinn 4. Kom <a class=\"more-link\" href=\"https:\/\/helensjoholm.nu\/_eng\/2006-2010\/patrik-isaksson-10-ar\/\">Read More &#8230;<\/a><\/p>\n","protected":false},"author":1,"featured_media":0,"parent":179,"menu_order":0,"comment_status":"closed","ping_status":"closed","template":"","meta":{"ngg_post_thumbnail":0,"footnotes":""},"class_list":["post-2659","page","type-page","status-publish","hentry"],"aioseo_notices":[],"_links":{"self":[{"href":"https:\/\/helensjoholm.nu\/_eng\/wp-json\/wp\/v2\/pages\/2659","targetHints":{"allow":["GET"]}}],"collection":[{"href":"https:\/\/helensjoholm.nu\/_eng\/wp-json\/wp\/v2\/pages"}],"about":[{"href":"https:\/\/helensjoholm.nu\/_eng\/wp-json\/wp\/v2\/types\/page"}],"author":[{"embeddable":true,"href":"https:\/\/helensjoholm.nu\/_eng\/wp-json\/wp\/v2\/users\/1"}],"replies":[{"embeddable":true,"href":"https:\/\/helensjoholm.nu\/_eng\/wp-json\/wp\/v2\/comments?post=2659"}],"version-history":[{"count":0,"href":"https:\/\/helensjoholm.nu\/_eng\/wp-json\/wp\/v2\/pages\/2659\/revisions"}],"up":[{"embeddable":true,"href":"https:\/\/helensjoholm.nu\/_eng\/wp-json\/wp\/v2\/pages\/179"}],"wp:attachment":[{"href":"https:\/\/helensjoholm.nu\/_eng\/wp-json\/wp\/v2\/media?parent=2659"}],"curies":[{"name":"wp","href":"https:\/\/api.w.org\/{rel}","templated":true}]}}