{"id":2652,"date":"2013-06-01T07:34:33","date_gmt":"2013-06-01T05:34:33","guid":{"rendered":"http:\/\/helensjoholm.nu\/_eng\/?page_id=2652"},"modified":"2020-04-01T20:08:08","modified_gmt":"2020-04-01T18:08:08","slug":"sota-lilla-mamma","status":"publish","type":"page","link":"https:\/\/helensjoholm.nu\/_eng\/2006-2010\/sota-lilla-mamma\/","title":{"rendered":"S\u00f6ta lilla mamma"},"content":{"rendered":"<table align=\"left\" border=\"0\">\n<tbody>\n<tr>\n<td><img loading=\"lazy\" decoding=\"async\" width=\"100\" height=\"100\" title=\"S\u00f6ta lilla mamma (2008)\" class=\"alignnone\" alt=\"S\u00f6ta lilla mamma (2008)\" src=\"https:\/\/helensjoholm.nu\/_eng\/wp-content\/gallery\/diskografi-2006-2010\/cd_sotalillamamma_2008.jpg\"><\/td>\n<td valign=\"top\"><strong>S\u00d6TA LILLA MAMMA<\/strong><br \/>\nEMI (2008)<\/td>\n<\/tr>\n<tr>\n<td colspan=\"2\"><strong>1. <\/strong> Krama mig &#8211; Bj\u00f6rn Skifs<\/td>\n<\/tr>\n<tr>\n<td colspan=\"2\"><strong>2. <\/strong> B\u00e4sta v\u00e4nner &#8211; Lena Philipsson<\/td>\n<\/tr>\n<tr>\n<td colspan=\"2\"><strong> 3. <\/strong>\u00d6ppna upp ditt f\u00f6nster &#8211; Lisa Ekdahl<\/td>\n<\/tr>\n<tr>\n<td colspan=\"2\"><strong>4.<\/strong> Stolt att vara kvinna &#8211; Ainbusk<\/td>\n<\/tr>\n<tr>\n<td colspan=\"2\"><strong>5. <\/strong> Pojken p\u00e5 m\u00e5nen &#8211; Rikard Wolff<\/td>\n<\/tr>\n<tr>\n<td colspan=\"2\"><strong>6. <\/strong> Dancing Queen &#8211; Real Group &amp; Annifrid Lyngstad<\/td>\n<\/tr>\n<tr>\n<td colspan=\"2\"><strong>7. <\/strong> Hon har ett s\u00e4tt &#8211; Jakob Hellman<\/td>\n<\/tr>\n<tr>\n<td colspan=\"2\"><strong>8. <\/strong> Jag ger dig min morgon &#8211; Cajsastina \u00c5kerstr\u00f6m<\/td>\n<\/tr>\n<tr>\n<td colspan=\"2\"><strong>9. <\/strong> En s\u00e5&#8217;n karl &#8211; Anne-Lie Ryd\u00e9<\/td>\n<\/tr>\n<tr>\n<td colspan=\"2\"><strong>10.<\/strong> <strong>Gabriellas s\u00e5ng &#8211; Helen Sj\u00f6holm &amp; Stefan Nilsson<\/strong><\/td>\n<\/tr>\n<tr>\n<td colspan=\"2\"><strong>11. <\/strong>Stilla ro och n\u00e4ra &#8211; \u00c5sa Jinder &amp; Magnus Carlson<\/td>\n<\/tr>\n<tr>\n<td colspan=\"2\"><strong>12.<\/strong> Sommartrivialiteter &#8211; Cornelis Vreeswijk<\/td>\n<\/tr>\n<tr>\n<td colspan=\"2\"><strong>13. <\/strong>Have I Told You Lately (That I Love You) &#8211; Joybells &amp; Bj\u00f6rn Skifs<\/td>\n<\/tr>\n<tr>\n<td colspan=\"2\"><strong>14. <\/strong>Alltid inom mig &#8211; Totta N\u00e4slund &amp; Josefin Nilsson<\/td>\n<\/tr>\n<tr>\n<td colspan=\"2\"><strong>15. <\/strong>Hej, man! &#8211; Monica Zetterlund<\/td>\n<\/tr>\n<tr>\n<td colspan=\"2\"><strong>16. <\/strong>Honolulu &#8211; Harpo<\/td>\n<\/tr>\n<tr>\n<td colspan=\"2\"><strong>17. <\/strong>Stj\u00e4rnan i mitt liv &#8211; Nisse Hellberg &amp; Peps Persson<\/td>\n<\/tr>\n<tr>\n<td colspan=\"2\"><strong>18. <\/strong>Lita aldrig p\u00e5 en man &#8211; Svante Thuresson<\/td>\n<\/tr>\n<\/tbody>\n<\/table>\n<h5>Listen!<\/h5>\n<hr>\n<p><iframe loading=\"lazy\" title=\"Spotify Embed: Mors dag\" width=\"300\" height=\"380\" allowtransparency=\"true\" frameborder=\"0\" allow=\"encrypted-media\" src=\"https:\/\/open.spotify.com\/embed\/album\/393uZjqM0FAhQtdV1jSeIZ\"><\/iframe><\/p>\n<p><a href=\"https:\/\/helensjoholm.nu\/_eng\/2006-2010\/\">Back<\/a><\/p>\n","protected":false},"excerpt":{"rendered":"<p>S\u00d6TA LILLA MAMMA EMI (2008) 1. Krama mig &#8211; Bj\u00f6rn Skifs 2. B\u00e4sta v\u00e4nner &#8211; Lena Philipsson 3. \u00d6ppna upp ditt f\u00f6nster &#8211; Lisa Ekdahl <a class=\"more-link\" href=\"https:\/\/helensjoholm.nu\/_eng\/2006-2010\/sota-lilla-mamma\/\">Read More &#8230;<\/a><\/p>\n","protected":false},"author":1,"featured_media":0,"parent":179,"menu_order":0,"comment_status":"closed","ping_status":"closed","template":"","meta":{"ngg_post_thumbnail":0,"footnotes":""},"class_list":["post-2652","page","type-page","status-publish","hentry"],"aioseo_notices":[],"_links":{"self":[{"href":"https:\/\/helensjoholm.nu\/_eng\/wp-json\/wp\/v2\/pages\/2652","targetHints":{"allow":["GET"]}}],"collection":[{"href":"https:\/\/helensjoholm.nu\/_eng\/wp-json\/wp\/v2\/pages"}],"about":[{"href":"https:\/\/helensjoholm.nu\/_eng\/wp-json\/wp\/v2\/types\/page"}],"author":[{"embeddable":true,"href":"https:\/\/helensjoholm.nu\/_eng\/wp-json\/wp\/v2\/users\/1"}],"replies":[{"embeddable":true,"href":"https:\/\/helensjoholm.nu\/_eng\/wp-json\/wp\/v2\/comments?post=2652"}],"version-history":[{"count":0,"href":"https:\/\/helensjoholm.nu\/_eng\/wp-json\/wp\/v2\/pages\/2652\/revisions"}],"up":[{"embeddable":true,"href":"https:\/\/helensjoholm.nu\/_eng\/wp-json\/wp\/v2\/pages\/179"}],"wp:attachment":[{"href":"https:\/\/helensjoholm.nu\/_eng\/wp-json\/wp\/v2\/media?parent=2652"}],"curies":[{"name":"wp","href":"https:\/\/api.w.org\/{rel}","templated":true}]}}