{"id":2639,"date":"2013-06-01T07:26:30","date_gmt":"2013-06-01T05:26:30","guid":{"rendered":"http:\/\/helensjoholm.nu\/_eng\/?page_id=2639"},"modified":"2021-01-03T18:18:15","modified_gmt":"2021-01-03T16:18:15","slug":"sang-gladje-40-underbara-favoriter","status":"publish","type":"page","link":"https:\/\/helensjoholm.nu\/_eng\/2006-2010\/sang-gladje-40-underbara-favoriter\/","title":{"rendered":"S\u00e5ng &#038; Gl\u00e4dje &#8211; 40 underbara favoriter"},"content":{"rendered":"<table align=\"left\" border=\"0\">\n<tbody>\n<tr>\n<td valign=\"top\"><img loading=\"lazy\" decoding=\"async\" width=\"100\" height=\"100\" title=\"S\u00e5ng &amp; Gl\u00e4dje \u2013 40 underbara favoriter (2009)\" class=\"alignnone\" alt=\"S\u00e5ng &amp; Gl\u00e4dje \u2013 40 underbara favoriter (2009)\" src=\"https:\/\/helensjoholm.nu\/_eng\/wp-content\/gallery\/diskografi-2006-2010\/cd_sangodladje_2009.jpg\"><\/td>\n<td valign=\"top\"><strong>S\u00c5NG &amp; GL\u00c4DJE &#8211; 40 UNDERBARA FAVORITER, 2 CD<\/strong><br \/>\nLionheart (2009)<\/td>\n<\/tr>\n<tr>\n<td colspan=\"2\"><strong> CD 1<\/strong><\/td>\n<\/tr>\n<tr>\n<td colspan=\"2\"><strong>1. <\/strong> R\u00f6r vid min sj\u00e4l &#8211; Sanna Nielsen<\/td>\n<\/tr>\n<tr>\n<td colspan=\"2\"><strong>2. <\/strong> N\u00e4r morgonen gryr &#8211; G\u00f6sta Linderholm<\/td>\n<\/tr>\n<tr>\n<td colspan=\"2\"><strong> 3. <\/strong>D\u00e4r rosor aldrig d\u00f6r &#8211; Alf Robertson<\/td>\n<\/tr>\n<tr>\n<td colspan=\"2\"><strong>4.<\/strong> <strong>H\u00e4r \u00e4r gudagott att vara &#8211; Helen Sj\u00f6holm<\/strong><\/td>\n<\/tr>\n<tr>\n<td colspan=\"2\"><strong>5. <\/strong> En s\u00e5ng om k\u00e4rlek &#8211; Sten &amp; Stanley<\/td>\n<\/tr>\n<tr>\n<td colspan=\"2\"><strong>6. <\/strong> K\u00e4rleken f\u00f6rde oss samman &#8211; Anna-Lotta Larsson<\/td>\n<\/tr>\n<tr>\n<td colspan=\"2\"><strong>7. <\/strong> Den vita duvan &#8211; Mats R\u00e5dberg<\/td>\n<\/tr>\n<tr>\n<td colspan=\"2\"><strong>8. <\/strong> What A Wonderful World &#8211; Christer Sj\u00f6gren<\/td>\n<\/tr>\n<tr>\n<td colspan=\"2\"><strong>9. <\/strong> Jag var en vandrare &#8211; G\u00f6ran Fristorp<\/td>\n<\/tr>\n<tr>\n<td colspan=\"2\"><strong>10.<\/strong> \u00c4ven bland t\u00f6rnen finns det rosor &#8211; Thore Skogman<\/td>\n<\/tr>\n<tr>\n<td colspan=\"2\"><strong>11. <\/strong>Den vackraste visan om k\u00e4rleken &#8211; Sven-Bertil Taube<\/td>\n<\/tr>\n<tr>\n<td colspan=\"2\"><strong>12.<\/strong> St\u00f6rst av allt &#8211; Carola<\/td>\n<\/tr>\n<tr>\n<td colspan=\"2\"><strong>13. <\/strong>Som en bro \u00f6ver m\u00f6rka vatten &#8211; Tommy K\u00f6rberg<\/td>\n<\/tr>\n<tr>\n<td colspan=\"2\"><strong>14. <\/strong>Du \u00e4r den ende &#8211; Lill Lindfors<\/td>\n<\/tr>\n<tr>\n<td colspan=\"2\"><strong>15. <\/strong>Sommarkort (En stund p\u00e5 jorden) &#8211; Susanne Alfvengren<\/td>\n<\/tr>\n<tr>\n<td colspan=\"2\"><strong>16. <\/strong>Var jag g\u00e5r i skogar, berg och dalar &#8211; Ingvar Nordstr\u00f6m<\/td>\n<\/tr>\n<tr>\n<td colspan=\"2\"><strong>17. <\/strong>Han \u00e4r min s\u00e5ng och min gl\u00e4dje &#8211; Pelle Karlsson<\/td>\n<\/tr>\n<tr>\n<td colspan=\"2\"><strong>18. <\/strong>Himlen och \u00d6sterlen &#8211; Danne Str\u00e5hed &amp; Michael Saxell<\/td>\n<\/tr>\n<tr>\n<td colspan=\"2\"><strong>19. <\/strong>S\u00e5ng till friheten (Du \u00e4r det finaste jag vet) &#8211; Bj\u00f6rn Afzelius<\/td>\n<\/tr>\n<tr>\n<td colspan=\"2\"><strong>20. <\/strong>I Folkviseton (Mitt hj\u00e4rta \u00e4r ditt) &#8211; Lotta Engberg &amp; Jarl Carlsson<\/td>\n<\/tr>\n<tr>\n<td colspan=\"2\"><strong>CD 2 <\/strong><\/td>\n<\/tr>\n<tr>\n<td colspan=\"2\"><strong>1. <\/strong>Du som vandrar genom livet &#8211; Lasse Berghagen<\/td>\n<\/tr>\n<tr>\n<td colspan=\"2\"><strong>2. <\/strong> Vila tryggt &#8211; Sonja Ald\u00e9n<\/td>\n<\/tr>\n<tr>\n<td colspan=\"2\"><strong>3. <\/strong>En v\u00e4nlig gr\u00f6nskas rika dr\u00e4kt &#8211; The Real Group<\/td>\n<\/tr>\n<tr>\n<td colspan=\"2\"><strong>4. <\/strong> Ljus och v\u00e4rme &#8211; \u00c5ge Aleksandersen<\/td>\n<\/tr>\n<tr>\n<td colspan=\"2\"><strong>5. <\/strong>Fr\u00e4lsningssoldaten &#8211; Hasse Andersson<\/td>\n<\/tr>\n<tr>\n<td colspan=\"2\"><strong>6. <\/strong>De vackraste orden &#8211; CajsaStina \u00c5kerstr\u00f6m<\/td>\n<\/tr>\n<tr>\n<td colspan=\"2\"><strong>7. <\/strong>H\u00f6r mina ord &#8211; G\u00f6ran Lindberg &amp; Fr\u00e4lsningsarmens k\u00f6r<\/td>\n<\/tr>\n<tr>\n<td colspan=\"2\"><strong>8. <\/strong>Hallelujah &#8211; Vikingarna<\/td>\n<\/tr>\n<tr>\n<td colspan=\"2\"><strong>9. <\/strong>Nu har jag f\u00e5tt den jag vill ha &#8211; Dana Dragomir<\/td>\n<\/tr>\n<tr>\n<td colspan=\"2\"><strong>10. <\/strong>Blott en dag ett \u00f6gonblick i s\u00e4nder &#8211; Hans Martin<\/td>\n<\/tr>\n<tr>\n<td colspan=\"2\"><strong>11. <\/strong> S\u00e5 l\u00e4nge du \u00e4lskar \u00e4r du ung &#8211; Hootenanny Singers<\/td>\n<\/tr>\n<tr>\n<td colspan=\"2\"><strong>12. <\/strong>Tro p\u00e5 &#8211; Ann-Louise Hansson<\/td>\n<\/tr>\n<tr>\n<td colspan=\"2\"><strong>13. <\/strong>Jag \u00e4r fr\u00e4mling (Solskenss\u00e5ng 198) &#8211; Mats Paulson<\/td>\n<\/tr>\n<tr>\n<td colspan=\"2\"><strong>14. <\/strong>Tysta skyar &#8211; Roland Cedermark<\/td>\n<\/tr>\n<tr>\n<td colspan=\"2\"><strong>15. <\/strong>Vilken v\u00e4rld det skall bli &#8211; Per-Erik Hallin &amp; Carola H\u00e4ggkvist<\/td>\n<\/tr>\n<tr>\n<td colspan=\"2\"><strong>16. <\/strong>Ingen som du &#8211; Eddie Oliva<\/td>\n<\/tr>\n<tr>\n<td colspan=\"2\"><strong>17. <\/strong>Mitt hj\u00e4rtas f\u00e5gel &#8211; Mikael Wiehe &amp; Bj\u00f6rn Afzelius<\/td>\n<\/tr>\n<tr>\n<td colspan=\"2\"><strong>18. <\/strong>Du \u00e4r allt &#8211; Shirley Clamp<\/td>\n<\/tr>\n<tr>\n<td colspan=\"2\"><strong>19. <\/strong>Stilla ro och n\u00e4ra &#8211; \u00c5sa Jinder &amp; Magnus Carlsson<\/td>\n<\/tr>\n<tr>\n<td colspan=\"2\"><strong>20. <\/strong>Jag ger dig min morgon &#8211; Fred \u00c5kerstr\u00f6m<\/td>\n<\/tr>\n<tr>\n<td colspan=\"2\"><a title=\"Albums 2006 - 2010\" href=\"https:\/\/helensjoholm.nu\/_eng\/2006-2010\/\">Back<\/a><\/td>\n<\/tr>\n<\/tbody>\n<\/table>\n<p>&nbsp;<\/p>\n","protected":false},"excerpt":{"rendered":"<p>S\u00c5NG &amp; GL\u00c4DJE &#8211; 40 UNDERBARA FAVORITER, 2 CD Lionheart (2009) CD 1 1. R\u00f6r vid min sj\u00e4l &#8211; Sanna Nielsen 2. N\u00e4r morgonen gryr <a class=\"more-link\" href=\"https:\/\/helensjoholm.nu\/_eng\/2006-2010\/sang-gladje-40-underbara-favoriter\/\">Read More &#8230;<\/a><\/p>\n","protected":false},"author":1,"featured_media":0,"parent":179,"menu_order":0,"comment_status":"closed","ping_status":"closed","template":"","meta":{"ngg_post_thumbnail":0,"footnotes":""},"class_list":["post-2639","page","type-page","status-publish","hentry"],"aioseo_notices":[],"_links":{"self":[{"href":"https:\/\/helensjoholm.nu\/_eng\/wp-json\/wp\/v2\/pages\/2639","targetHints":{"allow":["GET"]}}],"collection":[{"href":"https:\/\/helensjoholm.nu\/_eng\/wp-json\/wp\/v2\/pages"}],"about":[{"href":"https:\/\/helensjoholm.nu\/_eng\/wp-json\/wp\/v2\/types\/page"}],"author":[{"embeddable":true,"href":"https:\/\/helensjoholm.nu\/_eng\/wp-json\/wp\/v2\/users\/1"}],"replies":[{"embeddable":true,"href":"https:\/\/helensjoholm.nu\/_eng\/wp-json\/wp\/v2\/comments?post=2639"}],"version-history":[{"count":0,"href":"https:\/\/helensjoholm.nu\/_eng\/wp-json\/wp\/v2\/pages\/2639\/revisions"}],"up":[{"embeddable":true,"href":"https:\/\/helensjoholm.nu\/_eng\/wp-json\/wp\/v2\/pages\/179"}],"wp:attachment":[{"href":"https:\/\/helensjoholm.nu\/_eng\/wp-json\/wp\/v2\/media?parent=2639"}],"curies":[{"name":"wp","href":"https:\/\/api.w.org\/{rel}","templated":true}]}}