{"id":2627,"date":"2013-05-31T21:25:53","date_gmt":"2013-05-31T19:25:53","guid":{"rendered":"http:\/\/helensjoholm.nu\/_eng\/?page_id=2627"},"modified":"2021-01-03T18:09:19","modified_gmt":"2021-01-03T16:09:19","slug":"den-svenska-sommaren","status":"publish","type":"page","link":"https:\/\/helensjoholm.nu\/_eng\/2006-2010\/den-svenska-sommaren\/","title":{"rendered":"Den svenska sommaren"},"content":{"rendered":"<table align=\"left\" border=\"0\">\n<tbody>\n<tr>\n<td><img loading=\"lazy\" decoding=\"async\" width=\"100\" height=\"100\" title=\"Den svenska sommaren (2009)\" class=\"alignnone\" alt=\"Den svenska sommaren (2009)\" src=\"https:\/\/helensjoholm.nu\/_eng\/wp-content\/gallery\/diskografi-2006-2010\/cd_densvenskasommaren_2009.jpg\"><\/td>\n<td valign=\"top\"><strong>DEN SVENSKA SOMMAREN, 5 CD<\/strong><br \/>\nUniversal Music AB (2009)<\/td>\n<\/tr>\n<tr>\n<td colspan=\"2\"><strong> CD 1<\/strong><\/td>\n<\/tr>\n<tr>\n<td colspan=\"2\"><strong>1. <\/strong> Sommar, sommar, sommar &#8211; Radions Underh\u00e5llningsorkester<\/td>\n<\/tr>\n<tr>\n<td colspan=\"2\"><strong>2. <\/strong> Sommaren \u00e4r kort &#8211; Tomas Ledin<\/td>\n<\/tr>\n<tr>\n<td colspan=\"2\"><strong><strong><strong> 3. <\/strong><\/strong><\/strong>Turistens klagan &#8211; Cornelis Vreeswijk<\/td>\n<\/tr>\n<tr>\n<td colspan=\"2\"><strong>4.<\/strong> Barfotavisan &#8211; Mats Paulson<\/td>\n<\/tr>\n<tr>\n<td colspan=\"2\"><strong>5. <\/strong> Hav och sand &#8211; Lars Berghagen<\/td>\n<\/tr>\n<tr>\n<td colspan=\"2\"><strong>6. <\/strong> Nocturne (Sov p\u00e5 min arm) &#8211; Sven-Bertil Taube<\/td>\n<\/tr>\n<tr>\n<td colspan=\"2\"><strong>7. <\/strong> Maj p\u00e5 Mal\u00f6 &#8211; Evert Taube<\/td>\n<\/tr>\n<tr>\n<td colspan=\"2\"><strong>8. <\/strong> Dans p\u00e5 Br\u00e4nn\u00f6 brygga &#8211; Lasse Dahlquist<\/td>\n<\/tr>\n<tr>\n<td colspan=\"2\"><strong>9. <\/strong> Att ang\u00f6ra en brygga &#8211; The Real Group<\/td>\n<\/tr>\n<tr>\n<td colspan=\"2\"><strong>10.<\/strong> Himlen \u00e4r oskyldigt bl\u00e5 &#8211; Victoria Tolstoy<\/td>\n<\/tr>\n<tr>\n<td colspan=\"2\"><strong>11. <\/strong>Allt som jag k\u00e4nner &#8211; Tone Norum &amp; Tommy Nilsson<\/td>\n<\/tr>\n<tr>\n<td colspan=\"2\"><strong>12.<\/strong> Det bl\u00e5 &#8211; Sonja Ald\u00e9n<\/td>\n<\/tr>\n<tr>\n<td colspan=\"2\"><strong>13. <\/strong> Blomstarteid (Den blomstertid nu kommer) &#8211; Ainbusk<\/td>\n<\/tr>\n<tr>\n<td colspan=\"2\"><strong>14. <\/strong>Balladen om herr Fredrik \u00c5kare och den s\u00f6ta fr\u00f6ken Cecilia Lindh &#8211; Anita Lindblom<\/td>\n<\/tr>\n<tr>\n<td colspan=\"2\"><strong>15. <\/strong>S\u00e5 skimrande var aldrig havet &#8211; Lill Lindfors<\/td>\n<\/tr>\n<tr>\n<td colspan=\"2\"><strong>CD 2<\/strong><\/td>\n<\/tr>\n<tr>\n<td colspan=\"2\"><strong>1. <\/strong>Ta mig till havet &#8211; Peter Lundblad<\/td>\n<\/tr>\n<tr>\n<td colspan=\"2\"><strong>2. <\/strong>Som stormen river \u00f6ppet hav &#8211; Mikael Rickfors &amp; Susanne Alfvengren<\/td>\n<\/tr>\n<tr>\n<td colspan=\"2\"><strong>3.<\/strong> Det g\u00e5tfulla folket &#8211; Olle Adolphson<\/td>\n<\/tr>\n<tr>\n<td colspan=\"2\"><strong>4. <\/strong>Sj\u00f6sala vals &#8211; Evert Taube<\/td>\n<\/tr>\n<tr>\n<td colspan=\"2\"><strong>5. <\/strong>Ta av dej skorna &#8211; Povel Ramel<\/td>\n<\/tr>\n<tr>\n<td colspan=\"2\"><strong>6. <\/strong>Oh Boy! &#8211; Peps Persson<\/td>\n<\/tr>\n<tr>\n<td colspan=\"2\"><strong>7. <\/strong>Ge en sol &#8211; Ted G\u00e4rdestad<\/td>\n<\/tr>\n<tr>\n<td colspan=\"2\"><strong>8. <\/strong>Kring de sm\u00e5 husen i gr\u00e4nderna vid hamnen &#8211; Anita Lindblom<\/td>\n<\/tr>\n<tr>\n<td colspan=\"2\"><strong>9. <\/strong>Till min syster &#8211; Thorsten Bergman<\/td>\n<\/tr>\n<tr>\n<td colspan=\"2\"><strong>10. <\/strong>Niu ligger have stille &#8211; Di Sma Under J\u00e5rdi<\/td>\n<\/tr>\n<tr>\n<td colspan=\"2\"><strong>11. <\/strong>Bed\u00e5rande sommarvals &#8211; Monica Zetterlund<\/td>\n<\/tr>\n<tr>\n<td colspan=\"2\"><strong>12. <\/strong>Axel \u00d6hman &#8211; Lill Lindfors &amp; Svante Thuresson<\/td>\n<\/tr>\n<tr>\n<td colspan=\"2\"><strong>13. <\/strong>Afton p\u00e5 Solvik &#8211; Andrew Walter<\/td>\n<\/tr>\n<tr>\n<td colspan=\"2\"><strong>14. <\/strong>Ett liv i solen &#8211; Frida<\/td>\n<\/tr>\n<tr>\n<td colspan=\"2\"><strong>15. <\/strong>Lilla vackra Anna &#8211; G\u00f6ran Fristorp<\/td>\n<\/tr>\n<tr>\n<td colspan=\"2\"><strong> CD 3<\/strong><\/td>\n<\/tr>\n<tr>\n<td colspan=\"2\"><strong>1. <\/strong>Jag tror p\u00e5 sommaren &#8211; Mats Olin<\/td>\n<\/tr>\n<tr>\n<td colspan=\"2\"><strong>2. <\/strong>Bl\u00e5 bl\u00e5 \u00e4r k\u00e4rleken &#8211; Britt Bergstr\u00f6m<\/td>\n<\/tr>\n<tr>\n<td colspan=\"2\"><strong>3. <\/strong>Brusa h\u00f6gre lilla \u00e5 &#8211; Bj\u00f6rn J:son Lindh<\/td>\n<\/tr>\n<tr>\n<td colspan=\"2\"><strong>4. <\/strong>Bl\u00e5 bl\u00e5 k\u00e4nslor &#8211; Tomas Ledin<\/td>\n<\/tr>\n<tr>\n<td colspan=\"2\"><strong>5. <\/strong>Gr\u00f6na, granna, sk\u00f6na, sanna sommar &#8211; Lill-Babs<\/td>\n<\/tr>\n<tr>\n<td colspan=\"2\"><strong>6. <\/strong> Oh boy, oh boy, oh boy &#8211; Lasse Dahlquist<\/td>\n<\/tr>\n<tr>\n<td colspan=\"2\"><strong>7. <\/strong>Calle Schewens vals &#8211; Evert Taube<\/td>\n<\/tr>\n<tr>\n<td colspan=\"2\"><strong>8. <\/strong>Det var dans bort i v\u00e4gen &#8211; Sven-Ingvars<\/td>\n<\/tr>\n<tr>\n<td colspan=\"2\"><strong>9. <\/strong>H\u00e4r \u00e4r den sk\u00f6na sommar &#8211; Hootenanny Singers<\/td>\n<\/tr>\n<tr>\n<td colspan=\"2\"><strong>10. <\/strong>Till Sommarvind &#8211; Carl Anton<\/td>\n<\/tr>\n<tr>\n<td colspan=\"2\"><strong>11. Come Give Me Love &#8211; Helen Sj\u00f6holm <\/strong><\/td>\n<\/tr>\n<tr>\n<td colspan=\"2\"><strong>12. <\/strong>Menuett p\u00e5 Haga &#8211; Cornelis Vreeswijk<\/td>\n<\/tr>\n<tr>\n<td colspan=\"2\"><strong>13. <\/strong>Fiskarna i haven &#8211; Idde Schultz<\/td>\n<\/tr>\n<tr>\n<td colspan=\"2\"><strong>14. <\/strong>En droppe regn &#8211; Niclas Wahlgren<\/td>\n<\/tr>\n<tr>\n<td colspan=\"2\"><strong>15. <\/strong>Sakta vi g\u00e5 genom stan &#8211; Monica Zetterlund<\/td>\n<\/tr>\n<tr>\n<td colspan=\"2\"><strong>CD 4 <\/strong><\/td>\n<\/tr>\n<tr>\n<td colspan=\"2\"><strong>1. <\/strong>Sol, vind och vatten &#8211; Ted G\u00e4rdestad<\/td>\n<\/tr>\n<tr>\n<td colspan=\"2\"><strong>2. <\/strong>Oh, vilken h\u00e4rlig da&#8217; &#8211; Jill Johnson<\/td>\n<\/tr>\n<tr>\n<td colspan=\"2\"><strong>3. <\/strong>Dr\u00f6mmen om Elin &#8211; Tommy K\u00f6rberg<\/td>\n<\/tr>\n<tr>\n<td colspan=\"2\"><strong>4. <\/strong>Vilken h\u00e4rlig dag &#8211; Ewa Roos<\/td>\n<\/tr>\n<tr>\n<td colspan=\"2\"><strong>5. <\/strong> \u00c4nnu gl\u00f6der solen &#8211; Nordman<\/td>\n<\/tr>\n<tr>\n<td colspan=\"2\"><strong>6. <\/strong>Hela v\u00e4gen hem &#8211; Staffan Hellstrand<\/td>\n<\/tr>\n<tr>\n<td colspan=\"2\"><strong>7. <\/strong>Visa vid vindens \u00e4ngar &#8211; Mats Paulson<\/td>\n<\/tr>\n<tr>\n<td colspan=\"2\"><strong>8. <\/strong>R\u00f6r vid min sj\u00e4l &#8211; Sanna Nielsen<\/td>\n<\/tr>\n<tr>\n<td colspan=\"2\"><strong>9. <\/strong>Visa vid midsommartid &#8211; Dana Dragomir<\/td>\n<\/tr>\n<tr>\n<td colspan=\"2\"><strong>10. <\/strong>En dag p\u00e5 stranden &#8211; Tomas Ledin<\/td>\n<\/tr>\n<tr>\n<td colspan=\"2\"><strong>11. <\/strong>Dans p\u00e5 Vejby \u00e4ngar &#8211; Hasse Anderrson<\/td>\n<\/tr>\n<tr>\n<td colspan=\"2\"><strong>12. <\/strong>Mitt sommarlov &#8211; Anita Hegerland<\/td>\n<\/tr>\n<tr>\n<td colspan=\"2\"><strong>13. <\/strong>Vals i Furusund &#8211; Andrew Walters K\u00f6r &amp; Orkester<\/td>\n<\/tr>\n<tr>\n<td colspan=\"2\"><strong>14. <\/strong>Kl\u00f6versnoa &#8211; Ted G\u00e4rdestad<\/td>\n<\/tr>\n<tr>\n<td colspan=\"2\"><strong>15. <\/strong>Itsy Bitsy Teenie Weenie Yellow Polka Dot Bikini &#8211; Lill-Babs<\/td>\n<\/tr>\n<tr>\n<td colspan=\"2\"><strong> CD 5<\/strong><\/td>\n<\/tr>\n<tr>\n<td colspan=\"2\"><strong> 1. <\/strong> Sommarkort (En stund p\u00e5 jorden) &#8211; Cornelis Vreeswijk<\/td>\n<\/tr>\n<tr>\n<td colspan=\"2\">2. \u00c4nglamark &#8211; Sven-Bertil Taube<\/td>\n<\/tr>\n<tr>\n<td colspan=\"2\">3. N\u00e4r sk\u00f6nheten kom till byn &#8211; Thorsten Bergman<\/td>\n<\/tr>\n<tr>\n<td colspan=\"2\">4. M\u00e4lar\u00f6 kyrka &#8211; \u00c5sa Jinder<\/td>\n<\/tr>\n<tr>\n<td colspan=\"2\">5. Ett hus p\u00e5 stranden &#8211; Shirley Clamp<\/td>\n<\/tr>\n<tr>\n<td colspan=\"2\">6. Jag skall f\u00e5nga en \u00e4ngel &#8211; Ted G\u00e4rdestad<\/td>\n<\/tr>\n<tr>\n<td colspan=\"2\">7. En kv\u00e4ll i juni &#8211; Lars Berghagen<\/td>\n<\/tr>\n<tr>\n<td colspan=\"2\">8. Dansar i m\u00e5nens sken &#8211; Suzzies Orkester<\/td>\n<\/tr>\n<tr>\n<td colspan=\"2\">9. Sommar och sol \u00e4r det b\u00e4sta jag vet &#8211; Sven-Ingvars<\/td>\n<\/tr>\n<tr>\n<td colspan=\"2\">10. \u00c4nglahund &#8211; Hasse Andersson<\/td>\n<\/tr>\n<tr>\n<td colspan=\"2\">11. Dansen p\u00e5 Sunnan\u00f6 &#8211; Hootenanny Singers<\/td>\n<\/tr>\n<tr>\n<td colspan=\"2\">12. H\u00f6r min samba &#8211; H\u00f6r min samba<\/td>\n<\/tr>\n<tr>\n<td colspan=\"2\">13. Minns du den sommar &#8211; Gunnar Wiklund<\/td>\n<\/tr>\n<tr>\n<td colspan=\"2\">14. Gotl\u00e4ndsk sommarnatt &#8211; Ernie Englund<\/td>\n<\/tr>\n<tr>\n<td colspan=\"2\">15. S\u00e5 l\u00e4nge skutan kan g\u00e5 &#8211; Evert Taube<\/td>\n<\/tr>\n<tr>\n<td colspan=\"2\"><a title=\"Albums 2006 - 2010\" href=\"https:\/\/helensjoholm.nu\/_eng\/2006-2010\/\">Back<\/a><\/td>\n<\/tr>\n<\/tbody>\n<\/table>\n<p>&nbsp;<\/p>\n","protected":false},"excerpt":{"rendered":"<p>DEN SVENSKA SOMMAREN, 5 CD Universal Music AB (2009) CD 1 1. Sommar, sommar, sommar &#8211; Radions Underh\u00e5llningsorkester 2. Sommaren \u00e4r kort &#8211; Tomas Ledin <a class=\"more-link\" href=\"https:\/\/helensjoholm.nu\/_eng\/2006-2010\/den-svenska-sommaren\/\">Read More &#8230;<\/a><\/p>\n","protected":false},"author":1,"featured_media":0,"parent":179,"menu_order":0,"comment_status":"closed","ping_status":"closed","template":"","meta":{"ngg_post_thumbnail":0,"footnotes":""},"class_list":["post-2627","page","type-page","status-publish","hentry"],"aioseo_notices":[],"_links":{"self":[{"href":"https:\/\/helensjoholm.nu\/_eng\/wp-json\/wp\/v2\/pages\/2627","targetHints":{"allow":["GET"]}}],"collection":[{"href":"https:\/\/helensjoholm.nu\/_eng\/wp-json\/wp\/v2\/pages"}],"about":[{"href":"https:\/\/helensjoholm.nu\/_eng\/wp-json\/wp\/v2\/types\/page"}],"author":[{"embeddable":true,"href":"https:\/\/helensjoholm.nu\/_eng\/wp-json\/wp\/v2\/users\/1"}],"replies":[{"embeddable":true,"href":"https:\/\/helensjoholm.nu\/_eng\/wp-json\/wp\/v2\/comments?post=2627"}],"version-history":[{"count":0,"href":"https:\/\/helensjoholm.nu\/_eng\/wp-json\/wp\/v2\/pages\/2627\/revisions"}],"up":[{"embeddable":true,"href":"https:\/\/helensjoholm.nu\/_eng\/wp-json\/wp\/v2\/pages\/179"}],"wp:attachment":[{"href":"https:\/\/helensjoholm.nu\/_eng\/wp-json\/wp\/v2\/media?parent=2627"}],"curies":[{"name":"wp","href":"https:\/\/api.w.org\/{rel}","templated":true}]}}