{"id":2617,"date":"2013-05-31T21:05:45","date_gmt":"2013-05-31T19:05:45","guid":{"rendered":"http:\/\/helensjoholm.nu\/_eng\/?page_id=2617"},"modified":"2021-01-03T18:04:36","modified_gmt":"2021-01-03T16:04:36","slug":"skandinaviske-sommerfavoritter","status":"publish","type":"page","link":"https:\/\/helensjoholm.nu\/_eng\/2006-2010\/skandinaviske-sommerfavoritter\/","title":{"rendered":"Skandinaviske Sommerfavoritter"},"content":{"rendered":"<table border=\"0\" align=\"left\">\n<tbody>\n<tr>\n<td valign=\"top\"><img loading=\"lazy\" decoding=\"async\" class=\"alignnone\" title=\"Skandinaviske Sommerfavoritter (2009)\" src=\"https:\/\/helensjoholm.nu\/_eng\/wp-content\/gallery\/diskografi-2006-2010\/cd_skandinaviskesommerfavoritter_2009.jpg\" alt=\"Skandinaviske Sommerfavoritter (2009)\" width=\"100\" height=\"100\"><\/td>\n<td valign=\"top\"><strong>SKANDINAVISKE SOMMERFAVORITTER<\/strong><br \/>\n(Norge 2009)<\/td>\n<\/tr>\n<tr>\n<td colspan=\"2\"><strong>1. <\/strong> Papirsklip &#8211; Kim Larsen<\/td>\n<\/tr>\n<tr>\n<td colspan=\"2\"><strong>2. <\/strong> Mil etter mil &#8211; Jahn Teigen<\/td>\n<\/tr>\n<tr>\n<td colspan=\"2\"><strong><strong><strong> 3. <\/strong><\/strong><\/strong>Michelangelo (men s\u00e5 svara d\u00e5) &#8211; Bj\u00f6rn Skifs<\/td>\n<\/tr>\n<tr>\n<td colspan=\"2\"><strong>4.<\/strong> Sommaren \u00e4r kort &#8211; Tomas Ledin<\/td>\n<\/tr>\n<tr>\n<td colspan=\"2\"><strong>5. <\/strong> Sommerlykke &#8211; Sterk, Naken &amp; Biltyvene<\/td>\n<\/tr>\n<tr>\n<td colspan=\"2\"><strong>6. <\/strong> Juni, juli, augusti &#8211; Gyllene Tider<\/td>\n<\/tr>\n<tr>\n<td colspan=\"2\"><strong>7. <\/strong> Natt og dag &#8211; Finn Kalvik<\/td>\n<\/tr>\n<tr>\n<td colspan=\"2\"><strong>8. <\/strong> Oooa hela natten &#8211; Attack<\/td>\n<\/tr>\n<tr>\n<td colspan=\"2\"><strong>9. <\/strong> Hvor skal du sove i nat? &#8211; Laban<\/td>\n<\/tr>\n<tr>\n<td colspan=\"2\"><strong>10.<\/strong> Herrarna i hagen &#8211; Fredrik Swahn<\/td>\n<\/tr>\n<tr>\n<td colspan=\"2\"><strong>11. <\/strong>Vi ska f\u00e6st &#8211; DDE<\/td>\n<\/tr>\n<tr>\n<td colspan=\"2\"><strong>12.<\/strong> Mine \u00f8jne de skal se &#8211; Liz S\u00f8rensen<\/td>\n<\/tr>\n<tr>\n<td colspan=\"2\"><strong>13. <\/strong> H\u00e4r kommer alla k\u00e4nslorna (p\u00e5 en och samma g\u00e5ng) &#8211; Per Gessle<\/td>\n<\/tr>\n<tr>\n<td colspan=\"2\"><strong>14. <\/strong>Reidar reiser snart &#8211; Reidar<\/td>\n<\/tr>\n<tr>\n<td colspan=\"2\"><strong>15. <\/strong>Tv\u00e5 av oss &#8211; X-Models<\/td>\n<\/tr>\n<tr>\n<td colspan=\"2\"><strong>16. <\/strong>Dag efter dag &#8211; Chips<\/td>\n<\/tr>\n<tr>\n<td colspan=\"2\"><strong>17. <\/strong>Vem vet &#8211; Lisa Ekdahl<\/td>\n<\/tr>\n<tr>\n<td colspan=\"2\"><strong>18. <strong>Gabriellas s\u00e5ng &#8211; Helen Sj\u00f6holm &amp; Stefan Nilsson<\/strong><\/strong><\/td>\n<\/tr>\n<tr>\n<td colspan=\"2\"><strong>19. <\/strong>Skur 55 (jeg tror jeg er forelska) &#8211; Asle Beck<\/td>\n<\/tr>\n<tr>\n<td colspan=\"2\"><strong>20. <\/strong>Sol, vind och vatten &#8211; Ted G\u00e4rdestad<\/td>\n<\/tr>\n<tr>\n<td colspan=\"2\"><a title=\"Albums 2006 - 2010\" href=\"https:\/\/helensjoholm.nu\/_eng\/2006-2010\/\">Back<\/a><\/td>\n<\/tr>\n<\/tbody>\n<\/table>\n<p>&nbsp;<\/p>\n","protected":false},"excerpt":{"rendered":"<p>SKANDINAVISKE SOMMERFAVORITTER (Norge 2009) 1. Papirsklip &#8211; Kim Larsen 2. Mil etter mil &#8211; Jahn Teigen 3. Michelangelo (men s\u00e5 svara d\u00e5) &#8211; Bj\u00f6rn Skifs <a class=\"more-link\" href=\"https:\/\/helensjoholm.nu\/_eng\/2006-2010\/skandinaviske-sommerfavoritter\/\">Read More &#8230;<\/a><\/p>\n","protected":false},"author":1,"featured_media":0,"parent":179,"menu_order":0,"comment_status":"closed","ping_status":"closed","template":"","meta":{"ngg_post_thumbnail":0,"footnotes":""},"class_list":["post-2617","page","type-page","status-publish","hentry"],"aioseo_notices":[],"_links":{"self":[{"href":"https:\/\/helensjoholm.nu\/_eng\/wp-json\/wp\/v2\/pages\/2617","targetHints":{"allow":["GET"]}}],"collection":[{"href":"https:\/\/helensjoholm.nu\/_eng\/wp-json\/wp\/v2\/pages"}],"about":[{"href":"https:\/\/helensjoholm.nu\/_eng\/wp-json\/wp\/v2\/types\/page"}],"author":[{"embeddable":true,"href":"https:\/\/helensjoholm.nu\/_eng\/wp-json\/wp\/v2\/users\/1"}],"replies":[{"embeddable":true,"href":"https:\/\/helensjoholm.nu\/_eng\/wp-json\/wp\/v2\/comments?post=2617"}],"version-history":[{"count":0,"href":"https:\/\/helensjoholm.nu\/_eng\/wp-json\/wp\/v2\/pages\/2617\/revisions"}],"up":[{"embeddable":true,"href":"https:\/\/helensjoholm.nu\/_eng\/wp-json\/wp\/v2\/pages\/179"}],"wp:attachment":[{"href":"https:\/\/helensjoholm.nu\/_eng\/wp-json\/wp\/v2\/media?parent=2617"}],"curies":[{"name":"wp","href":"https:\/\/api.w.org\/{rel}","templated":true}]}}