{"id":2567,"date":"2013-05-31T07:18:22","date_gmt":"2013-05-31T05:18:22","guid":{"rendered":"http:\/\/helensjoholm.nu\/_eng\/?page_id=2567"},"modified":"2023-07-16T13:13:30","modified_gmt":"2023-07-16T11:13:30","slug":"story-of-a-heart","status":"publish","type":"page","link":"https:\/\/helensjoholm.nu\/_eng\/2006-2010\/story-of-a-heart\/","title":{"rendered":"Story Of A Heart"},"content":{"rendered":"<table border=\"0\" align=\"left\">\n<tbody>\n<tr>\n<td><img loading=\"lazy\" decoding=\"async\" class=\"alignnone\" title=\"Story of a Heart (2009)\" src=\"https:\/\/helensjoholm.nu\/_eng\/wp-content\/gallery\/diskografi-2006-2010\/helen47_bab_cd.jpg\" alt=\"Story of a Heart (2009)\" width=\"100\" height=\"100\"><\/td>\n<td valign=\"top\"><strong>STORY OF A HEART<\/strong><br \/>\nBenny Andersson Band<br \/>\nMono Music AB (2009)<\/td>\n<\/tr>\n<tr>\n<td colspan=\"2\"><strong>1. <\/strong>Glasgow Boogie<\/td>\n<\/tr>\n<tr>\n<td colspan=\"2\"><strong>2. <\/strong>Trolska (Trolskan)<\/td>\n<\/tr>\n<tr>\n<td colspan=\"2\"><strong><strong><strong> 3. <strong>Story Of A Heart (Sommaren du fick) &#8211; Helen Sj\u00f6holm<\/strong><\/strong><\/strong><\/strong> <a title=\"Story Of A Heart\" href=\"https:\/\/helensjoholm.nu\/_eng\/2006-2010\/story-of-a-heart\/lyrics-story-of-a-heart\/\">(lyrics)<\/a><\/td>\n<\/tr>\n<tr>\n<td colspan=\"2\"><strong>4.<\/strong> Bed Of Roses (En dans p\u00e5 rosor)<\/td>\n<\/tr>\n<tr>\n<td colspan=\"2\"><strong>5. <\/strong> <strong>You Are My Man (Du \u00e4r min man) &#8211; Helen Sj\u00f6holm<\/strong> <a title=\"You Are My Man\" href=\"https:\/\/helensjoholm.nu\/_eng\/2006-2010\/story-of-a-heart\/you-are-my-man\/\">(lyrics)<\/a><\/td>\n<\/tr>\n<tr>\n<td colspan=\"2\"><strong>6. <\/strong> Cirkus Finemang<\/td>\n<\/tr>\n<tr>\n<td colspan=\"2\"><strong>7. <\/strong> Fait Accompli &#8211; Tommy K\u00f6rberg <a title=\"Fait Accompli\" href=\"https:\/\/helensjoholm.nu\/_eng\/2006-2010\/story-of-a-heart\/lyrics-fait-accompli-eng\/\">(lyrics)<\/a><\/td>\n<\/tr>\n<tr>\n<td colspan=\"2\"><strong>8. <\/strong> Song From The Second Floor (S\u00e5ng fr\u00e5n andra v\u00e5ningen)<\/td>\n<\/tr>\n<tr>\n<td colspan=\"2\"><strong>9. <\/strong> Birtday Waltz For Mona (F\u00f6delsedagsvals till Mona)<\/td>\n<\/tr>\n<tr>\n<td colspan=\"2\"><strong>10.<\/strong> <strong>(If This Is) Our Last Dance (V\u00e5r sista dans) &#8211; Helen Sj\u00f6holm<\/strong> <a title=\"If This Is) Our Last Dance\" href=\"https:\/\/helensjoholm.nu\/_eng\/2006-2010\/story-of-a-heart\/if-this-is-our-last-dance\/\">(lyrics)<\/a><\/td>\n<\/tr>\n<tr>\n<td colspan=\"2\"><strong>11. <\/strong> Jehu<\/td>\n<\/tr>\n<tr>\n<td colspan=\"2\"><strong>12. <\/strong> Tyrolean Schottische (Schottis i Tyrolen)<\/td>\n<\/tr>\n<tr>\n<td colspan=\"2\"><strong>13. <\/strong> <strong>The Stars (F\u00f6r dig) &#8211; Helen Sj\u00f6holm<\/strong> <a title=\"The Stars\" href=\"https:\/\/helensjoholm.nu\/_eng\/2006-2010\/story-of-a-heart\/the-stars\/\">(lyrics)<\/a><\/td>\n<\/tr>\n<tr>\n<td colspan=\"2\"><strong>14. <\/strong> P.S.<\/td>\n<\/tr>\n<tr>\n<td colspan=\"2\"><strong>15. Sommaren du fick (Story Of A Heart) &#8211; Helen Sj\u00f6holm<\/strong><\/td>\n<\/tr>\n<\/tbody>\n<\/table>\n<table border=\"0\" align=\"left\">\n<tbody>\n<tr>\n<td valign=\"top\"><img loading=\"lazy\" decoding=\"async\" class=\"alignnone\" title=\"Single: Sommaren du fick (2009)\" src=\"https:\/\/helensjoholm.nu\/_eng\/wp-content\/gallery\/diskografi-2006-2010\/sommarendufick_singel.jpg\" alt=\"Single: Sommaren du fick (2009)\" width=\"100\" height=\"100\"><\/td>\n<td valign=\"top\"><img loading=\"lazy\" decoding=\"async\" class=\"alignnone\" title=\"Single: Story Of A Heart (2009)\" src=\"https:\/\/helensjoholm.nu\/_eng\/wp-content\/gallery\/diskografi-2006-2010\/storyofaheart_singel.jpg\" alt=\"Single: Story Of A Heart (2009)\" width=\"100\" height=\"100\"><\/td>\n<td valign=\"top\"><strong>SINGLES<br \/>\n<strong>SOMMAREN DU FICK<br \/>\n<\/strong><\/strong>Mono Music AB (2009)<\/p>\n<hr>\n<p><strong>STORY OF A HEART <\/strong><br \/>\nMono Music AB (2009)<\/td>\n<\/tr>\n<\/tbody>\n<\/table>\n<h5>Listen!<\/h5>\n<hr>\n<p><iframe title=\"Spotify Embed: Story Of A Heart (Swedish version)\" style=\"border-radius: 12px\" width=\"100%\" height=\"352\" frameborder=\"0\" allowfullscreen allow=\"autoplay; clipboard-write; encrypted-media; fullscreen; picture-in-picture\" loading=\"lazy\" src=\"https:\/\/open.spotify.com\/embed\/album\/46AqWh0evOn9qbw92KV48b?utm_source=oembed\"><\/iframe><\/p>\n<p><a href=\"https:\/\/helensjoholm.nu\/_eng\/2006-2010\/\">Back<\/a><\/p>\n","protected":false},"excerpt":{"rendered":"<p>STORY OF A HEART Benny Andersson Band Mono Music AB (2009) 1. Glasgow Boogie 2. Trolska (Trolskan) 3. Story Of A Heart (Sommaren du fick) <a class=\"more-link\" href=\"https:\/\/helensjoholm.nu\/_eng\/2006-2010\/story-of-a-heart\/\">Read More &#8230;<\/a><\/p>\n","protected":false},"author":1,"featured_media":0,"parent":179,"menu_order":0,"comment_status":"closed","ping_status":"closed","template":"","meta":{"ngg_post_thumbnail":0,"footnotes":""},"class_list":["post-2567","page","type-page","status-publish","hentry"],"aioseo_notices":[],"_links":{"self":[{"href":"https:\/\/helensjoholm.nu\/_eng\/wp-json\/wp\/v2\/pages\/2567","targetHints":{"allow":["GET"]}}],"collection":[{"href":"https:\/\/helensjoholm.nu\/_eng\/wp-json\/wp\/v2\/pages"}],"about":[{"href":"https:\/\/helensjoholm.nu\/_eng\/wp-json\/wp\/v2\/types\/page"}],"author":[{"embeddable":true,"href":"https:\/\/helensjoholm.nu\/_eng\/wp-json\/wp\/v2\/users\/1"}],"replies":[{"embeddable":true,"href":"https:\/\/helensjoholm.nu\/_eng\/wp-json\/wp\/v2\/comments?post=2567"}],"version-history":[{"count":0,"href":"https:\/\/helensjoholm.nu\/_eng\/wp-json\/wp\/v2\/pages\/2567\/revisions"}],"up":[{"embeddable":true,"href":"https:\/\/helensjoholm.nu\/_eng\/wp-json\/wp\/v2\/pages\/179"}],"wp:attachment":[{"href":"https:\/\/helensjoholm.nu\/_eng\/wp-json\/wp\/v2\/media?parent=2567"}],"curies":[{"name":"wp","href":"https:\/\/api.w.org\/{rel}","templated":true}]}}