{"id":230,"date":"2013-04-10T20:37:46","date_gmt":"2013-04-10T18:37:46","guid":{"rendered":"http:\/\/helensjoholm.nu\/_eng\/?page_id=230"},"modified":"2021-01-02T17:02:45","modified_gmt":"2021-01-02T15:02:45","slug":"2006-2010-3","status":"publish","type":"page","link":"https:\/\/helensjoholm.nu\/_eng\/2006-2010-3\/","title":{"rendered":"Concerts 2006 &#8211; 2010"},"content":{"rendered":"<p><img loading=\"lazy\" decoding=\"async\" title=\"Konserter\" src=\"https:\/\/helensjoholm.nu\/_eng\/wp-content\/gallery\/biografi\/concerts_1.jpg\" alt=\"Konserter\" width=\"500\" height=\"333\"><\/p>\n<table>\n<tbody>\n<tr>\n<td colspan=\"2\">\n<hr>\n<h2 align=\"center\">2006<\/h2>\n<hr>\n<\/td>\n<\/tr>\n<tr>\n<td style=\"width: 100px;\"><strong>February<\/strong><\/td>\n<td valign=\"top\">Concerts&nbsp;i Malm\u00f6<\/td>\n<\/tr>\n<tr>\n<td valign=\"top\"><strong>18\/3<\/strong><\/td>\n<td valign=\"top\"><em>Dance!<\/em> with Benny Andersson Band, Sheraton Hotel Bloomington (Minneapolis), USA: BAO<\/td>\n<\/tr>\n<tr>\n<td class=\"style1\"><strong>15\/5<\/strong><\/td>\n<td class=\"style2\">Hotel Rival, Stockholm: BAO (Release party for <em>BAO on Tour<\/em>)<\/td>\n<\/tr>\n<tr>\n<td class=\"style1\"><strong>4\/6<\/strong><\/td>\n<td class=\"style2\"><em>Kalle and his friends<\/em>, Dalhalla: Helen, Lasse Kron\u00e9r, Orsa Musicians, Dala Symfonietta<\/td>\n<\/tr>\n<tr>\n<td class=\"style1\"><strong>29\/7<\/strong><\/td>\n<td class=\"style2\">Holm\u00f6n, Ume\u00e5: Helen, Martin \u00d6stergren, Jojje Wadenius (part of a tour)<\/td>\n<\/tr>\n<tr>\n<td class=\"style1\"><strong>30\/7<\/strong><\/td>\n<td class=\"style2\">Galtstr\u00f6m: Helen, Martin \u00d6stergren, Jojje Wadenius (part of a tour)<\/td>\n<\/tr>\n<tr>\n<td class=\"style1\"><strong>31\/7<\/strong><\/td>\n<td class=\"style2\">Link\u00f6ping: Helen, Martin \u00d6stergren, Jojje Wadenius (part of a tour)<\/td>\n<\/tr>\n<tr>\n<td class=\"style1\"><strong>1\/8<\/strong><\/td>\n<td class=\"style2\">Sk\u00e4lby Farm, Kalmar: Helen, Martin \u00d6stergren, Jojje Wadenius (part of a tour)<\/td>\n<\/tr>\n<tr>\n<td class=\"style1\"><strong>2\/8<\/strong><\/td>\n<td class=\"style2\">Visby: Helen, Martin \u00d6stergren, Jojje Wadenius (part of a tour)<\/td>\n<\/tr>\n<tr>\n<td class=\"style1\"><strong>16-19\/8<\/strong><\/td>\n<td class=\"style2\">R\u00f6st\u00e5nga: Helen, Jojje Wadenius, Martin \u00d6stergren<\/td>\n<\/tr>\n<tr>\n<td class=\"style1\"><strong>7\/9<\/strong><\/td>\n<td class=\"style2\">Helsingborg: <em>Four Faces of Love<\/em>, Helen + Helsingborg Symphony Orchestra&nbsp;(part of a mini tour)<\/td>\n<\/tr>\n<tr>\n<td class=\"style1\"><strong>8\/9<\/strong><\/td>\n<td class=\"style2\">Halmstad: <em>Four Faces of Love<\/em>, Helen + Helsingborg Symphony Orchestra&nbsp;&nbsp;(part of a mini tour)<\/td>\n<\/tr>\n<tr>\n<td class=\"style1\" valign=\"top\"><strong>9\/9<\/strong><\/td>\n<td class=\"style2\">H\u00e4ssleholm Culture House: <em>Four Faces of Love<\/em>, Helen + Helsingborg Symphony Orchestra&nbsp;(part of a mini tour)<\/td>\n<\/tr>\n<tr>\n<td class=\"style1\" valign=\"top\"><strong>15\/10-10\/12<\/strong><\/td>\n<td class=\"style2\">\n<p><em>Bit by Bit<\/em> &#8211; Myrra Malmberg and Helen. 36 concerts, for example:<\/p>\n<p>15\/10 Culture House, Ytterj\u00e4rna<br \/>\n21\/10 \u00d6strabo Theater, Uddevalla<br \/>\n22\/10 Mimer&#8217;s House, Kung\u00e4lv<br \/>\n27\/11 Avesta Theater<\/td>\n<\/tr>\n<tr>\n<td class=\"style1\"><strong>14\/12<\/strong><\/td>\n<td class=\"style2\">Christmas concert, G\u00e4vle Concert Hall: Helen, Fredrik Lyckea<\/td>\n<\/tr>\n<tr>\n<td class=\"style1\"><strong>15\/12<\/strong><\/td>\n<td class=\"style2\">Christmas concert, The Park Theater \u00d6rebro: Helen, Fredrik Lycke<\/td>\n<\/tr>\n<tr>\n<td class=\"style1\"><strong>16\/12<\/strong><\/td>\n<td class=\"style2\">Christmas concerts, V\u00e4ster\u00e5s Concert Hall: Helen, Fredrik Lycke<\/td>\n<\/tr>\n<tr>\n<td class=\"style1\"><strong>17\/12<\/strong><\/td>\n<td class=\"style2\">Christmas concerts, Berwald Hall, Stockholm: Helen, Fredrik Lycke<\/td>\n<\/tr>\n<tr>\n<td class=\"style1\"><strong>19-20\/12<\/strong><\/td>\n<td class=\"style2\">The Royal Fire Brigade Band&#8217;s Christmas Gala: Helen, Christer Nerfont, Marianne M\u00f6rck<\/td>\n<\/tr>\n<tr>\n<td colspan=\"2\">\n<hr>\n<h2 align=\"center\">2007<\/h2>\n<hr>\n<\/td>\n<\/tr>\n<tr>\n<td class=\"style1\"><strong>20\/1<\/strong><\/td>\n<td class=\"style2\">Culture House, Lule\u00e5: Helen, Lule\u00e5 Chamber Choir<\/td>\n<\/tr>\n<tr>\n<td class=\"style1\"><strong>7-28\/2<\/strong><\/td>\n<td class=\"style2\"><em>Bit by Bit<\/em> &#8211; Myrra and Helen: Helen + Myrra Malmberg (tour, 14 concerts)<\/td>\n<\/tr>\n<tr>\n<td class=\"style1\"><strong>18\/3<\/strong><\/td>\n<td class=\"style2\">The Great Church, Stockholm: Helen + Gustaf Sj\u00f6kvist&#8217;s Chamber Choir<\/td>\n<\/tr>\n<tr>\n<td class=\"style1\"><strong>26\/10<\/strong><\/td>\n<td class=\"style2\">Globen, Stockholm: BAO<\/td>\n<\/tr>\n<tr>\n<td class=\"style1\"><strong>2\/11<\/strong><\/td>\n<td class=\"style2\">Scandinavium, Gothenburg: BAO<\/td>\n<\/tr>\n<tr>\n<td colspan=\"2\">\n<hr>\n<h2 align=\"center\">2008<\/h2>\n<hr>\n<\/td>\n<\/tr>\n<tr>\n<td class=\"style1\"><strong>5\/8<\/strong><\/td>\n<td class=\"style2\"><em>Alls\u00e5ng p\u00e5 Skansen<\/em>: BAO<\/td>\n<\/tr>\n<tr>\n<td class=\"style1\">&nbsp;<\/td>\n<td class=\"style2\">Lund: with Lund Student Singers<\/td>\n<\/tr>\n<tr>\n<td class=\"style1\"><strong>6\/11<\/strong><\/td>\n<td class=\"style2\">Inauguration of Malm\u00f6 Arena (with Kalle Moraeus, Fredrik Lycke, Robyn etc)<\/td>\n<\/tr>\n<tr>\n<td class=\"style1\">&nbsp;<\/td>\n<td class=\"style2\">Malm\u00f6: Christmas concert (with Tommy Juth)<\/td>\n<\/tr>\n<tr>\n<td colspan=\"2\">\n<hr>\n<h2 align=\"center\">2009<\/h2>\n<hr>\n<\/td>\n<\/tr>\n<tr>\n<td class=\"style1\"><strong>26\/6<\/strong><\/td>\n<td class=\"style2\">Sofiero Castle, Helsingborg: BAO (part of a tour)<\/td>\n<\/tr>\n<tr>\n<td class=\"style1\"><strong>27\/6<\/strong><\/td>\n<td class=\"style2\">Horticultural Society, Gothenburg: BAO (part of a tour)<\/td>\n<\/tr>\n<tr>\n<td class=\"style1\"><strong>28\/6<\/strong><\/td>\n<td class=\"style2\">Skansen, Stockholm: BAO (part of a tour)<\/td>\n<\/tr>\n<tr>\n<td class=\"style1\"><strong>4\/7<\/strong><\/td>\n<td class=\"style2\">Hampstead Heath, London: BAB (part of a tour)<\/td>\n<\/tr>\n<tr>\n<td class=\"style1\"><strong>9\/7<\/strong><\/td>\n<td class=\"style2\">Borgholm Castle, Kalmar: BAO (part of a tour)<\/td>\n<\/tr>\n<tr>\n<td class=\"style1\"><strong>10\/7<\/strong><\/td>\n<td class=\"style2\">L\u00f6gar\u00e4ngen, V\u00e4ster\u00e5s: BAO (part of a tour)<\/td>\n<\/tr>\n<tr>\n<td class=\"style1\"><strong>11\/7<\/strong><\/td>\n<td class=\"style2\">Sammilsdalsgropen, Leksand: BAO (part of a tour)<\/td>\n<\/tr>\n<tr>\n<td class=\"style1\"><strong>12\/7<\/strong><\/td>\n<td class=\"style2\">Gripsholm Castle, Mariefred: BAO (part of a tour)<\/td>\n<\/tr>\n<tr>\n<td class=\"style1\" valign=\"top\"><strong>30\/7<\/strong><\/td>\n<td class=\"style2\">Thurevallen, Beddingestrand: concert with Helen, Martin \u00d6stergren, Jojje Wadenius (part of a tour, a few places were visited, among them N\u00f6sund Inn, where about 3 concerts were given).<\/td>\n<\/tr>\n<tr>\n<td class=\"style1\"><strong>23\/9<\/strong><\/td>\n<td class=\"style2\">Carnegie Hall, New York: <em>Kristina in Concert<\/em><\/td>\n<\/tr>\n<tr>\n<td class=\"style1\"><strong>24\/9<\/strong><\/td>\n<td class=\"style2\">Carnegie Hall, New York: <em>Kristina in Concert<\/em><\/td>\n<\/tr>\n<tr>\n<td colspan=\"2\">\n<hr>\n<h2 align=\"center\">2010<\/h2>\n<hr>\n<\/td>\n<\/tr>\n<tr>\n<td class=\"style1\"><strong>9\/1<\/strong><\/td>\n<td class=\"style2\">Berwald Hall, Stockholm: Twelfth Night Concert I &amp; II (with Bryn Terfel)<\/td>\n<\/tr>\n<tr>\n<td class=\"style1\"><strong>11\/2<\/strong><\/td>\n<td class=\"style2\">Berwald Hall, Stockholm: <em>A Tribute To Stephen Sondheim<\/em> (with Peter J\u00f6back)<\/td>\n<\/tr>\n<tr>\n<td class=\"style1\"><strong>12\/2<\/strong><\/td>\n<td class=\"style2\">Berwald Hall, Stockholm: <em>A Tribute To Stephen Sondheim<\/em> (with Peter J\u00f6back), 2 concerts<\/td>\n<\/tr>\n<tr>\n<td class=\"style1\"><strong>13\/2<\/strong><\/td>\n<td class=\"style2\">Berwald Hall, Stockholm: <em>A Tribute To Stephen Sondheim<\/em> (with Peter J\u00f6back), 2 concerts<\/td>\n<\/tr>\n<tr>\n<td class=\"style1\"><strong>6\/3<\/strong><\/td>\n<td class=\"style2\">De Geer Hall, Norrk\u00f6ping: <em>A Tribute To Stephen Sondheim<\/em> (with Fredrik Lycke)<\/td>\n<\/tr>\n<tr>\n<td class=\"style1\"><strong>14\/4<\/strong><\/td>\n<td class=\"style2\">Royal Albert Hall, London: <em>Kristina in Concert<\/em><\/td>\n<\/tr>\n<tr>\n<td class=\"style1\"><strong>23\/4<\/strong><\/td>\n<td class=\"style2\">Malm\u00f6 Opera: The Royal Fire Brigade Band <em>Anniversary Gala 100 years<\/em><\/td>\n<\/tr>\n<tr>\n<td class=\"style1\"><strong>24\/4<\/strong><\/td>\n<td class=\"style2\">Malm\u00f6 Opera: The Royal Fire Brigade Band <em>Anniversary Gala 100 years<\/em>, 2 concerts<\/td>\n<\/tr>\n<tr>\n<td class=\"style1\"><strong>25\/4<\/strong><\/td>\n<td class=\"style2\">Malm\u00f6 Opera: The Royal Fire Brigade Band <em>Anniversary Gala 100 years<\/em>, 2 concerts<\/td>\n<\/tr>\n<tr>\n<td class=\"style1\"><strong>3\/6<\/strong><\/td>\n<td class=\"style2\">Gothenburg Opera: <em>A Touch of Taube<\/em> (with Fredrik Lycke, Freddie Wadling)<\/td>\n<\/tr>\n<tr>\n<td class=\"style1\"><strong>4\/6<\/strong><\/td>\n<td class=\"style2\">Gothenburg Opera: <em>A Touch of Taube<\/em> (with Fredrik Lycke, Freddie Wadling)<\/td>\n<\/tr>\n<tr>\n<td class=\"style1\"><strong>5\/6<\/strong><\/td>\n<td class=\"style2\">G\u00f6teborgs Operan: <em>En touch av Taube<\/em> (with Fredrik Lycke, Freddie Wadling), 2 concerts<\/td>\n<\/tr>\n<tr>\n<td class=\"style1\"><strong>27\/10<\/strong><\/td>\n<td class=\"style2\">NK , Stockholm: <em>Euforia<\/em> album release gig<\/td>\n<\/tr>\n<tr>\n<td class=\"style1\"><strong>16\/11<\/strong><\/td>\n<td class=\"style2\">K\u00e4gelbanan , Stockholm: <em>Euforia<\/em> release concert (lunch gig)<\/td>\n<\/tr>\n<\/tbody>\n<\/table>\n<p>&nbsp;<\/p>\n","protected":false},"excerpt":{"rendered":"<p>2006 February Concerts&nbsp;i Malm\u00f6 18\/3 Dance! with Benny Andersson Band, Sheraton Hotel Bloomington (Minneapolis), USA: BAO 15\/5 Hotel Rival, Stockholm: BAO (Release party for BAO <a class=\"more-link\" href=\"https:\/\/helensjoholm.nu\/_eng\/2006-2010-3\/\">Read More &#8230;<\/a><\/p>\n","protected":false},"author":1,"featured_media":0,"parent":0,"menu_order":0,"comment_status":"closed","ping_status":"open","template":"","meta":{"ngg_post_thumbnail":0,"footnotes":""},"class_list":["post-230","page","type-page","status-publish","hentry"],"aioseo_notices":[],"_links":{"self":[{"href":"https:\/\/helensjoholm.nu\/_eng\/wp-json\/wp\/v2\/pages\/230","targetHints":{"allow":["GET"]}}],"collection":[{"href":"https:\/\/helensjoholm.nu\/_eng\/wp-json\/wp\/v2\/pages"}],"about":[{"href":"https:\/\/helensjoholm.nu\/_eng\/wp-json\/wp\/v2\/types\/page"}],"author":[{"embeddable":true,"href":"https:\/\/helensjoholm.nu\/_eng\/wp-json\/wp\/v2\/users\/1"}],"replies":[{"embeddable":true,"href":"https:\/\/helensjoholm.nu\/_eng\/wp-json\/wp\/v2\/comments?post=230"}],"version-history":[{"count":0,"href":"https:\/\/helensjoholm.nu\/_eng\/wp-json\/wp\/v2\/pages\/230\/revisions"}],"wp:attachment":[{"href":"https:\/\/helensjoholm.nu\/_eng\/wp-json\/wp\/v2\/media?parent=230"}],"curies":[{"name":"wp","href":"https:\/\/api.w.org\/{rel}","templated":true}]}}