{"id":2286,"date":"2013-05-20T21:25:30","date_gmt":"2013-05-20T19:25:30","guid":{"rendered":"http:\/\/helensjoholm.nu\/_eng\/?page_id=2286"},"modified":"2022-05-15T18:50:56","modified_gmt":"2022-05-15T16:50:56","slug":"lyrics-sangerna","status":"publish","type":"page","link":"https:\/\/helensjoholm.nu\/_eng\/2006-2010\/euforia-helen-sjoholm-sjunger-billy-joel\/lyrics-sangerna\/","title":{"rendered":"S\u00e5ngerna"},"content":{"rendered":"<p align=\"left\"><strong>Original title:<\/strong> Lullabye, Goodnight My Angel<br \/>\n<strong>Music &amp; lyrics:<\/strong> Billy Joel<br \/>\n<strong>Sw. interpretation:<\/strong> Tomas Andersson Wij<\/p>\n<p>God natt mitt hj\u00e4rta du ska sova nu<br \/>\nspar de d\u00e4r tankarna till n\u00e4sta dag<br \/>\nJag tror jag vet vad du funderar p\u00e5<br \/>\noch jag ska svara s\u00e5 att du f\u00f6rst\u00e5r<br \/>\nHar lovat dig att aldrig ge mig av<br \/>\noch du ska veta det<br \/>\nVart \u00e4n din resa b\u00e4r<br \/>\nvem den \u00e4n g\u00f6r dig till<br \/>\ns\u00e5 \u00e4r jag aldrig l\u00e5ngt fr\u00e5n dig<\/p>\n<p>God natt mitt hj\u00e4rta du ska sova nu<br \/>\ndet \u00e4r s\u00e5 mycket jag vill s\u00e4ga dig<br \/>\nKan h\u00f6ra s\u00e5ngerna du sj\u00f6ng f\u00f6r oss<br \/>\nden sommardan p\u00e5 sk\u00e4rg\u00e5rdsv\u00e5gorna<br \/>\nOch som den b\u00e5ten<br \/>\ngungar jag dig nu<br \/>\njag vaggar dig till s\u00f6mns<br \/>\nVattnet \u00e4r m\u00f6rkt och djupt<br \/>\noch inga l\u00f6ften finns<br \/>\nMer \u00e4n att jag ska va hos dig<\/p>\n<p>God natt mitt hj\u00e4rta<br \/>\ndu kan dr\u00f6mma nu<br \/>\ndr\u00f6m om ditt liv<br \/>\noch allt du \u00f6nskar dig<br \/>\nOm du f\u00e5r egna barn<br \/>\noch tr\u00f6star dem med s\u00e5ngerna<br \/>\nvi sjunger nu<br \/>\nd\u00e5 \u00e4r jag d\u00e4r med er var kv\u00e4ll<\/p>\n<p>En dag f\u00f6rsvinner vi<br \/>\nmen s\u00e5ngerna har m\u00e5nga liv<br \/>\nDe sjunger oss<br \/>\nin i en ny<br \/>\noch evig tid<\/p>\n<p><em>\u00a9 2010 Universal Music AB<\/em><\/p>\n<p align=\"left\"><a title=\"Euforia \u2013 Helen Sj\u00f6holm sjunger Billy Joel\" href=\"https:\/\/helensjoholm.nu\/_eng\/2006-2010\/euforia-helen-sjoholm-sjunger-billy-joel\/\">Back<\/a><\/p>\n","protected":false},"excerpt":{"rendered":"<p>Original title: Lullabye, Goodnight My Angel Music &amp; lyrics: Billy Joel Sw. interpretation: Tomas Andersson Wij God natt mitt hj\u00e4rta du ska sova nu spar <a class=\"more-link\" href=\"https:\/\/helensjoholm.nu\/_eng\/2006-2010\/euforia-helen-sjoholm-sjunger-billy-joel\/lyrics-sangerna\/\">Read More &#8230;<\/a><\/p>\n","protected":false},"author":1,"featured_media":0,"parent":2215,"menu_order":0,"comment_status":"closed","ping_status":"closed","template":"","meta":{"ngg_post_thumbnail":0,"footnotes":""},"class_list":["post-2286","page","type-page","status-publish","hentry"],"aioseo_notices":[],"_links":{"self":[{"href":"https:\/\/helensjoholm.nu\/_eng\/wp-json\/wp\/v2\/pages\/2286","targetHints":{"allow":["GET"]}}],"collection":[{"href":"https:\/\/helensjoholm.nu\/_eng\/wp-json\/wp\/v2\/pages"}],"about":[{"href":"https:\/\/helensjoholm.nu\/_eng\/wp-json\/wp\/v2\/types\/page"}],"author":[{"embeddable":true,"href":"https:\/\/helensjoholm.nu\/_eng\/wp-json\/wp\/v2\/users\/1"}],"replies":[{"embeddable":true,"href":"https:\/\/helensjoholm.nu\/_eng\/wp-json\/wp\/v2\/comments?post=2286"}],"version-history":[{"count":0,"href":"https:\/\/helensjoholm.nu\/_eng\/wp-json\/wp\/v2\/pages\/2286\/revisions"}],"up":[{"embeddable":true,"href":"https:\/\/helensjoholm.nu\/_eng\/wp-json\/wp\/v2\/pages\/2215"}],"wp:attachment":[{"href":"https:\/\/helensjoholm.nu\/_eng\/wp-json\/wp\/v2\/media?parent=2286"}],"curies":[{"name":"wp","href":"https:\/\/api.w.org\/{rel}","templated":true}]}}