{"id":2280,"date":"2013-05-20T21:22:00","date_gmt":"2013-05-20T19:22:00","guid":{"rendered":"http:\/\/helensjoholm.nu\/_eng\/?page_id=2280"},"modified":"2022-05-15T18:50:38","modified_gmt":"2022-05-15T16:50:38","slug":"leila","status":"publish","type":"page","link":"https:\/\/helensjoholm.nu\/_eng\/2006-2010\/euforia-helen-sjoholm-sjunger-billy-joel\/leila\/","title":{"rendered":"Leila"},"content":{"rendered":"<p><strong>Original title:<\/strong> All for Leyn<br \/>\n<strong>Music &amp; lyrics:<\/strong> Billy Joel<br \/>\n<strong>Sw. interpretation:<\/strong> Tomas Andersson Wij<\/p>\n<p>Hon stod p\u00e5 en r\u00e4ls<br \/>\nutanf\u00f6r stan<br \/>\nstan d\u00e4r vi b\u00e5da f\u00f6ddes<br \/>\nJag var bara ett barn<br \/>\nhon var ett \u00e4ventyr<\/p>\n<p>Hon sa, stannar du h\u00e4r<br \/>\nblir du som dom<br \/>\noch snart har du vant dig<br \/>\nOm du vill<br \/>\nh\u00e4mtar jag dig<br \/>\np\u00e5 dan om ett \u00e5r<\/p>\n<p>Jag st\u00e5r och v\u00e4ntar h\u00e4r \u00e4n<br \/>\nf\u00f6r du gav mig elden Leila<br \/>\nKom och m\u00f6t mig igen<br \/>\ninnan allt blir till aska Leila<br \/>\nMinns varje ord som du sa<br \/>\njag sjunger det h\u00e4r f\u00f6r Leila<\/p>\n<p>Bl\u00e5st genom mitt h\u00e5r<br \/>\nDu och jag gick<br \/>\nom natten l\u00e4ngs hamnens pr\u00e5mar<br \/>\nVad visste jag d\u00e5<br \/>\nom havet och stormarna<\/p>\n<p>Och nu bl\u00e5ser det rakt<br \/>\ngenom mitt liv<br \/>\nJag ser dig d\u00e4r p\u00e5 r\u00e4lsen<br \/>\nDu b\u00f6rjade g\u00e5<br \/>\nutan att se dig om<\/p>\n<p>Jag st\u00e5r och v\u00e4ntar h\u00e4r \u00e4n<br \/>\nf\u00f6r du gav mig elden Leila<br \/>\nKom och m\u00f6t mig igen<br \/>\ninnan allt blir till aska Leila<br \/>\nMinns varje ord som du sa<br \/>\njag sjunger det h\u00e4r f\u00f6r Leila<\/p>\n<p>Den sommarn du gick<br \/>\nblev till en h\u00f6st<br \/>\nalldeles t\u00f6md p\u00e5 f\u00e4rger<br \/>\nJag skolkade bort<br \/>\nen vinter, en v\u00e5r<br \/>\nallt f\u00f6r att f\u00e5 ett \u00e5r att g\u00e5<\/p>\n<p>Idag sk\u00f6ljer ett regn<br \/>\ngenom v\u00e5r stad<br \/>\nAllting k\u00e4nns \u00f6ver och f\u00f6rbi<br \/>\nJag s\u00e4ger farv\u00e4l<br \/>\noch h\u00f6r hur du svarar mig<\/p>\n<p>Var du \u00e4n \u00e4r nu<br \/>\nTa denna s\u00e5ng<br \/>\nta mina ord av k\u00e4rlek<br \/>\nJag st\u00e5r p\u00e5 en r\u00e4ls<br \/>\nutanf\u00f6r stan<\/p>\n<p>Jag st\u00e5r och v\u00e4ntar h\u00e4r \u00e4n\u2026<\/p>\n<p><em>\u00a9 2010 Universal Music AB<\/em><\/p>\n<p><a title=\"Euforia \u2013 Helen Sj\u00f6holm sjunger Billy Joel\" href=\"https:\/\/helensjoholm.nu\/_eng\/2006-2010\/euforia-helen-sjoholm-sjunger-billy-joel\/\">Back<\/a><\/p>\n","protected":false},"excerpt":{"rendered":"<p>Original title: All for Leyn Music &amp; lyrics: Billy Joel Sw. interpretation: Tomas Andersson Wij Hon stod p\u00e5 en r\u00e4ls utanf\u00f6r stan stan d\u00e4r vi <a class=\"more-link\" href=\"https:\/\/helensjoholm.nu\/_eng\/2006-2010\/euforia-helen-sjoholm-sjunger-billy-joel\/leila\/\">Read More &#8230;<\/a><\/p>\n","protected":false},"author":1,"featured_media":0,"parent":2215,"menu_order":0,"comment_status":"closed","ping_status":"closed","template":"","meta":{"ngg_post_thumbnail":0,"footnotes":""},"class_list":["post-2280","page","type-page","status-publish","hentry"],"aioseo_notices":[],"_links":{"self":[{"href":"https:\/\/helensjoholm.nu\/_eng\/wp-json\/wp\/v2\/pages\/2280","targetHints":{"allow":["GET"]}}],"collection":[{"href":"https:\/\/helensjoholm.nu\/_eng\/wp-json\/wp\/v2\/pages"}],"about":[{"href":"https:\/\/helensjoholm.nu\/_eng\/wp-json\/wp\/v2\/types\/page"}],"author":[{"embeddable":true,"href":"https:\/\/helensjoholm.nu\/_eng\/wp-json\/wp\/v2\/users\/1"}],"replies":[{"embeddable":true,"href":"https:\/\/helensjoholm.nu\/_eng\/wp-json\/wp\/v2\/comments?post=2280"}],"version-history":[{"count":0,"href":"https:\/\/helensjoholm.nu\/_eng\/wp-json\/wp\/v2\/pages\/2280\/revisions"}],"up":[{"embeddable":true,"href":"https:\/\/helensjoholm.nu\/_eng\/wp-json\/wp\/v2\/pages\/2215"}],"wp:attachment":[{"href":"https:\/\/helensjoholm.nu\/_eng\/wp-json\/wp\/v2\/media?parent=2280"}],"curies":[{"name":"wp","href":"https:\/\/api.w.org\/{rel}","templated":true}]}}