{"id":2272,"date":"2013-05-20T21:17:12","date_gmt":"2013-05-20T19:17:12","guid":{"rendered":"http:\/\/helensjoholm.nu\/_eng\/?page_id=2272"},"modified":"2022-05-15T18:50:36","modified_gmt":"2022-05-15T16:50:36","slug":"ljudet-av-ett-regn","status":"publish","type":"page","link":"https:\/\/helensjoholm.nu\/_eng\/2006-2010\/euforia-helen-sjoholm-sjunger-billy-joel\/ljudet-av-ett-regn\/","title":{"rendered":"Ljudet av ett regn"},"content":{"rendered":"<p align=\"left\"><strong>Original title:<\/strong> Falling of the Rain<br \/>\n<strong>Music &amp; lyrics:<\/strong> Billy Joel<br \/>\n<strong>Sw. interpretation:<\/strong> Tomas Andersson Wij<\/p>\n<p align=\"left\">Jag h\u00f6rde om en man<br \/>\np\u00e5 en \u00f6 dit inga b\u00e5tar kom<br \/>\nI ett hus som togs<br \/>\nav \u00e5rhundradets storm<\/p>\n<p align=\"left\">Han m\u00e5la berg, forsar<br \/>\noch djur i vild terr\u00e4ng<br \/>\nDag som natt<br \/>\nhan h\u00f6rde inte ljudet av ett regn<br \/>\nHan h\u00f6rde inte ljudet av ett regn<\/p>\n<p>Jag h\u00f6rde om en kvinna<br \/>\nsom levde hela livet i en skog<br \/>\nUtan tak \u00f6ver huvud<br \/>\nutan skydd n\u00e4r regnet slog<\/p>\n<p>Och hon jublade h\u00f6gt<br \/>\nn\u00e4r blixtarna rev upp<br \/>\nhimmelen<br \/>\nf\u00f6r hon ville k\u00e4nna smaken<br \/>\nav ett regn<br \/>\nHon ville k\u00e4nna smaken<br \/>\nav ett regn<\/p>\n<p>Blir du lika tr\u00f6tt<br \/>\noch uppgiven som jag<br \/>\nn\u00e4r du h\u00f6r regnet falla<br \/>\n\u00f6ver v\u00e5ran stad<br \/>\nJag kan vara stor och stark<br \/>\nh\u00e4r utan dig<br \/>\ns\u00e5 l\u00e4nge solen vakar<br \/>\noch lyser \u00f6ver mig<\/p>\n<p>Jag h\u00f6rde om en flod<br \/>\nsom kom f\u00f6r v\u00e5ra synders skull<br \/>\nOch en man med en ark<br \/>\ntill nock och bredden full<br \/>\nav m\u00e4nniskor och djur som<br \/>\nseglade hem<br \/>\noch l\u00e5ngt bort<br \/>\noch de gjorde det till ljudet<br \/>\nav ett regn<br \/>\nDe gav sig av till ljudet av ett regn<\/p>\n<p>Blir du lika svag och oduglig<br \/>\nsom jag<br \/>\nn\u00e4r du h\u00f6r regnet falls<br \/>\n\u00f6ver v\u00e5ran stad<br \/>\nJag kan vara stor och stark<br \/>\nh\u00e4r utan dig<br \/>\ns\u00e5 l\u00e4nge solen vakar<br \/>\noch lyser \u00f6ver mig<\/p>\n<p align=\"left\">Nu sitter jag vid f\u00f6nstret och ser<br \/>\nhur regnet sk\u00f6ljer bort<br \/>\nalla sp\u00e5r av oss h\u00e4r<br \/>\np\u00e5 gatorna vi g\u00e5tt<br \/>\nOch jag vet att det g\u00e5r \u00f6ver<br \/>\nmen det \u00e4r ingen tr\u00f6st ikv\u00e4ll<br \/>\nDet \u00e4r kallt i min s\u00e4ng<br \/>\noch jag somnar till ett regn<br \/>\nJag somnar till ljudet av ett regn<\/p>\n<p><em>\u00a9 2010 Universal Music AB<\/em><\/p>\n<p align=\"left\"><a title=\"Euforia \u2013 Helen Sj\u00f6holm sjunger Billy Joel\" href=\"https:\/\/helensjoholm.nu\/_eng\/2006-2010\/euforia-helen-sjoholm-sjunger-billy-joel\/\">Back<\/a><\/p>\n","protected":false},"excerpt":{"rendered":"<p>Original title: Falling of the Rain Music &amp; lyrics: Billy Joel Sw. interpretation: Tomas Andersson Wij Jag h\u00f6rde om en man p\u00e5 en \u00f6 dit <a class=\"more-link\" href=\"https:\/\/helensjoholm.nu\/_eng\/2006-2010\/euforia-helen-sjoholm-sjunger-billy-joel\/ljudet-av-ett-regn\/\">Read More &#8230;<\/a><\/p>\n","protected":false},"author":1,"featured_media":0,"parent":2215,"menu_order":0,"comment_status":"closed","ping_status":"closed","template":"","meta":{"ngg_post_thumbnail":0,"footnotes":""},"class_list":["post-2272","page","type-page","status-publish","hentry"],"aioseo_notices":[],"_links":{"self":[{"href":"https:\/\/helensjoholm.nu\/_eng\/wp-json\/wp\/v2\/pages\/2272","targetHints":{"allow":["GET"]}}],"collection":[{"href":"https:\/\/helensjoholm.nu\/_eng\/wp-json\/wp\/v2\/pages"}],"about":[{"href":"https:\/\/helensjoholm.nu\/_eng\/wp-json\/wp\/v2\/types\/page"}],"author":[{"embeddable":true,"href":"https:\/\/helensjoholm.nu\/_eng\/wp-json\/wp\/v2\/users\/1"}],"replies":[{"embeddable":true,"href":"https:\/\/helensjoholm.nu\/_eng\/wp-json\/wp\/v2\/comments?post=2272"}],"version-history":[{"count":0,"href":"https:\/\/helensjoholm.nu\/_eng\/wp-json\/wp\/v2\/pages\/2272\/revisions"}],"up":[{"embeddable":true,"href":"https:\/\/helensjoholm.nu\/_eng\/wp-json\/wp\/v2\/pages\/2215"}],"wp:attachment":[{"href":"https:\/\/helensjoholm.nu\/_eng\/wp-json\/wp\/v2\/media?parent=2272"}],"curies":[{"name":"wp","href":"https:\/\/api.w.org\/{rel}","templated":true}]}}