{"id":2252,"date":"2013-05-20T21:07:46","date_gmt":"2013-05-20T19:07:46","guid":{"rendered":"http:\/\/helensjoholm.nu\/_eng\/?page_id=2252"},"modified":"2022-05-15T18:50:13","modified_gmt":"2022-05-15T16:50:13","slug":"varje-sar-soker-ett-sar","status":"publish","type":"page","link":"https:\/\/helensjoholm.nu\/_eng\/2006-2010\/euforia-helen-sjoholm-sjunger-billy-joel\/varje-sar-soker-ett-sar\/","title":{"rendered":"Varje s\u00e5r s\u00f6ker ett s\u00e5r"},"content":{"rendered":"<p><strong>Original title:<\/strong> And So It Goes<br \/>\n<strong>Music &amp; lyrics:<\/strong> Billy Joel<br \/>\n<strong>Sw. interpretation:<\/strong> Tomas Andersson Wij<\/p>\n<p>I varje liv finns det ett rum<br \/>\nEtt heligt rum som skyddar dig<br \/>\nDe s\u00e5r du fick n\u00e4r skyddet brast<br \/>\nkan l\u00e4ka d\u00e4r l\u00e4ngst in i dig<\/p>\n<p>Jag gav dig vaga glesa ord<br \/>\nDu svara mig med enkelhet<br \/>\n\u00c4nd\u00e5 en skam f\u00f6r allt jag sagt<br \/>\nJag blev min tysta ensamhet<br \/>\nOch varje g\u00e5ng jag h\u00f6ll en ros<br \/>\nvar det sm\u00e4rtan som jag s\u00e5g<\/p>\n<p>Varje s\u00e5r s\u00f6ker ett s\u00e5r<br \/>\njag undrar vem det blir som g\u00e5r<\/p>\n<p>Men om min tystnad skr\u00e4mde dig<br \/>\nd\u00e5 \u00e4r det mitt livs nederlag<br \/>\ndet finns ett rum jag h\u00f6ll det l\u00e5st<br \/>\nvill kunna dela det en dag<\/p>\n<p>Och jag ska blunda bort all sorg<br \/>\nf\u00f6r jag har sett mer \u00e4n jag vill<br \/>\nSett k\u00e4rlek komma och sen g\u00e5<br \/>\nSett in i m\u00f6rkret<br \/>\noch \u00e4nd\u00e5<\/p>\n<p>Om du vill s\u00e5 \u00e4r jag h\u00e4r<br \/>\ni allt som brustit och g\u00e5tt av<br \/>\nDet finns ett rum som skyddar oss<br \/>\nett rum l\u00e4ngst in d\u00e4r vi kan va<\/p>\n<p>Och varje s\u00e5r s\u00f6ker ett s\u00e5r<br \/>\ns\u00e4g kan vi ha varann \u00e4nd\u00e5<\/p>\n<p><em>\u00a9 2010 Universal Music AB<\/em><\/p>\n<p><a title=\"Euforia \u2013 Helen Sj\u00f6holm sjunger Billy Joel\" href=\"https:\/\/helensjoholm.nu\/_eng\/2006-2010\/euforia-helen-sjoholm-sjunger-billy-joel\/\">Back<\/a><\/p>\n","protected":false},"excerpt":{"rendered":"<p>Original title: And So It Goes Music &amp; lyrics: Billy Joel Sw. interpretation: Tomas Andersson Wij I varje liv finns det ett rum Ett heligt <a class=\"more-link\" href=\"https:\/\/helensjoholm.nu\/_eng\/2006-2010\/euforia-helen-sjoholm-sjunger-billy-joel\/varje-sar-soker-ett-sar\/\">Read More &#8230;<\/a><\/p>\n","protected":false},"author":1,"featured_media":0,"parent":2215,"menu_order":0,"comment_status":"closed","ping_status":"closed","template":"","meta":{"ngg_post_thumbnail":0,"footnotes":""},"class_list":["post-2252","page","type-page","status-publish","hentry"],"aioseo_notices":[],"_links":{"self":[{"href":"https:\/\/helensjoholm.nu\/_eng\/wp-json\/wp\/v2\/pages\/2252","targetHints":{"allow":["GET"]}}],"collection":[{"href":"https:\/\/helensjoholm.nu\/_eng\/wp-json\/wp\/v2\/pages"}],"about":[{"href":"https:\/\/helensjoholm.nu\/_eng\/wp-json\/wp\/v2\/types\/page"}],"author":[{"embeddable":true,"href":"https:\/\/helensjoholm.nu\/_eng\/wp-json\/wp\/v2\/users\/1"}],"replies":[{"embeddable":true,"href":"https:\/\/helensjoholm.nu\/_eng\/wp-json\/wp\/v2\/comments?post=2252"}],"version-history":[{"count":0,"href":"https:\/\/helensjoholm.nu\/_eng\/wp-json\/wp\/v2\/pages\/2252\/revisions"}],"up":[{"embeddable":true,"href":"https:\/\/helensjoholm.nu\/_eng\/wp-json\/wp\/v2\/pages\/2215"}],"wp:attachment":[{"href":"https:\/\/helensjoholm.nu\/_eng\/wp-json\/wp\/v2\/media?parent=2252"}],"curies":[{"name":"wp","href":"https:\/\/api.w.org\/{rel}","templated":true}]}}