{"id":225,"date":"2013-04-10T20:35:35","date_gmt":"2013-04-10T18:35:35","guid":{"rendered":"http:\/\/helensjoholm.nu\/_eng\/?page_id=225"},"modified":"2024-03-31T18:49:12","modified_gmt":"2024-03-31T16:49:12","slug":"2001-2005-2","status":"publish","type":"page","link":"https:\/\/helensjoholm.nu\/_eng\/2001-2005-2\/","title":{"rendered":"Concerts 2001 &#8211; 2005"},"content":{"rendered":"<p><img loading=\"lazy\" decoding=\"async\" title=\"Konserter\" src=\"https:\/\/helensjoholm.nu\/_eng\/wp-content\/gallery\/biografi\/concerts_1.jpg\" alt=\"Konserter\" width=\"500\" height=\"333\"><\/p>\n<table>\n<tbody>\n<tr>\n<td colspan=\"2\">\n<hr>\n<h2 align=\"center\">2001<\/h2>\n<hr>\n<\/td>\n<\/tr>\n<tr>\n<td style=\"width: 85px;\"><strong>January<\/strong><\/td>\n<td>Berwald Hall, Stockholm: Twelfth Night Concert<\/td>\n<\/tr>\n<tr>\n<td><strong>29-30\/3<\/strong><\/td>\n<td><em>Proms Evening<\/em>, Helsingborg Concert Hall: Helen<\/td>\n<\/tr>\n<tr>\n<td><strong class=\"style1\">28\/4<\/strong><\/td>\n<td class=\"style2\"><em>In Time and Space<\/em> Victoria Theater, Malm\u00f6: Helen, Jojje Wadenius, Martin \u00d6stergren<\/td>\n<\/tr>\n<tr>\n<td class=\"style1\">&nbsp;<\/td>\n<td class=\"style2\">Concert Hall, Stockholm: Polar Prize<\/td>\n<\/tr>\n<tr>\n<td class=\"style1\" valign=\"top\"><strong>2\/6<\/strong><\/td>\n<td class=\"style2\"><em>Jordberga Festival<\/em>: Helen, Martin \u00d6stergren m.fl.<\/td>\n<\/tr>\n<tr>\n<td class=\"style1\" valign=\"top\"><strong>6\/6<\/strong><\/td>\n<td class=\"style2\">Kristina fr\u00e5n Duvem\u00e5la concert, Evedal, V\u00e4xj\u00f6<\/td>\n<\/tr>\n<tr>\n<td class=\"style1\" valign=\"top\"><strong>8\/6<\/strong><\/td>\n<td class=\"style2\">Kristina fr\u00e5n Duvem\u00e5la concert, Sofiero Slott, Helsingborg<\/td>\n<\/tr>\n<tr>\n<td class=\"style1\" valign=\"top\"><strong>9\/6<\/strong><\/td>\n<td class=\"style2\">Kristina fr\u00e5n Duvem\u00e5la concert, M\u00f6lleplatsen, Malm\u00f6<\/td>\n<\/tr>\n<tr>\n<td class=\"style1\" valign=\"top\"><strong>10-11\/6<\/strong><\/td>\n<td class=\"style2\">Kristina fr\u00e5n Duvem\u00e5la concert, Tr\u00e4dg\u00e5rdsf\u00f6reningen, G\u00f6teborg<\/td>\n<\/tr>\n<tr>\n<td class=\"style1\" valign=\"top\"><strong>13\/6<\/strong><\/td>\n<td class=\"style2\">Kristina fr\u00e5n Duvem\u00e5la concert, Slottet, Finsp\u00e5ng<\/td>\n<\/tr>\n<tr>\n<td class=\"style1\" valign=\"top\"><strong>14\/6<\/strong><\/td>\n<td class=\"style2\">Kristina fr\u00e5n Duvem\u00e5la concert, Stadion, Stockholm<\/td>\n<\/tr>\n<tr>\n<td class=\"style1\" valign=\"top\"><strong>16\/6<\/strong><\/td>\n<td class=\"style2\">Kristina fr\u00e5n Duvem\u00e5la concert, Sammilsdalsgropen, Leksand<\/td>\n<\/tr>\n<tr>\n<td class=\"style1\" valign=\"top\"><strong>17\/6<\/strong><\/td>\n<td class=\"style2\">Kristina fr\u00e5n Duvem\u00e5la concert, Merlo Slott, Sundsvall<\/td>\n<\/tr>\n<tr>\n<td class=\"style1\"><strong>19\/6<\/strong><\/td>\n<td class=\"style2\">Royal Jubilee Gala, Drottningholm: Helen etc.<\/td>\n<\/tr>\n<tr>\n<td class=\"style1\"><strong>Juli<\/strong><\/td>\n<td class=\"style2\">Music Box in S\u00e4len: Helen, Bj\u00f6rn Skifs, Povel Ramel, Lisa Nilsson<\/td>\n<\/tr>\n<tr>\n<td class=\"style1\" valign=\"top\"><strong>6\/8<\/strong><\/td>\n<td class=\"style2\"><em>In Time and Space<\/em>, \u00d6cker\u00f6 Church: Helen, Jojje Wadenius, Martin \u00d6stergren (part of a tour, concerts were cancelled after 8\/7 because of illness, to be resumed in September).<\/td>\n<\/tr>\n<tr>\n<td class=\"style1\"><strong>7\/8<\/strong><\/td>\n<td class=\"style2\"><em>Alls\u00e5ng p\u00e5 Skansen<\/em>: Helen with BAO, Josefin Nilsson<\/td>\n<\/tr>\n<tr>\n<td class=\"style1\"><strong>24\/8<\/strong><\/td>\n<td class=\"style2\">Galejan,Skansen, Stockholm: BAO (the very first concert)<\/td>\n<\/tr>\n<tr>\n<td class=\"style1\"><strong>18\/10<\/strong><\/td>\n<td class=\"style2\">Inauguration of the Royal Fair, Gothenburg: Helen<\/td>\n<\/tr>\n<tr>\n<td class=\"style1\" valign=\"top\"><strong>20\/10<\/strong><\/td>\n<td class=\"style2\"><em>Songs For Life<\/em>, The Globe, Stockholm: Helen, Tommy K\u00f6rberg, Lena Willemark<\/td>\n<\/tr>\n<tr>\n<td class=\"style1\" valign=\"top\"><strong>7-9\/12<\/strong><\/td>\n<td class=\"style2\"><em>Christmas Carols<\/em>, Helsingborg Concert Hall: Helen etc.<\/td>\n<\/tr>\n<tr>\n<td colspan=\"2\">\n<hr>\n<h2 align=\"center\">2002<\/h2>\n<hr>\n<\/td>\n<\/tr>\n<tr>\n<td class=\"style1\"><strong>5\/1<\/strong><\/td>\n<td class=\"style2\"><em>Prom at the Berwald Hall<\/em>: BAO<\/td>\n<\/tr>\n<tr>\n<td class=\"style1\"><strong>9\/7<\/strong><\/td>\n<td class=\"style2\"><em>Alls\u00e5ng p\u00e5 Skansen<\/em>: Helen<\/td>\n<\/tr>\n<tr>\n<td class=\"style1\"><strong>6\/8<\/strong><\/td>\n<td class=\"style2\"><em>Alls\u00e5ng p\u00e5 Skansen<\/em>: BAO<\/td>\n<\/tr>\n<tr>\n<td class=\"style1\"><strong>16\/8<\/strong><\/td>\n<td class=\"style2\">Galejan, Skansen, Stockholm: BAO<\/td>\n<\/tr>\n<tr>\n<td class=\"style1\"><strong>28\/8<\/strong><\/td>\n<td class=\"style2\">Bor\u00e5s: Helen + Visor band (part of a tour)<\/td>\n<\/tr>\n<tr>\n<td class=\"style1\"><strong>29\/8<\/strong><\/td>\n<td class=\"style2\">G\u00f6teborg: Helen + Visor band (del av turn\u00e9)<\/td>\n<\/tr>\n<tr>\n<td class=\"style1\"><strong>30\/8<\/strong><\/td>\n<td class=\"style2\">Helsingborg: Helen + Visor band (part of a tour)<\/td>\n<\/tr>\n<tr>\n<td class=\"style1\"><strong>31\/8<\/strong><\/td>\n<td class=\"style2\">Norrk\u00f6ping: Helen + Visor band (part of a tour)<\/td>\n<\/tr>\n<tr>\n<td class=\"style1\"><strong>1\/9<\/strong><\/td>\n<td class=\"style2\">Link\u00f6ping: Helen + Visor band (part of a tour)<\/td>\n<\/tr>\n<tr>\n<td class=\"style1\"><strong>2\/9<\/strong><\/td>\n<td class=\"style2\">Berwald Hall, Stockholm: Helen + Visor band (part of a tour)<\/td>\n<\/tr>\n<tr>\n<td class=\"style1\"><strong>4\/9<\/strong><\/td>\n<td class=\"style2\">Sundsvall: Helen + Visor band (part of a tour)<\/td>\n<\/tr>\n<tr>\n<td class=\"style1\"><strong>5\/9<\/strong><\/td>\n<td class=\"style2\">G\u00e4vle: Helen + Visor band (part of a tour)<\/td>\n<\/tr>\n<tr>\n<td class=\"style1\"><strong>6\/9<\/strong><\/td>\n<td class=\"style2\">Visor, Uppsala University Aula: Helen + Visor band (part of a tour)<\/td>\n<\/tr>\n<tr>\n<td class=\"style1\" valign=\"top\"><strong>22\/9<\/strong><\/td>\n<td class=\"style2\"><em>From Visor to Duvem\u00e5la<\/em>, Malm\u00f6 Concert Hall: Helen (another concert was given the following day, somewhere in Sk\u00e5ne).<\/td>\n<\/tr>\n<tr>\n<td colspan=\"2\">\n<hr>\n<h2 align=\"center\">2003<\/h2>\n<hr>\n<\/td>\n<\/tr>\n<tr>\n<td class=\"style1\"><strong>4-5\/1<\/strong><\/td>\n<td class=\"style2\"><em>Decadence and Cabaret<\/em>, Gothenburg Concert Hall: Helen + Mikael Samuelson<\/td>\n<\/tr>\n<tr>\n<td class=\"style1\"><strong>26-27\/4<\/strong><\/td>\n<td class=\"style2\"><em>Bit by Bit<\/em> &#8211; Myrra and Helen, Malm\u00f6 Music Theater: Helen + Myrra Malmberg<\/td>\n<\/tr>\n<tr>\n<td class=\"style1\"><strong>31\/5<\/strong><\/td>\n<td class=\"style2\">Visor, Malm\u00f6 Concert Hall: Helen + Visor band (part of a tour)<\/td>\n<\/tr>\n<tr>\n<td class=\"style1\"><strong>1\/6<\/strong><\/td>\n<td class=\"style2\">Visor, Gothenburg Concert Hall: Helen + Visor band (part of a tour)<\/td>\n<\/tr>\n<tr>\n<td class=\"style1\" valign=\"top\"><strong>4\/7<\/strong><\/td>\n<td class=\"style2\"><em>Visor under the sky<\/em>, Skansen, Stockholm: Helen, Per Myberg + musicians from Visor (part of a tour, also visiting Pite\u00e5, Eskilstuna, Vadstena etc.)<\/td>\n<\/tr>\n<tr>\n<td class=\"style1\"><strong>5\/8<\/strong><\/td>\n<td class=\"style2\"><em>Alls\u00e5ng p\u00e5 Skansen<\/em>: BAO<\/td>\n<\/tr>\n<tr>\n<td class=\"style1\"><strong>8\/8<\/strong><\/td>\n<td class=\"style2\">Galejan, Skansen, Stockholm: BAO (part of a tour)<\/td>\n<\/tr>\n<tr>\n<td class=\"style1\"><strong>10\/8<\/strong><\/td>\n<td class=\"style2\">Horticultural Society, Gothenburg: BAO (part of a tour)<\/td>\n<\/tr>\n<tr>\n<td class=\"style1\"><strong>2\/11<\/strong><\/td>\n<td class=\"style2\">Concert Hall, Malm\u00f6: Helen + Anders Widmark (part of a tour)<\/td>\n<\/tr>\n<tr>\n<td class=\"style1\"><strong>16\/11<\/strong><\/td>\n<td class=\"style2\">Cirkus, Stockholm: Helen + Anders Widmark (part of a tour)<\/td>\n<\/tr>\n<tr>\n<td class=\"style1\"><strong>30\/11<\/strong><\/td>\n<td class=\"style2\">Concert Hall, Gothenburg: Helen + Anders Widmark (part of a tour)<\/td>\n<\/tr>\n<tr>\n<td class=\"style1\"><strong>17\/12<\/strong><\/td>\n<td class=\"style2\">Uppsala University Aula: Helen + Anders Widmark (part of a tour)<\/td>\n<\/tr>\n<tr>\n<td class=\"style1\"><strong>18\/12<\/strong><\/td>\n<td class=\"style2\">V\u00e4ster\u00e5s Concert Hall: Helen + Anders Widmark (part of a tour)<\/td>\n<\/tr>\n<tr>\n<td class=\"style1\"><strong>19\/12<\/strong><\/td>\n<td class=\"style2\">G\u00e4vle Concert Hall: Helen + Anders Widmark (part of a tour)<\/td>\n<\/tr>\n<tr>\n<td colspan=\"2\">\n<hr>\n<h2 align=\"center\">2004<\/h2>\n<hr>\n<\/td>\n<\/tr>\n<tr>\n<td class=\"style1\"><strong>6\/1<\/strong><\/td>\n<td class=\"style2\">Twelfth Night Concert, Berwald Hall, Stockholm: Helen<\/td>\n<\/tr>\n<tr>\n<td class=\"style1\"><strong>28\/3<\/strong><\/td>\n<td class=\"style2\">Tonhallen Concert Hall, Sundsvall: Helen + Anders Widmark<\/td>\n<\/tr>\n<tr>\n<td class=\"style1\"><strong>April<\/strong><\/td>\n<td class=\"style2\">5 spring concerts with The Royal Fire Brigade Band<\/td>\n<\/tr>\n<tr>\n<td class=\"style1\"><strong>5\/5<\/strong><\/td>\n<td class=\"style2\"><em>Olle Adolphson memorial concert<\/em>, The Great Church, Stockholm: Helen, Sven-Bertil Taube, Lill Lindfors<\/td>\n<\/tr>\n<tr>\n<td class=\"style1\"><strong>July<\/strong><\/td>\n<td class=\"style2\">Dalhalla and Sandviken: Helen + Anders Widmark<\/td>\n<\/tr>\n<tr>\n<td class=\"style1\"><strong>06\/8<\/strong><\/td>\n<td class=\"style2\">Galejan, Skansen, Stockholm: BAO (part of a tour)<\/td>\n<\/tr>\n<tr>\n<td class=\"style1\"><strong>10\/8<\/strong><\/td>\n<td class=\"style2\"><em>Alls\u00e5ng p\u00e5 Skansen<\/em>: BAO<\/td>\n<\/tr>\n<tr>\n<td class=\"style1\" valign=\"top\"><strong>13\/8<\/strong><\/td>\n<td class=\"style2\" valign=\"top\">Horticultural Society, Gothenburg: BAO (part of a tour which started on 7\/8, and also visited \u00d6rebro, Helsingborg, Leksand, Lidk\u00f6ping).<\/td>\n<\/tr>\n<tr>\n<td class=\"style1\"><strong>17\/10<\/strong><\/td>\n<td class=\"style2\">Kristianstad: Helen + Martin \u00d6stergren<\/td>\n<\/tr>\n<tr>\n<td class=\"style1\"><strong>18\/10<\/strong><\/td>\n<td class=\"style2\">Vara Concert Hall: Helen + Martin \u00d6stergren<\/td>\n<\/tr>\n<tr>\n<td class=\"style1\"><strong>29\/11<\/strong><\/td>\n<td class=\"style2\"><em>Friends Gala<\/em>, Grand Hotel, Stockholm: Helen, Anders Ekborg, Peter J\u00f6back etc.<\/td>\n<\/tr>\n<tr>\n<td colspan=\"2\">\n<hr>\n<h2 align=\"center\">2005<\/h2>\n<hr>\n<\/td>\n<\/tr>\n<tr>\n<td class=\"style1\"><strong>20\/3<\/strong><\/td>\n<td class=\"style2\">Skellefte\u00e5: Helen, Martin \u00d6stergren, Skellefte\u00e5 Orchestra<\/td>\n<\/tr>\n<tr>\n<td class=\"style1\"><strong>4\/4<\/strong><\/td>\n<td class=\"style2\"><em>Dream concert<\/em>, De Geer Hall, Norrk\u00f6ping: Helen, Norrk\u00f6ping Symphony Orchestra<\/td>\n<\/tr>\n<tr>\n<td class=\"style1\" valign=\"top\"><strong>16-17\/4<\/strong><\/td>\n<td class=\"style2\">Spring concert, Malm\u00f6 Concert Hall: Helen, Marianne M\u00f6rck, Christer Sj\u00f6gren, The Royal Fire Brigade Band<\/td>\n<\/tr>\n<tr>\n<td class=\"style1\"><strong>22\/5<\/strong><\/td>\n<td class=\"style2\">Lule\u00e5: Helen, Lule\u00e5 Chamber Choir<\/td>\n<\/tr>\n<tr>\n<td class=\"style1\"><strong>6\/6<\/strong><\/td>\n<td class=\"style2\">Sundsvall: Helen<\/td>\n<\/tr>\n<tr>\n<td class=\"style1\"><strong>6\/7<\/strong><\/td>\n<td class=\"style2\">V\u00e4ster\u00e5s: Helen, Martin \u00d6stergren, Jojje Wadenius (part of a tour)<\/td>\n<\/tr>\n<tr>\n<td class=\"style1\"><strong>12\/7<\/strong><\/td>\n<td class=\"style2\">Karlfeldt Farm, Leksand: Helen, Martin \u00d6stergren, Jojje Wadenius (part of a tour)<\/td>\n<\/tr>\n<tr>\n<td class=\"style1\"><strong>15\/7<\/strong><\/td>\n<td class=\"style2\"><em>Song Festival<\/em>, V\u00e4stervik: Helen, Martin \u00d6stergren, Jojje Wadenius (part of a tour)<\/td>\n<\/tr>\n<tr>\n<td class=\"style1\"><strong>16\/7<\/strong><\/td>\n<td class=\"style2\">Ulricehamn: Helen, Martin \u00d6stergren, Jojje Wadenius (part of a tour)<\/td>\n<\/tr>\n<tr>\n<td class=\"style1\" valign=\"top\"><strong>17\/7<\/strong><\/td>\n<td class=\"style2\"><em>Taube event<\/em>, Orust: Helen, Sven-Bertil Taube, Per Myrberg, \u00c5sa F\u00e5ng, Jojje Wadenius, Martin \u00d6stergren<\/td>\n<\/tr>\n<tr>\n<td class=\"style1\"><strong>28\/7<\/strong><\/td>\n<td class=\"style2\">Horticultural Society, Gothenburg: BAO (part of a tour)<\/td>\n<\/tr>\n<tr>\n<td class=\"style1\"><strong>29\/7<\/strong><\/td>\n<td class=\"style2\">Helsingborg, Sofiero Castle: BAO (part of a tour)<\/td>\n<\/tr>\n<tr>\n<td class=\"style1\"><strong>30\/7<\/strong><\/td>\n<td class=\"style2\">Sk\u00f6vde: BAO (part of a tour)<\/td>\n<\/tr>\n<tr>\n<td class=\"style1\"><strong>31\/7<\/strong><\/td>\n<td class=\"style2\">Gripsholm Castle, Mariefred: BAO (part of a tour)<\/td>\n<\/tr>\n<tr>\n<td class=\"style1\"><strong>2\/8<\/strong><\/td>\n<td class=\"style2\">Alls\u00e5ng p\u00e5 Skansen: BAO<\/td>\n<\/tr>\n<tr>\n<td class=\"style1\"><strong>3\/8<\/strong><\/td>\n<td class=\"style2\">Galejan, Skansen, Stockholm: BAO (part of a tour)<\/td>\n<\/tr>\n<tr>\n<td class=\"style1\"><strong>4\/8<\/strong><\/td>\n<td class=\"style2\">\u00d6rebro: BAO (part of a tour)<\/td>\n<\/tr>\n<tr>\n<td class=\"style1\"><strong>5\/8<\/strong><\/td>\n<td class=\"style2\">Sammilsdalsgropen, Leksand: BAO (part of a tour)<\/td>\n<\/tr>\n<tr>\n<td class=\"style1\"><strong>13\/8<\/strong><\/td>\n<td class=\"style2\">Bodtr\u00e4sk: Helen, Jojje Wadenius, Martin \u00d6stergren<\/td>\n<\/tr>\n<tr>\n<td class=\"style1\"><strong>8\/10<\/strong><\/td>\n<td class=\"style2\"><em>Liding\u00f6 Center 10 years<\/em>: Helen, Liding\u00f6 Church Motet Choir<\/td>\n<\/tr>\n<\/tbody>\n<\/table>\n<p>&nbsp;<\/p>\n","protected":false},"excerpt":{"rendered":"<p>2001 January Berwald Hall, Stockholm: Twelfth Night Concert 29-30\/3 Proms Evening, Helsingborg Concert Hall: Helen 28\/4 In Time and Space Victoria Theater, Malm\u00f6: Helen, Jojje <a class=\"more-link\" href=\"https:\/\/helensjoholm.nu\/_eng\/2001-2005-2\/\">Read More &#8230;<\/a><\/p>\n","protected":false},"author":1,"featured_media":0,"parent":0,"menu_order":0,"comment_status":"closed","ping_status":"open","template":"","meta":{"ngg_post_thumbnail":0,"footnotes":""},"class_list":["post-225","page","type-page","status-publish","hentry"],"aioseo_notices":[],"_links":{"self":[{"href":"https:\/\/helensjoholm.nu\/_eng\/wp-json\/wp\/v2\/pages\/225","targetHints":{"allow":["GET"]}}],"collection":[{"href":"https:\/\/helensjoholm.nu\/_eng\/wp-json\/wp\/v2\/pages"}],"about":[{"href":"https:\/\/helensjoholm.nu\/_eng\/wp-json\/wp\/v2\/types\/page"}],"author":[{"embeddable":true,"href":"https:\/\/helensjoholm.nu\/_eng\/wp-json\/wp\/v2\/users\/1"}],"replies":[{"embeddable":true,"href":"https:\/\/helensjoholm.nu\/_eng\/wp-json\/wp\/v2\/comments?post=225"}],"version-history":[{"count":0,"href":"https:\/\/helensjoholm.nu\/_eng\/wp-json\/wp\/v2\/pages\/225\/revisions"}],"wp:attachment":[{"href":"https:\/\/helensjoholm.nu\/_eng\/wp-json\/wp\/v2\/media?parent=225"}],"curies":[{"name":"wp","href":"https:\/\/api.w.org\/{rel}","templated":true}]}}