{"id":2247,"date":"2013-05-20T21:05:48","date_gmt":"2013-05-20T19:05:48","guid":{"rendered":"http:\/\/helensjoholm.nu\/_eng\/?page_id=2247"},"modified":"2022-05-15T18:50:06","modified_gmt":"2022-05-15T16:50:06","slug":"lyrics-barpianisten","status":"publish","type":"page","link":"https:\/\/helensjoholm.nu\/_eng\/2006-2010\/euforia-helen-sjoholm-sjunger-billy-joel\/lyrics-barpianisten\/","title":{"rendered":"Barpianisten"},"content":{"rendered":"<p><strong>Original title:<\/strong> Piano Man<br \/>\n<strong>Music &amp; lyrics:<\/strong> Billy Joel<br \/>\n<strong>Sw. interpretation:<\/strong> Tomas Andersson Wij<\/p>\n<p>Hon \u00e4r fem \u00f6ver nio en l\u00f6rdagkv\u00e4ll<br \/>\noch en efter en glider in<br \/>\nEn blind gammal man<br \/>\nsitter bredvid mig<br \/>\nmed tv\u00e5 delar tonic och gin<\/p>\n<p>Han s\u00e4ger hej,<br \/>\nkan du spela en s\u00e5ng f\u00f6r mig<br \/>\njag har gl\u00f6mt vad den heter just nu<br \/>\nMen den \u00e4r sorgsen och fin och<br \/>\njag sj\u00f6ng melodin<br \/>\nn\u00e4r jag var en ungkatt som du<\/p>\n<p>Spela en s\u00e5ng som vi h\u00f6rt f\u00f6rut<br \/>\nsjung en refr\u00e4ng som vi kan<br \/>\nDu vet hur man g\u00f6r<br \/>\nmed tangenterna<br \/>\nf\u00f6r att lindra en sorg litegrann<\/p>\n<p>Bartender-John \u00e4r en v\u00e4n till mig<br \/>\noch han bjuder p\u00e5 allt jag vill ha<br \/>\nHan \u00e4r en kung med ett hov<br \/>\nmen han dr\u00f6mmer \u00e4nd\u00e5<br \/>\nom att livet ska b\u00f6rja en dag<\/p>\n<p>Han s\u00e4ger, stannar jag h\u00e4r<br \/>\nkommer tungan min<br \/>\nva bitter som Fernet en dag<br \/>\nJag borde ha blivit en s\u00e5ngare<br \/>\nsom du fast med b\u00e4ttre betalt<\/p>\n<p>Och Tony han skriver p\u00e5 sin roman<br \/>\nden blir l\u00e4ngre och l\u00e4ngre var dag<br \/>\nOch han klagar f\u00f6r Per<br \/>\nsom \u00e4r sjukpension\u00e4r<br \/>\nsen hans andra njure la av<\/p>\n<p>Och stammisen Siv ber\u00e4ttar sitt liv<br \/>\nf\u00f6r en packad aff\u00e4rsman ikv\u00e4ll<br \/>\nDe delar en drink kallad Ensamhet<br \/>\nmen det \u00e4r b\u00e4ttre<br \/>\n\u00e4n att dricka den sj\u00e4lv<\/p>\n<p>Spela en s\u00e5ng som vi h\u00f6rt f\u00f6rut<br \/>\nsjung en refr\u00e4ng som vi kan<br \/>\nDu vet hur man g\u00f6r<br \/>\nmed tangenterna<br \/>\nf\u00f6r att lindra en sorg litegrann<\/p>\n<p>Det \u00e4r bra med folk f\u00f6r en l\u00f6rdagkv\u00e4ll<br \/>\nkr\u00f6garen ler och s\u00e4ger hej<br \/>\nF\u00f6r han vet vem det \u00e4r<br \/>\nde har kommit f\u00f6r att se<br \/>\noch en dag ska han skryta om mig<\/p>\n<p>Och pianot det l\u00e5ter som en karneval<br \/>\noch micken den stinker av sprit<br \/>\nOch snart v\u00e4lter v\u00e5r bar<br \/>\nmen jag ger allt jag har<br \/>\nf\u00f6r alla som har kommit hit<\/p>\n<p>Spela en s\u00e5ng\u2026<\/p>\n<p><em>\u00a9 2010 Universal Music AB<\/em><\/p>\n<p><a title=\"Euforia \u2013 Helen Sj\u00f6holm sjunger Billy Joel\" href=\"https:\/\/helensjoholm.nu\/_eng\/2006-2010\/euforia-helen-sjoholm-sjunger-billy-joel\/\">Back<\/a><\/p>\n","protected":false},"excerpt":{"rendered":"<p>Original title: Piano Man Music &amp; lyrics: Billy Joel Sw. interpretation: Tomas Andersson Wij Hon \u00e4r fem \u00f6ver nio en l\u00f6rdagkv\u00e4ll och en efter en <a class=\"more-link\" href=\"https:\/\/helensjoholm.nu\/_eng\/2006-2010\/euforia-helen-sjoholm-sjunger-billy-joel\/lyrics-barpianisten\/\">Read More &#8230;<\/a><\/p>\n","protected":false},"author":1,"featured_media":0,"parent":2215,"menu_order":0,"comment_status":"closed","ping_status":"closed","template":"","meta":{"ngg_post_thumbnail":0,"footnotes":""},"class_list":["post-2247","page","type-page","status-publish","hentry"],"aioseo_notices":[],"_links":{"self":[{"href":"https:\/\/helensjoholm.nu\/_eng\/wp-json\/wp\/v2\/pages\/2247","targetHints":{"allow":["GET"]}}],"collection":[{"href":"https:\/\/helensjoholm.nu\/_eng\/wp-json\/wp\/v2\/pages"}],"about":[{"href":"https:\/\/helensjoholm.nu\/_eng\/wp-json\/wp\/v2\/types\/page"}],"author":[{"embeddable":true,"href":"https:\/\/helensjoholm.nu\/_eng\/wp-json\/wp\/v2\/users\/1"}],"replies":[{"embeddable":true,"href":"https:\/\/helensjoholm.nu\/_eng\/wp-json\/wp\/v2\/comments?post=2247"}],"version-history":[{"count":0,"href":"https:\/\/helensjoholm.nu\/_eng\/wp-json\/wp\/v2\/pages\/2247\/revisions"}],"up":[{"embeddable":true,"href":"https:\/\/helensjoholm.nu\/_eng\/wp-json\/wp\/v2\/pages\/2215"}],"wp:attachment":[{"href":"https:\/\/helensjoholm.nu\/_eng\/wp-json\/wp\/v2\/media?parent=2247"}],"curies":[{"name":"wp","href":"https:\/\/api.w.org\/{rel}","templated":true}]}}