{"id":2242,"date":"2013-05-20T20:59:24","date_gmt":"2013-05-20T18:59:24","guid":{"rendered":"http:\/\/helensjoholm.nu\/_eng\/?page_id=2242"},"modified":"2022-05-15T18:50:01","modified_gmt":"2022-05-15T16:50:01","slug":"flodens-botten","status":"publish","type":"page","link":"https:\/\/helensjoholm.nu\/_eng\/2006-2010\/euforia-helen-sjoholm-sjunger-billy-joel\/flodens-botten\/","title":{"rendered":"Flodens botten"},"content":{"rendered":"<p><strong>Original title: <\/strong>The River of Dreams<br \/>\n<strong>Music &amp; lyrics:<\/strong> Billy Joel<br \/>\n<strong>Sw. interpretation:<\/strong> Tomas Andersson Wij<\/p>\n<p>Under stj\u00e4rnorna i natt<br \/>\ng\u00e5r jag hela v\u00e4gen ner<br \/>\nFr\u00e5n det h\u00f6gsta av berg<br \/>\ntill floden jag ser<br \/>\nOch n\u00e4r jag dyker fr\u00e5n stranden<br \/>\n\u00e4r jag blind men min hand<br \/>\nDen s\u00f6ker \u00e5t mig<br \/>\nefter det som f\u00f6rsvann<\/p>\n<p>\u00c4ven om jag vet att floden \u00e4r djup<br \/>\ng\u00e5r jag dit om n\u00e4tterna<br \/>\noch st\u00e5r d\u00e4r ett tag<br \/>\nOch en dag ska jag n\u00e5 \u00e4nda ner<br \/>\nner till flodens botten p\u00e5 ett andetag<\/p>\n<p>Under stj\u00e4rnorna i natt<br \/>\ng\u00e5r jag hela v\u00e4gen ner<br \/>\nFr\u00e5n det h\u00f6gsta av berg<br \/>\ntill floden jag ser<br \/>\nOch jag dyker fr\u00e5n stranden<br \/>\nefter s\u00e5nt som jag mist<br \/>\nEfter allt jag f\u00f6rsummat<br \/>\nsom hann ifatt mig till sist7<\/p>\n<p>\u00c4ven om jag vet att floden \u00e4r djup<br \/>\ng\u00e5r jag dit om n\u00e4tterna<br \/>\noch st\u00e5r d\u00e4r ett tag<br \/>\nOch en dag ska jag n\u00e5 \u00e4nda ner<br \/>\nner till flodens botten p\u00e5 ett andetag<\/p>\n<p>Under stj\u00e4rnorna i natt<br \/>\ng\u00e5r jag hela v\u00e4gen ner<br \/>\nGenom tvivlarnas skog<br \/>\noch vi blir bara fler<br \/>\nJa, det \u00e4r n\u00e5nting vi s\u00f6ker<br \/>\nsom inte orden r\u00e5r p\u00e5<br \/>\nOch som flyr undan ljuset<br \/>\nsom inte g\u00e5r att f\u00f6rst\u00e5<br \/>\nunder stj\u00e4rnorna i natt<\/p>\n<p>\u00c4ven om jag vet att floden \u00e4r djup<br \/>\ng\u00e5r jag dit om n\u00e4tterna<br \/>\noch st\u00e5r d\u00e4r ett tag<br \/>\nOch en dag ska jag n\u00e5 \u00e4nda ner<br \/>\nner till flodens botten p\u00e5 ett andetag<\/p>\n<p>Under stj\u00e4rnorna i natt<br \/>\ng\u00e5r jag hela v\u00e4gen ner<br \/>\nGenom suckarnas dal<br \/>\ntill det vatten jag ser<br \/>\nVi kommer alla ur floden<br \/>\noch alla slutar vi d\u00e4r<br \/>\nVi f\u00e4rdas med str\u00f6mmen<br \/>\nden lilla tid vi \u00e4r h\u00e4r<br \/>\nunder stj\u00e4rnorna i natt<\/p>\n<p><em>\u00a9 2010 Universal Music AB<\/em><\/p>\n<p><a title=\"Euforia \u2013 Helen Sj\u00f6holm sjunger Billy Joel\" href=\"https:\/\/helensjoholm.nu\/_eng\/2006-2010\/euforia-helen-sjoholm-sjunger-billy-joel\/\">Back<\/a><\/p>\n","protected":false},"excerpt":{"rendered":"<p>Original title: The River of Dreams Music &amp; lyrics: Billy Joel Sw. interpretation: Tomas Andersson Wij Under stj\u00e4rnorna i natt g\u00e5r jag hela v\u00e4gen ner <a class=\"more-link\" href=\"https:\/\/helensjoholm.nu\/_eng\/2006-2010\/euforia-helen-sjoholm-sjunger-billy-joel\/flodens-botten\/\">Read More &#8230;<\/a><\/p>\n","protected":false},"author":1,"featured_media":0,"parent":2215,"menu_order":0,"comment_status":"closed","ping_status":"closed","template":"","meta":{"ngg_post_thumbnail":0,"footnotes":""},"class_list":["post-2242","page","type-page","status-publish","hentry"],"aioseo_notices":[],"_links":{"self":[{"href":"https:\/\/helensjoholm.nu\/_eng\/wp-json\/wp\/v2\/pages\/2242","targetHints":{"allow":["GET"]}}],"collection":[{"href":"https:\/\/helensjoholm.nu\/_eng\/wp-json\/wp\/v2\/pages"}],"about":[{"href":"https:\/\/helensjoholm.nu\/_eng\/wp-json\/wp\/v2\/types\/page"}],"author":[{"embeddable":true,"href":"https:\/\/helensjoholm.nu\/_eng\/wp-json\/wp\/v2\/users\/1"}],"replies":[{"embeddable":true,"href":"https:\/\/helensjoholm.nu\/_eng\/wp-json\/wp\/v2\/comments?post=2242"}],"version-history":[{"count":0,"href":"https:\/\/helensjoholm.nu\/_eng\/wp-json\/wp\/v2\/pages\/2242\/revisions"}],"up":[{"embeddable":true,"href":"https:\/\/helensjoholm.nu\/_eng\/wp-json\/wp\/v2\/pages\/2215"}],"wp:attachment":[{"href":"https:\/\/helensjoholm.nu\/_eng\/wp-json\/wp\/v2\/media?parent=2242"}],"curies":[{"name":"wp","href":"https:\/\/api.w.org\/{rel}","templated":true}]}}